{"id":1228,"date":"2022-10-26T21:33:30","date_gmt":"2022-10-26T14:33:30","guid":{"rendered":"https:\/\/demo.shinyi.vn\/introduce\/dinh-huong-phat-trien\/"},"modified":"2022-11-20T15:37:59","modified_gmt":"2022-11-20T08:37:59","slug":"dinh-huong-phat-trien","status":"publish","type":"page","link":"https:\/\/shinyi.vn\/en\/introduce\/dinh-huong-phat-trien\/","title":{"rendered":"Oriented development"},"content":{"rendered":"\t<div id=\"gap-2080500438\" class=\"gap-element clearfix\" style=\"display:block; height:auto;\">\r\n\t\t\n<style>\n#gap-2080500438 {\n  padding-top: 30px;\n}\n<\/style>\n\t<\/div>\r\n\t\n\t<div id=\"text-3780824378\" class=\"text section-heading\">\r\n\t\t\n<h2>OVERVIEW<\/h2>\n\t\t\n<style>\n#text-3780824378 {\n  text-align: center;\n}\n<\/style>\n\t<\/div>\r\n\t\n\t<section class=\"section\" id=\"section_1257893435\">\r\n\t\t<div class=\"bg section-bg fill bg-fill  bg-loaded\" >\r\n\r\n\t\t\t\r\n\t\t\t\r\n\t\t\t\r\n\r\n\t\t<\/div>\r\n\r\n\t\t\r\n\r\n\t\t<div class=\"section-content relative\">\r\n\t\t\t\n<div class=\"row\"  id=\"row-1632865455\">\n\r\n\t<div id=\"col-365244043\" class=\"col small-12 large-12\"  data-animate=\"fadeInUp\">\r\n\t\t\t\t<div class=\"col-inner\"  >\r\n\t\t\t\r\n\t\t\t\n<p>\u201cContinue to build and develop the Company, turning Van Shin Yi Joint Stock Company into a strong enterprise in production, creativity in design, taking construction quality as a measure for stable and sustainable development. of the company. Maintaining and developing services and products is considered the strength of the business. Absorbing and learning new trends in new design in construction creates potential developments to serve more customers.\u201d<\/p>\n\t\t<\/div>\r\n\t\t\t\t\t<\/div>\r\n\r\n\t\n<\/div>\n\t\t<\/div>\r\n\r\n\t\t\n<style>\n#section_1257893435 {\n  padding-top: 0px;\n  padding-bottom: 0px;\n}\n#section_1257893435 .ux-shape-divider--top svg {\n  height: 150px;\n  --divider-top-width: 100%;\n}\n#section_1257893435 .ux-shape-divider--bottom svg {\n  height: 150px;\n  --divider-width: 100%;\n}\n<\/style>\n\t<\/section>\r\n\t\n\t<section class=\"section\" id=\"section_847226625\">\r\n\t\t<div class=\"bg section-bg fill bg-fill  \" >\r\n\r\n\t\t\t\r\n\t\t\t\r\n\t\t\t\r\n\r\n\t\t<\/div>\r\n\r\n\t\t\r\n\r\n\t\t<div class=\"section-content relative\">\r\n\t\t\t\n<div class=\"row align-middle\"  id=\"row-154525448\">\n\r\n\t<div id=\"col-349380878\" class=\"col col-mission-content medium-6 small-12 large-6\"  data-animate=\"fadeInLeft\">\r\n\t\t\t\t<div class=\"col-inner\"  >\r\n\t\t\t\r\n\t\t\t\n\t<div id=\"text-2660576584\" class=\"text yellow-color\">\r\n\t\t\n<h2>Far-reaching vision<\/h2>\n\t\t\t<\/div>\r\n\t\n\t<div id=\"text-1146840558\" class=\"text\">\r\n\t\t\n<ul>\n<li>Restructuring the organization, looking for individuals who are good at all subjects in order to build a stable and professional framework.<\/li>\n<li>Develop policies on training, fostering and retaining good employees in order to stabilize the organization.<\/li>\n<li>Establishing relationships with major investors to participate in big projects to affirm the company&#8217;s position in the market.<\/li>\n<li>X\u00e2y d\u1ef1ng th\u01b0\u01a1ng hi\u1ec7u Vi\u1ec7t Nam ch\u1ea5t l\u01b0\u1ee3ng cao v\u00e0 qu\u1ea3ng b\u00e1 h\u00ecnh \u1ea3nh c\u00f4ng ty ra c\u00f4ng ch\u00fang.<\/li>\n<\/ul>\n\t\t\n<style>\n#text-1146840558 {\n  color: rgb(255, 255, 255);\n}\n#text-1146840558 > * {\n  color: rgb(255, 255, 255);\n}\n<\/style>\n\t<\/div>\r\n\t\n\t\t<\/div>\r\n\t\t\t\t\t<\/div>\r\n\r\n\t\n\r\n\t<div id=\"col-1591082781\" class=\"col medium-6 small-12 large-6\"  data-animate=\"fadeInRight\">\r\n\t\t\t\t<div class=\"col-inner\"  >\r\n\t\t\t\r\n\t\t\t\n\t<div class=\"img has-hover x md-x lg-x y md-y lg-y\" id=\"image_301424646\">\r\n\t\t\t\t\t\t\t\t<div class=\"img-inner dark\" >\r\n\t\t\t<img loading=\"lazy\" decoding=\"async\" width=\"678\" height=\"603\" src=\"https:\/\/shinyi.vn\/wp-content\/uploads\/2022\/11\/img-4.png\" class=\"attachment-large size-large\" alt=\"\" srcset=\"https:\/\/shinyi.vn\/wp-content\/uploads\/2022\/11\/img-4.png 678w, https:\/\/shinyi.vn\/wp-content\/uploads\/2022\/11\/img-4-300x267.png 300w\" sizes=\"(max-width: 678px) 100vw, 678px\" \/>\t\t\t\t\t\t\r\n\t\t\t\t\t<\/div>\r\n\t\t\t\t\t\t\t\t\n<style>\n#image_301424646 {\n  width: 100%;\n}\n<\/style>\n\t<\/div>\r\n\t\n\t\t<\/div>\r\n\t\t\t\t\t<\/div>\r\n\r\n\t\n<\/div>\n<div class=\"row align-middle\"  id=\"row-1695042360\">\n\r\n\t<div id=\"col-1563939328\" class=\"col medium-6 small-12 large-6\"  data-animate=\"fadeInLeft\">\r\n\t\t\t\t<div class=\"col-inner\"  >\r\n\t\t\t\r\n\t\t\t\n\t<div class=\"img has-hover x md-x lg-x y md-y lg-y\" id=\"image_212216750\">\r\n\t\t\t\t\t\t\t\t<div class=\"img-inner dark\" >\r\n\t\t\t<img loading=\"lazy\" decoding=\"async\" width=\"678\" height=\"603\" src=\"https:\/\/shinyi.vn\/wp-content\/uploads\/2022\/11\/img-5.png\" class=\"attachment-large size-large\" alt=\"\" srcset=\"https:\/\/shinyi.vn\/wp-content\/uploads\/2022\/11\/img-5.png 678w, https:\/\/shinyi.vn\/wp-content\/uploads\/2022\/11\/img-5-300x267.png 300w\" sizes=\"(max-width: 678px) 100vw, 678px\" \/>\t\t\t\t\t\t\r\n\t\t\t\t\t<\/div>\r\n\t\t\t\t\t\t\t\t\n<style>\n#image_212216750 {\n  width: 100%;\n}\n<\/style>\n\t<\/div>\r\n\t\n\t\t<\/div>\r\n\t\t\t\t\t<\/div>\r\n\r\n\t\n\r\n\t<div id=\"col-1664952355\" class=\"col col-mission-content medium-6 small-12 large-6\"  data-animate=\"fadeInRight\">\r\n\t\t\t\t<div class=\"col-inner\"  >\r\n\t\t\t\r\n\t\t\t\n\t<div id=\"text-4245560527\" class=\"text yellow-color\">\r\n\t\t\n<h2>Development Goals<\/h2>\n\t\t\t<\/div>\r\n\t\n\t<div id=\"text-2860682360\" class=\"text\">\r\n\t\t\n<ul>\n<li>Developing \u201cQuality \u2013 Prestige\u201d is the long-term goal of the Company<\/li>\n<li>Successfully building works in accordance with the &#8220;designer&#8217;s&#8221; mind and in accordance with the wishes of the investor.<\/li>\n<li>Consulting and after-sales service system: Through the staff and the cooperation of the members, the Company has the capacity and conditions to carry out the outreach, consulting and development programs. Declaring service support for customers in provinces\/cities.<\/li>\n<li>Continue to develop the company in the direction of &#8220;Sustainability &#8211; Economy &#8211; Function &#8211; Aesthetics&#8221;, contributing to the modern development of the country.<\/li>\n<\/ul>\n\t\t\n<style>\n#text-2860682360 {\n  color: rgb(255, 255, 255);\n}\n#text-2860682360 > * {\n  color: rgb(255, 255, 255);\n}\n<\/style>\n\t<\/div>\r\n\t\n\t\t<\/div>\r\n\t\t\t\t\t<\/div>\r\n\r\n\t\n<\/div>\n\t\t<\/div>\r\n\r\n\t\t\n<style>\n#section_847226625 {\n  padding-top: 30px;\n  padding-bottom: 30px;\n}\n#section_847226625 .section-bg.bg-loaded {\n  background-image: url(https:\/\/shinyi.vn\/wp-content\/uploads\/2022\/11\/bg-3-1.jpg);\n}\n#section_847226625 .ux-shape-divider--top svg {\n  height: 150px;\n  --divider-top-width: 100%;\n}\n#section_847226625 .ux-shape-divider--bottom svg {\n  height: 150px;\n  --divider-width: 100%;\n}\n<\/style>\n\t<\/section>\r\n\t\n\t<div id=\"gap-1118475822\" class=\"gap-element clearfix\" style=\"display:block; height:auto;\">\r\n\t\t\n<style>\n#gap-1118475822 {\n  padding-top: 30px;\n}\n<\/style>\n\t<\/div>\r\n\t\n\t<section class=\"section\" id=\"section_1579577977\">\r\n\t\t<div class=\"bg section-bg fill bg-fill  bg-loaded\" >\r\n\r\n\t\t\t\r\n\t\t\t\r\n\t\t\t\r\n\r\n\t\t<\/div>\r\n\r\n\t\t\r\n\r\n\t\t<div class=\"section-content relative\">\r\n\t\t\t\n<div class=\"row\"  id=\"row-776787885\">\n\r\n\t<div id=\"col-802354081\" class=\"col small-12 large-12\"  data-animate=\"fadeInUp\">\r\n\t\t\t\t<div class=\"col-inner\"  >\r\n\t\t\t\r\n\t\t\t\n\t<div id=\"text-3523351026\" class=\"text section-heading\">\r\n\t\t\n<h2><span style=\"color: #233f8b;\">CORPORATE STRATEGY<\/span><\/h2>\n\t\t\n<style>\n#text-3523351026 {\n  text-align: center;\n}\n<\/style>\n\t<\/div>\r\n\t\n<p>Based on the wishes and development orientation of the Board of Directors, the Company proposes expansion and development strategies, specifically as follows:<\/p>\n<ul>\n<li>Annual revenue increased from 25% to 35%.<\/li>\n<li>Profits reach from 20% to 40%\/year.<\/li>\n<li>Expanding markets, developing a network of new and potential customers related to the company&#8217;s construction consulting and construction services:<br \/>Strengthen marketing and brand promotion with the goal of consulting services reaching 100% of design capacity. Control and improve the quality of consulting services, construction works, customer services with the goal of reaching over 95% of customers satisfied with the company&#8217;s service quality.<\/li>\n<li>Standardize the Company&#8217;s management system: Build and standardize the system of processes and regulations for effective corporate governance. Applying the Program of Targeted Work Management and Employee Performance Management in order to build and develop a professional staff to meet the Company&#8217;s production and business needs.<\/li>\n<li>Professionalize the team of sales, marketing and consulting services, construction works, customer services.<\/li>\n<\/ul>\n\t\t<\/div>\r\n\t\t\t\t\t<\/div>\r\n\r\n\t\n<\/div>\n\t\t<\/div>\r\n\r\n\t\t\n<style>\n#section_1579577977 {\n  padding-top: 30px;\n  padding-bottom: 30px;\n}\n#section_1579577977 .ux-shape-divider--top svg {\n  height: 150px;\n  --divider-top-width: 100%;\n}\n#section_1579577977 .ux-shape-divider--bottom svg {\n  height: 150px;\n  --divider-width: 100%;\n}\n<\/style>\n\t<\/section>\r\n\t\n","protected":false},"excerpt":{"rendered":"","protected":false},"author":1,"featured_media":0,"parent":1192,"menu_order":0,"comment_status":"closed","ping_status":"closed","template":"page-blank.php","meta":{"footnotes":""},"acf":[],"yoast_head":"<!-- This site is optimized with the Yoast SEO Premium plugin v23.5 (Yoast SEO v23.5) - https:\/\/yoast.com\/wordpress\/plugins\/seo\/ -->\n<title>Oriented development - SHIN YI VALVES CORPORRATION<\/title>\n<meta name=\"robots\" content=\"index, follow, max-snippet:-1, max-image-preview:large, max-video-preview:-1\" \/>\n<link rel=\"canonical\" href=\"https:\/\/shinyi.vn\/en\/introduce\/dinh-huong-phat-trien\/\" \/>\n<meta property=\"og:locale\" content=\"en_US\" \/>\n<meta property=\"og:type\" content=\"article\" \/>\n<meta property=\"og:title\" content=\"Oriented development\" \/>\n<meta property=\"og:url\" content=\"https:\/\/shinyi.vn\/en\/introduce\/dinh-huong-phat-trien\/\" \/>\n<meta property=\"og:site_name\" content=\"C\u00d4NG TY C\u1ed4 PH\u1ea6N VAN SHIN YI\" \/>\n<meta property=\"article:publisher\" content=\"https:\/\/www.facebook.com\/congtycophanvanshinyi\/\" \/>\n<meta property=\"article:modified_time\" content=\"2022-11-20T08:37:59+00:00\" \/>\n<meta property=\"og:image\" content=\"https:\/\/shinyi.vn\/wp-content\/uploads\/2023\/06\/hinh-NV-BGD-SY-scaled.jpg\" \/>\n\t<meta property=\"og:image:width\" content=\"2560\" \/>\n\t<meta property=\"og:image:height\" content=\"1707\" \/>\n\t<meta property=\"og:image:type\" content=\"image\/jpeg\" \/>\n<meta name=\"twitter:card\" content=\"summary_large_image\" \/>\n<meta name=\"twitter:label1\" content=\"Est. reading time\" \/>\n\t<meta name=\"twitter:data1\" content=\"3 minutes\" \/>\n<script type=\"application\/ld+json\" class=\"yoast-schema-graph\">{\"@context\":\"https:\/\/schema.org\",\"@graph\":[{\"@type\":\"WebPage\",\"@id\":\"https:\/\/shinyi.vn\/en\/introduce\/dinh-huong-phat-trien\/\",\"url\":\"https:\/\/shinyi.vn\/en\/introduce\/dinh-huong-phat-trien\/\",\"name\":\"Oriented development\",\"isPartOf\":{\"@id\":\"https:\/\/shinyi.vn\/en\/#website\"},\"datePublished\":\"2022-10-26T14:33:30+00:00\",\"dateModified\":\"2022-11-20T08:37:59+00:00\",\"breadcrumb\":{\"@id\":\"https:\/\/shinyi.vn\/en\/introduce\/dinh-huong-phat-trien\/#breadcrumb\"},\"inLanguage\":\"en-US\",\"potentialAction\":[{\"@type\":\"ReadAction\",\"target\":[\"https:\/\/shinyi.vn\/en\/introduce\/dinh-huong-phat-trien\/\"]}]},{\"@type\":\"BreadcrumbList\",\"@id\":\"https:\/\/shinyi.vn\/en\/introduce\/dinh-huong-phat-trien\/#breadcrumb\",\"itemListElement\":[{\"@type\":\"ListItem\",\"position\":1,\"name\":\"Trang ch\u1ee7\",\"item\":\"https:\/\/shinyi.vn\/en\/\"},{\"@type\":\"ListItem\",\"position\":2,\"name\":\"Introduce\",\"item\":\"https:\/\/shinyi.vn\/en\/introduce\/\"},{\"@type\":\"ListItem\",\"position\":3,\"name\":\"Oriented development\"}]},{\"@type\":\"WebSite\",\"@id\":\"https:\/\/shinyi.vn\/en\/#website\",\"url\":\"https:\/\/shinyi.vn\/en\/\",\"name\":\"Van ShinYi\",\"description\":\"\",\"publisher\":{\"@id\":\"https:\/\/shinyi.vn\/en\/#organization\"},\"potentialAction\":[{\"@type\":\"SearchAction\",\"target\":{\"@type\":\"EntryPoint\",\"urlTemplate\":\"https:\/\/shinyi.vn\/en\/?s={search_term_string}\"},\"query-input\":{\"@type\":\"PropertyValueSpecification\",\"valueRequired\":true,\"valueName\":\"search_term_string\"}}],\"inLanguage\":\"en-US\"},{\"@type\":\"Organization\",\"@id\":\"https:\/\/shinyi.vn\/en\/#organization\",\"name\":\"C\u00d4NG TY C\u1ed4 PH\u1ea6N VAN SHIN YI\",\"url\":\"https:\/\/shinyi.vn\/en\/\",\"logo\":{\"@type\":\"ImageObject\",\"inLanguage\":\"en-US\",\"@id\":\"https:\/\/shinyi.vn\/en\/#\/schema\/logo\/image\/\",\"url\":\"https:\/\/shinyi.vn\/wp-content\/uploads\/2023\/09\/logo-937x1024.png\",\"contentUrl\":\"https:\/\/shinyi.vn\/wp-content\/uploads\/2023\/09\/logo-937x1024.png\",\"width\":937,\"height\":1024,\"caption\":\"C\u00d4NG TY C\u1ed4 PH\u1ea6N VAN SHIN YI\"},\"image\":{\"@id\":\"https:\/\/shinyi.vn\/en\/#\/schema\/logo\/image\/\"},\"sameAs\":[\"https:\/\/www.facebook.com\/congtycophanvanshinyi\/\",\"https:\/\/www.tiktok.com\/@cng.ty.c.phn.van\",\"https:\/\/www.youtube.com\/channel\/UCU6CBGdNHg3aSh8zzJBzp-g\"]}]}<\/script>\n<!-- \/ Yoast SEO Premium plugin. -->","yoast_head_json":{"title":"Oriented development - SHIN YI VALVES CORPORRATION","robots":{"index":"index","follow":"follow","max-snippet":"max-snippet:-1","max-image-preview":"max-image-preview:large","max-video-preview":"max-video-preview:-1"},"canonical":"https:\/\/shinyi.vn\/en\/introduce\/dinh-huong-phat-trien\/","og_locale":"en_US","og_type":"article","og_title":"Oriented development","og_url":"https:\/\/shinyi.vn\/en\/introduce\/dinh-huong-phat-trien\/","og_site_name":"C\u00d4NG TY C\u1ed4 PH\u1ea6N VAN SHIN YI","article_publisher":"https:\/\/www.facebook.com\/congtycophanvanshinyi\/","article_modified_time":"2022-11-20T08:37:59+00:00","og_image":[{"width":2560,"height":1707,"url":"https:\/\/shinyi.vn\/wp-content\/uploads\/2023\/06\/hinh-NV-BGD-SY-scaled.jpg","type":"image\/jpeg"}],"twitter_card":"summary_large_image","twitter_misc":{"Est. reading time":"3 minutes"},"schema":{"@context":"https:\/\/schema.org","@graph":[{"@type":"WebPage","@id":"https:\/\/shinyi.vn\/en\/introduce\/dinh-huong-phat-trien\/","url":"https:\/\/shinyi.vn\/en\/introduce\/dinh-huong-phat-trien\/","name":"Oriented development","isPartOf":{"@id":"https:\/\/shinyi.vn\/en\/#website"},"datePublished":"2022-10-26T14:33:30+00:00","dateModified":"2022-11-20T08:37:59+00:00","breadcrumb":{"@id":"https:\/\/shinyi.vn\/en\/introduce\/dinh-huong-phat-trien\/#breadcrumb"},"inLanguage":"en-US","potentialAction":[{"@type":"ReadAction","target":["https:\/\/shinyi.vn\/en\/introduce\/dinh-huong-phat-trien\/"]}]},{"@type":"BreadcrumbList","@id":"https:\/\/shinyi.vn\/en\/introduce\/dinh-huong-phat-trien\/#breadcrumb","itemListElement":[{"@type":"ListItem","position":1,"name":"Trang ch\u1ee7","item":"https:\/\/shinyi.vn\/en\/"},{"@type":"ListItem","position":2,"name":"Introduce","item":"https:\/\/shinyi.vn\/en\/introduce\/"},{"@type":"ListItem","position":3,"name":"Oriented development"}]},{"@type":"WebSite","@id":"https:\/\/shinyi.vn\/en\/#website","url":"https:\/\/shinyi.vn\/en\/","name":"Van ShinYi","description":"","publisher":{"@id":"https:\/\/shinyi.vn\/en\/#organization"},"potentialAction":[{"@type":"SearchAction","target":{"@type":"EntryPoint","urlTemplate":"https:\/\/shinyi.vn\/en\/?s={search_term_string}"},"query-input":{"@type":"PropertyValueSpecification","valueRequired":true,"valueName":"search_term_string"}}],"inLanguage":"en-US"},{"@type":"Organization","@id":"https:\/\/shinyi.vn\/en\/#organization","name":"C\u00d4NG TY C\u1ed4 PH\u1ea6N VAN SHIN YI","url":"https:\/\/shinyi.vn\/en\/","logo":{"@type":"ImageObject","inLanguage":"en-US","@id":"https:\/\/shinyi.vn\/en\/#\/schema\/logo\/image\/","url":"https:\/\/shinyi.vn\/wp-content\/uploads\/2023\/09\/logo-937x1024.png","contentUrl":"https:\/\/shinyi.vn\/wp-content\/uploads\/2023\/09\/logo-937x1024.png","width":937,"height":1024,"caption":"C\u00d4NG TY C\u1ed4 PH\u1ea6N VAN SHIN YI"},"image":{"@id":"https:\/\/shinyi.vn\/en\/#\/schema\/logo\/image\/"},"sameAs":["https:\/\/www.facebook.com\/congtycophanvanshinyi\/","https:\/\/www.tiktok.com\/@cng.ty.c.phn.van","https:\/\/www.youtube.com\/channel\/UCU6CBGdNHg3aSh8zzJBzp-g"]}]}},"_links":{"self":[{"href":"https:\/\/shinyi.vn\/en\/wp-json\/wp\/v2\/pages\/1228"}],"collection":[{"href":"https:\/\/shinyi.vn\/en\/wp-json\/wp\/v2\/pages"}],"about":[{"href":"https:\/\/shinyi.vn\/en\/wp-json\/wp\/v2\/types\/page"}],"author":[{"embeddable":true,"href":"https:\/\/shinyi.vn\/en\/wp-json\/wp\/v2\/users\/1"}],"replies":[{"embeddable":true,"href":"https:\/\/shinyi.vn\/en\/wp-json\/wp\/v2\/comments?post=1228"}],"version-history":[{"count":5,"href":"https:\/\/shinyi.vn\/en\/wp-json\/wp\/v2\/pages\/1228\/revisions"}],"predecessor-version":[{"id":1282,"href":"https:\/\/shinyi.vn\/en\/wp-json\/wp\/v2\/pages\/1228\/revisions\/1282"}],"up":[{"embeddable":true,"href":"https:\/\/shinyi.vn\/en\/wp-json\/wp\/v2\/pages\/1192"}],"wp:attachment":[{"href":"https:\/\/shinyi.vn\/en\/wp-json\/wp\/v2\/media?parent=1228"}],"curies":[{"name":"wp","href":"https:\/\/api.w.org\/{rel}","templated":true}]}}