{"id":543,"date":"2022-11-06T16:05:37","date_gmt":"2022-11-06T09:05:37","guid":{"rendered":"http:\/\/localhost\/shinyi.vn\/san-pham\/van-mot-chieu-la-lat\/"},"modified":"2023-10-16T13:08:01","modified_gmt":"2023-10-16T06:08:01","slug":"van-mot-chieu-la-lat","status":"publish","type":"product","link":"https:\/\/shinyi.vn\/en\/san-pham\/van-mot-chieu-la-lat\/","title":{"rendered":"VAN M\u1ed8T CHI\u1ec0U L\u00c1 L\u1eacT- RUBBER DISC CHECK VALVE"},"excerpt":{"rendered":"<p>Van m\u1ed9t chi\u1ec1u l\u00e1 l\u1eadt d\u00f9ng \u0111\u1ec3 ng\u0103n d\u00f2ng ch\u1ea3y ng\u01b0\u1ee3c, l\u00e0 van nghi\u00eang 45\u00b0 n\u00ean \u0111\u00f3ng m\u1edf r\u1ea5t nhanh, gi\u1ea3m t\u1ed1i thi\u1ec3u s\u1ef1 va \u0111\u1eadp c\u1ee7a d\u00f2ng ch\u1ea3y.<\/p>\n","protected":false},"featured_media":1486,"template":"","meta":[],"product_category":[13],"acf":[],"yoast_head":"<!-- This site is optimized with the Yoast SEO Premium plugin v23.5 (Yoast SEO v23.5) - https:\/\/yoast.com\/wordpress\/plugins\/seo\/ -->\n<title>VAN M\u1ed8T CHI\u1ec0U L\u00c1 L\u1eacT- RUBBER DISC CHECK VALVE - SHIN YI VALVES CORPORRATION<\/title>\n<meta name=\"description\" content=\"Van m\u1ed9t chi\u1ec1u l\u00e1 l\u1eadt d\u00f9ng \u0111\u1ec3 ng\u0103n d\u00f2ng ch\u1ea3y ng\u01b0\u1ee3c, l\u00e0 van nghi\u00eang 45\u00b0 n\u00ean \u0111\u00f3ng m\u1edf r\u1ea5t nhanh, gi\u1ea3m t\u1ed1i thi\u1ec3u s\u1ef1 va \u0111\u1eadp c\u1ee7a d\u00f2ng ch\u1ea3y.\" \/>\n<meta name=\"robots\" content=\"index, follow, max-snippet:-1, max-image-preview:large, max-video-preview:-1\" \/>\n<link rel=\"canonical\" href=\"https:\/\/shinyi.vn\/en\/san-pham\/van-mot-chieu-la-lat\/\" \/>\n<meta property=\"og:locale\" content=\"en_US\" \/>\n<meta property=\"og:type\" content=\"article\" \/>\n<meta property=\"og:title\" content=\"VAN M\u1ed8T CHI\u1ec0U L\u00c1 L\u1eacT- RUBBER DISC CHECK VALVE\" \/>\n<meta property=\"og:description\" content=\"Van m\u1ed9t chi\u1ec1u l\u00e1 l\u1eadt d\u00f9ng \u0111\u1ec3 ng\u0103n d\u00f2ng ch\u1ea3y ng\u01b0\u1ee3c, l\u00e0 van nghi\u00eang 45\u00b0 n\u00ean \u0111\u00f3ng m\u1edf r\u1ea5t nhanh, gi\u1ea3m t\u1ed1i thi\u1ec3u s\u1ef1 va \u0111\u1eadp c\u1ee7a d\u00f2ng ch\u1ea3y.\" \/>\n<meta property=\"og:url\" content=\"https:\/\/shinyi.vn\/en\/san-pham\/van-mot-chieu-la-lat\/\" \/>\n<meta property=\"og:site_name\" content=\"C\u00d4NG TY C\u1ed4 PH\u1ea6N VAN SHIN YI\" \/>\n<meta property=\"article:publisher\" content=\"https:\/\/www.facebook.com\/congtycophanvanshinyi\/\" \/>\n<meta property=\"article:modified_time\" content=\"2023-10-16T06:08:01+00:00\" \/>\n<meta property=\"og:image\" content=\"https:\/\/shinyi.vn\/wp-content\/uploads\/2022\/11\/10-1.png\" \/>\n\t<meta property=\"og:image:width\" content=\"900\" \/>\n\t<meta property=\"og:image:height\" content=\"900\" \/>\n\t<meta property=\"og:image:type\" content=\"image\/png\" \/>\n<meta name=\"twitter:card\" content=\"summary_large_image\" \/>\n<script type=\"application\/ld+json\" class=\"yoast-schema-graph\">{\"@context\":\"https:\/\/schema.org\",\"@graph\":[{\"@type\":\"WebPage\",\"@id\":\"https:\/\/shinyi.vn\/en\/san-pham\/van-mot-chieu-la-lat\/\",\"url\":\"https:\/\/shinyi.vn\/en\/san-pham\/van-mot-chieu-la-lat\/\",\"name\":\"VAN M\u1ed8T CHI\u1ec0U L\u00c1 L\u1eacT- RUBBER DISC CHECK VALVE\",\"isPartOf\":{\"@id\":\"https:\/\/shinyi.vn\/en\/#website\"},\"primaryImageOfPage\":{\"@id\":\"https:\/\/shinyi.vn\/en\/san-pham\/van-mot-chieu-la-lat\/#primaryimage\"},\"image\":{\"@id\":\"https:\/\/shinyi.vn\/en\/san-pham\/van-mot-chieu-la-lat\/#primaryimage\"},\"thumbnailUrl\":\"https:\/\/shinyi.vn\/wp-content\/uploads\/2022\/11\/10-1.png\",\"datePublished\":\"2022-11-06T09:05:37+00:00\",\"dateModified\":\"2023-10-16T06:08:01+00:00\",\"description\":\"Van m\u1ed9t chi\u1ec1u l\u00e1 l\u1eadt d\u00f9ng \u0111\u1ec3 ng\u0103n d\u00f2ng ch\u1ea3y ng\u01b0\u1ee3c, l\u00e0 van nghi\u00eang 45\u00b0 n\u00ean \u0111\u00f3ng m\u1edf r\u1ea5t nhanh, gi\u1ea3m t\u1ed1i thi\u1ec3u s\u1ef1 va \u0111\u1eadp c\u1ee7a d\u00f2ng ch\u1ea3y.\",\"breadcrumb\":{\"@id\":\"https:\/\/shinyi.vn\/en\/san-pham\/van-mot-chieu-la-lat\/#breadcrumb\"},\"inLanguage\":\"en-US\",\"potentialAction\":[{\"@type\":\"ReadAction\",\"target\":[\"https:\/\/shinyi.vn\/en\/san-pham\/van-mot-chieu-la-lat\/\"]}]},{\"@type\":\"ImageObject\",\"inLanguage\":\"en-US\",\"@id\":\"https:\/\/shinyi.vn\/en\/san-pham\/van-mot-chieu-la-lat\/#primaryimage\",\"url\":\"https:\/\/shinyi.vn\/wp-content\/uploads\/2022\/11\/10-1.png\",\"contentUrl\":\"https:\/\/shinyi.vn\/wp-content\/uploads\/2022\/11\/10-1.png\",\"width\":900,\"height\":900},{\"@type\":\"BreadcrumbList\",\"@id\":\"https:\/\/shinyi.vn\/en\/san-pham\/van-mot-chieu-la-lat\/#breadcrumb\",\"itemListElement\":[{\"@type\":\"ListItem\",\"position\":1,\"name\":\"Trang ch\u1ee7\",\"item\":\"https:\/\/shinyi.vn\/en\/\"},{\"@type\":\"ListItem\",\"position\":2,\"name\":\"VAN M\u1ed8T CHI\u1ec0U L\u00c1 L\u1eacT- RUBBER DISC CHECK VALVE\"}]},{\"@type\":\"WebSite\",\"@id\":\"https:\/\/shinyi.vn\/en\/#website\",\"url\":\"https:\/\/shinyi.vn\/en\/\",\"name\":\"Van ShinYi\",\"description\":\"\",\"publisher\":{\"@id\":\"https:\/\/shinyi.vn\/en\/#organization\"},\"potentialAction\":[{\"@type\":\"SearchAction\",\"target\":{\"@type\":\"EntryPoint\",\"urlTemplate\":\"https:\/\/shinyi.vn\/en\/?s={search_term_string}\"},\"query-input\":{\"@type\":\"PropertyValueSpecification\",\"valueRequired\":true,\"valueName\":\"search_term_string\"}}],\"inLanguage\":\"en-US\"},{\"@type\":\"Organization\",\"@id\":\"https:\/\/shinyi.vn\/en\/#organization\",\"name\":\"C\u00d4NG TY C\u1ed4 PH\u1ea6N VAN SHIN YI\",\"url\":\"https:\/\/shinyi.vn\/en\/\",\"logo\":{\"@type\":\"ImageObject\",\"inLanguage\":\"en-US\",\"@id\":\"https:\/\/shinyi.vn\/en\/#\/schema\/logo\/image\/\",\"url\":\"https:\/\/shinyi.vn\/wp-content\/uploads\/2023\/09\/logo-937x1024.png\",\"contentUrl\":\"https:\/\/shinyi.vn\/wp-content\/uploads\/2023\/09\/logo-937x1024.png\",\"width\":937,\"height\":1024,\"caption\":\"C\u00d4NG TY C\u1ed4 PH\u1ea6N VAN SHIN YI\"},\"image\":{\"@id\":\"https:\/\/shinyi.vn\/en\/#\/schema\/logo\/image\/\"},\"sameAs\":[\"https:\/\/www.facebook.com\/congtycophanvanshinyi\/\",\"https:\/\/www.tiktok.com\/@cng.ty.c.phn.van\",\"https:\/\/www.youtube.com\/channel\/UCU6CBGdNHg3aSh8zzJBzp-g\"]}]}<\/script>\n<!-- \/ Yoast SEO Premium plugin. -->","yoast_head_json":{"title":"VAN M\u1ed8T CHI\u1ec0U L\u00c1 L\u1eacT- RUBBER DISC CHECK VALVE - SHIN YI VALVES CORPORRATION","description":"Van m\u1ed9t chi\u1ec1u l\u00e1 l\u1eadt d\u00f9ng \u0111\u1ec3 ng\u0103n d\u00f2ng ch\u1ea3y ng\u01b0\u1ee3c, l\u00e0 van nghi\u00eang 45\u00b0 n\u00ean \u0111\u00f3ng m\u1edf r\u1ea5t nhanh, gi\u1ea3m t\u1ed1i thi\u1ec3u s\u1ef1 va \u0111\u1eadp c\u1ee7a d\u00f2ng ch\u1ea3y.","robots":{"index":"index","follow":"follow","max-snippet":"max-snippet:-1","max-image-preview":"max-image-preview:large","max-video-preview":"max-video-preview:-1"},"canonical":"https:\/\/shinyi.vn\/en\/san-pham\/van-mot-chieu-la-lat\/","og_locale":"en_US","og_type":"article","og_title":"VAN M\u1ed8T CHI\u1ec0U L\u00c1 L\u1eacT- RUBBER DISC CHECK VALVE","og_description":"Van m\u1ed9t chi\u1ec1u l\u00e1 l\u1eadt d\u00f9ng \u0111\u1ec3 ng\u0103n d\u00f2ng ch\u1ea3y ng\u01b0\u1ee3c, l\u00e0 van nghi\u00eang 45\u00b0 n\u00ean \u0111\u00f3ng m\u1edf r\u1ea5t nhanh, gi\u1ea3m t\u1ed1i thi\u1ec3u s\u1ef1 va \u0111\u1eadp c\u1ee7a d\u00f2ng ch\u1ea3y.","og_url":"https:\/\/shinyi.vn\/en\/san-pham\/van-mot-chieu-la-lat\/","og_site_name":"C\u00d4NG TY C\u1ed4 PH\u1ea6N VAN SHIN YI","article_publisher":"https:\/\/www.facebook.com\/congtycophanvanshinyi\/","article_modified_time":"2023-10-16T06:08:01+00:00","og_image":[{"width":900,"height":900,"url":"https:\/\/shinyi.vn\/wp-content\/uploads\/2022\/11\/10-1.png","type":"image\/png"}],"twitter_card":"summary_large_image","schema":{"@context":"https:\/\/schema.org","@graph":[{"@type":"WebPage","@id":"https:\/\/shinyi.vn\/en\/san-pham\/van-mot-chieu-la-lat\/","url":"https:\/\/shinyi.vn\/en\/san-pham\/van-mot-chieu-la-lat\/","name":"VAN M\u1ed8T CHI\u1ec0U L\u00c1 L\u1eacT- RUBBER DISC CHECK VALVE","isPartOf":{"@id":"https:\/\/shinyi.vn\/en\/#website"},"primaryImageOfPage":{"@id":"https:\/\/shinyi.vn\/en\/san-pham\/van-mot-chieu-la-lat\/#primaryimage"},"image":{"@id":"https:\/\/shinyi.vn\/en\/san-pham\/van-mot-chieu-la-lat\/#primaryimage"},"thumbnailUrl":"https:\/\/shinyi.vn\/wp-content\/uploads\/2022\/11\/10-1.png","datePublished":"2022-11-06T09:05:37+00:00","dateModified":"2023-10-16T06:08:01+00:00","description":"Van m\u1ed9t chi\u1ec1u l\u00e1 l\u1eadt d\u00f9ng \u0111\u1ec3 ng\u0103n d\u00f2ng ch\u1ea3y ng\u01b0\u1ee3c, l\u00e0 van nghi\u00eang 45\u00b0 n\u00ean \u0111\u00f3ng m\u1edf r\u1ea5t nhanh, gi\u1ea3m t\u1ed1i thi\u1ec3u s\u1ef1 va \u0111\u1eadp c\u1ee7a d\u00f2ng ch\u1ea3y.","breadcrumb":{"@id":"https:\/\/shinyi.vn\/en\/san-pham\/van-mot-chieu-la-lat\/#breadcrumb"},"inLanguage":"en-US","potentialAction":[{"@type":"ReadAction","target":["https:\/\/shinyi.vn\/en\/san-pham\/van-mot-chieu-la-lat\/"]}]},{"@type":"ImageObject","inLanguage":"en-US","@id":"https:\/\/shinyi.vn\/en\/san-pham\/van-mot-chieu-la-lat\/#primaryimage","url":"https:\/\/shinyi.vn\/wp-content\/uploads\/2022\/11\/10-1.png","contentUrl":"https:\/\/shinyi.vn\/wp-content\/uploads\/2022\/11\/10-1.png","width":900,"height":900},{"@type":"BreadcrumbList","@id":"https:\/\/shinyi.vn\/en\/san-pham\/van-mot-chieu-la-lat\/#breadcrumb","itemListElement":[{"@type":"ListItem","position":1,"name":"Trang ch\u1ee7","item":"https:\/\/shinyi.vn\/en\/"},{"@type":"ListItem","position":2,"name":"VAN M\u1ed8T CHI\u1ec0U L\u00c1 L\u1eacT- RUBBER DISC CHECK VALVE"}]},{"@type":"WebSite","@id":"https:\/\/shinyi.vn\/en\/#website","url":"https:\/\/shinyi.vn\/en\/","name":"Van ShinYi","description":"","publisher":{"@id":"https:\/\/shinyi.vn\/en\/#organization"},"potentialAction":[{"@type":"SearchAction","target":{"@type":"EntryPoint","urlTemplate":"https:\/\/shinyi.vn\/en\/?s={search_term_string}"},"query-input":{"@type":"PropertyValueSpecification","valueRequired":true,"valueName":"search_term_string"}}],"inLanguage":"en-US"},{"@type":"Organization","@id":"https:\/\/shinyi.vn\/en\/#organization","name":"C\u00d4NG TY C\u1ed4 PH\u1ea6N VAN SHIN YI","url":"https:\/\/shinyi.vn\/en\/","logo":{"@type":"ImageObject","inLanguage":"en-US","@id":"https:\/\/shinyi.vn\/en\/#\/schema\/logo\/image\/","url":"https:\/\/shinyi.vn\/wp-content\/uploads\/2023\/09\/logo-937x1024.png","contentUrl":"https:\/\/shinyi.vn\/wp-content\/uploads\/2023\/09\/logo-937x1024.png","width":937,"height":1024,"caption":"C\u00d4NG TY C\u1ed4 PH\u1ea6N VAN SHIN YI"},"image":{"@id":"https:\/\/shinyi.vn\/en\/#\/schema\/logo\/image\/"},"sameAs":["https:\/\/www.facebook.com\/congtycophanvanshinyi\/","https:\/\/www.tiktok.com\/@cng.ty.c.phn.van","https:\/\/www.youtube.com\/channel\/UCU6CBGdNHg3aSh8zzJBzp-g"]}]}},"_links":{"self":[{"href":"https:\/\/shinyi.vn\/en\/wp-json\/wp\/v2\/product\/543"}],"collection":[{"href":"https:\/\/shinyi.vn\/en\/wp-json\/wp\/v2\/product"}],"about":[{"href":"https:\/\/shinyi.vn\/en\/wp-json\/wp\/v2\/types\/product"}],"wp:featuredmedia":[{"embeddable":true,"href":"https:\/\/shinyi.vn\/en\/wp-json\/wp\/v2\/media\/1486"}],"wp:attachment":[{"href":"https:\/\/shinyi.vn\/en\/wp-json\/wp\/v2\/media?parent=543"}],"wp:term":[{"taxonomy":"product_category","embeddable":true,"href":"https:\/\/shinyi.vn\/en\/wp-json\/wp\/v2\/product_category?post=543"}],"curies":[{"name":"wp","href":"https:\/\/api.w.org\/{rel}","templated":true}]}}