{"id":546,"date":"2022-11-06T16:10:13","date_gmt":"2022-11-06T09:10:13","guid":{"rendered":"http:\/\/localhost\/shinyi.vn\/san-pham\/van-mot-chieu-lo-xo\/"},"modified":"2024-04-29T14:20:28","modified_gmt":"2024-04-29T07:20:28","slug":"van-mot-chieu-lo-xo","status":"publish","type":"product","link":"https:\/\/shinyi.vn\/en\/san-pham\/van-mot-chieu-lo-xo\/","title":{"rendered":"VAN M\u1ed8T CHI\u1ec0U L\u00d2 XO"},"excerpt":{"rendered":"<p>Van m\u1ed9t chi\u1ec1u l\u00f2 xo d\u00f9ng \u0111\u1ec3 ng\u0103n d\u00f2ng ch\u1ea3y ng\u01b0\u1ee3c, b\u1ea3o v\u1ec7 h\u1ec7 th\u1ed1ng \u0111\u01b0\u1eddng \u1ed1ng v\u00e0 m\u00e1y b\u01a1m. \u00cdt g\u00e2y ti\u1ebfng \u1ed3n, c\u01a1 ch\u1ebf \u0111\u00f3ng nh\u1eb9 nh\u00e0ng theo \u00e1p l\u1ef1c n\u01b0\u1edbc.<\/p>\n","protected":false},"featured_media":1488,"template":"","meta":[],"product_category":[13],"acf":[],"yoast_head":"<!-- This site is optimized with the Yoast SEO Premium plugin v23.5 (Yoast SEO v23.5) - https:\/\/yoast.com\/wordpress\/plugins\/seo\/ -->\n<title>VAN M\u1ed8T CHI\u1ec0U L\u00d2 XO - SHIN YI VALVES CORPORRATION<\/title>\n<meta name=\"description\" content=\"T\u00ecm hi\u1ec3u v\u1ec1 VAN SHIN YI M\u1ed8T CHI\u1ec0U v\u00e0 nh\u1eefng \u0111i\u1ec1u th\u00fa v\u1ecb m\u00e0 n\u00f3 mang l\u1ea1i cho b\u1ea1n.\" \/>\n<meta name=\"robots\" content=\"index, follow, max-snippet:-1, max-image-preview:large, max-video-preview:-1\" \/>\n<link rel=\"canonical\" href=\"https:\/\/www.facebook.com\/congtycophanvanshinyi\/\" \/>\n<meta property=\"og:locale\" content=\"en_US\" \/>\n<meta property=\"og:type\" content=\"article\" \/>\n<meta property=\"og:title\" content=\"VAN M\u1ed8T CHI\u1ec0U L\u00d2 XO\" \/>\n<meta property=\"og:description\" content=\"T\u00ecm hi\u1ec3u v\u1ec1 VAN SHIN YI M\u1ed8T CHI\u1ec0U v\u00e0 nh\u1eefng \u0111i\u1ec1u th\u00fa v\u1ecb m\u00e0 n\u00f3 mang l\u1ea1i cho b\u1ea1n.\" \/>\n<meta property=\"og:url\" content=\"https:\/\/www.facebook.com\/congtycophanvanshinyi\" \/>\n<meta property=\"og:site_name\" content=\"C\u00d4NG TY C\u1ed4 PH\u1ea6N VAN SHIN YI\" \/>\n<meta property=\"article:publisher\" content=\"https:\/\/www.facebook.com\/congtycophanvanshinyi\/\" \/>\n<meta property=\"article:modified_time\" content=\"2024-04-29T07:20:28+00:00\" \/>\n<meta property=\"og:image\" content=\"https:\/\/shinyi.vn\/wp-content\/uploads\/2022\/11\/11.png\" \/>\n\t<meta property=\"og:image:width\" content=\"900\" \/>\n\t<meta property=\"og:image:height\" content=\"900\" \/>\n\t<meta property=\"og:image:type\" content=\"image\/png\" \/>\n<meta name=\"twitter:card\" content=\"summary_large_image\" \/>\n<meta name=\"twitter:label1\" content=\"Est. reading time\" \/>\n\t<meta name=\"twitter:data1\" content=\"1 minute\" \/>\n<script type=\"application\/ld+json\" class=\"yoast-schema-graph\">{\"@context\":\"https:\/\/schema.org\",\"@graph\":[{\"@type\":\"WebPage\",\"@id\":\"https:\/\/shinyi.vn\/en\/san-pham\/van-mot-chieu-lo-xo\/\",\"url\":\"https:\/\/www.facebook.com\/congtycophanvanshinyi\",\"name\":\"VAN M\u1ed8T CHI\u1ec0U L\u00d2 XO\",\"isPartOf\":{\"@id\":\"https:\/\/shinyi.vn\/en\/#website\"},\"primaryImageOfPage\":{\"@id\":\"https:\/\/www.facebook.com\/congtycophanvanshinyi#primaryimage\"},\"image\":{\"@id\":\"https:\/\/www.facebook.com\/congtycophanvanshinyi#primaryimage\"},\"thumbnailUrl\":\"https:\/\/shinyi.vn\/wp-content\/uploads\/2022\/11\/11.png\",\"datePublished\":\"2022-11-06T09:10:13+00:00\",\"dateModified\":\"2024-04-29T07:20:28+00:00\",\"description\":\"T\u00ecm hi\u1ec3u v\u1ec1 VAN SHIN YI M\u1ed8T CHI\u1ec0U v\u00e0 nh\u1eefng \u0111i\u1ec1u th\u00fa v\u1ecb m\u00e0 n\u00f3 mang l\u1ea1i cho b\u1ea1n.\",\"breadcrumb\":{\"@id\":\"https:\/\/www.facebook.com\/congtycophanvanshinyi#breadcrumb\"},\"inLanguage\":\"en-US\",\"potentialAction\":[{\"@type\":\"ReadAction\",\"target\":[\"https:\/\/www.facebook.com\/congtycophanvanshinyi\"]}]},{\"@type\":\"ImageObject\",\"inLanguage\":\"en-US\",\"@id\":\"https:\/\/www.facebook.com\/congtycophanvanshinyi#primaryimage\",\"url\":\"https:\/\/shinyi.vn\/wp-content\/uploads\/2022\/11\/11.png\",\"contentUrl\":\"https:\/\/shinyi.vn\/wp-content\/uploads\/2022\/11\/11.png\",\"width\":900,\"height\":900},{\"@type\":\"BreadcrumbList\",\"@id\":\"https:\/\/www.facebook.com\/congtycophanvanshinyi#breadcrumb\",\"itemListElement\":[{\"@type\":\"ListItem\",\"position\":1,\"name\":\"Trang ch\u1ee7\",\"item\":\"https:\/\/shinyi.vn\/en\/\"},{\"@type\":\"ListItem\",\"position\":2,\"name\":\"VAN M\u1ed8T CHI\u1ec0U L\u00d2 XO\"}]},{\"@type\":\"WebSite\",\"@id\":\"https:\/\/shinyi.vn\/en\/#website\",\"url\":\"https:\/\/shinyi.vn\/en\/\",\"name\":\"Van ShinYi\",\"description\":\"\",\"publisher\":{\"@id\":\"https:\/\/shinyi.vn\/en\/#organization\"},\"potentialAction\":[{\"@type\":\"SearchAction\",\"target\":{\"@type\":\"EntryPoint\",\"urlTemplate\":\"https:\/\/shinyi.vn\/en\/?s={search_term_string}\"},\"query-input\":{\"@type\":\"PropertyValueSpecification\",\"valueRequired\":true,\"valueName\":\"search_term_string\"}}],\"inLanguage\":\"en-US\"},{\"@type\":\"Organization\",\"@id\":\"https:\/\/shinyi.vn\/en\/#organization\",\"name\":\"C\u00d4NG TY C\u1ed4 PH\u1ea6N VAN SHIN YI\",\"url\":\"https:\/\/shinyi.vn\/en\/\",\"logo\":{\"@type\":\"ImageObject\",\"inLanguage\":\"en-US\",\"@id\":\"https:\/\/shinyi.vn\/en\/#\/schema\/logo\/image\/\",\"url\":\"https:\/\/shinyi.vn\/wp-content\/uploads\/2023\/09\/logo-937x1024.png\",\"contentUrl\":\"https:\/\/shinyi.vn\/wp-content\/uploads\/2023\/09\/logo-937x1024.png\",\"width\":937,\"height\":1024,\"caption\":\"C\u00d4NG TY C\u1ed4 PH\u1ea6N VAN SHIN YI\"},\"image\":{\"@id\":\"https:\/\/shinyi.vn\/en\/#\/schema\/logo\/image\/\"},\"sameAs\":[\"https:\/\/www.facebook.com\/congtycophanvanshinyi\/\",\"https:\/\/www.tiktok.com\/@cng.ty.c.phn.van\",\"https:\/\/www.youtube.com\/channel\/UCU6CBGdNHg3aSh8zzJBzp-g\"]}]}<\/script>\n<!-- \/ Yoast SEO Premium plugin. -->","yoast_head_json":{"title":"VAN M\u1ed8T CHI\u1ec0U L\u00d2 XO - SHIN YI VALVES CORPORRATION","description":"T\u00ecm hi\u1ec3u v\u1ec1 VAN SHIN YI M\u1ed8T CHI\u1ec0U v\u00e0 nh\u1eefng \u0111i\u1ec1u th\u00fa v\u1ecb m\u00e0 n\u00f3 mang l\u1ea1i cho b\u1ea1n.","robots":{"index":"index","follow":"follow","max-snippet":"max-snippet:-1","max-image-preview":"max-image-preview:large","max-video-preview":"max-video-preview:-1"},"canonical":"https:\/\/www.facebook.com\/congtycophanvanshinyi\/","og_locale":"en_US","og_type":"article","og_title":"VAN M\u1ed8T CHI\u1ec0U L\u00d2 XO","og_description":"T\u00ecm hi\u1ec3u v\u1ec1 VAN SHIN YI M\u1ed8T CHI\u1ec0U v\u00e0 nh\u1eefng \u0111i\u1ec1u th\u00fa v\u1ecb m\u00e0 n\u00f3 mang l\u1ea1i cho b\u1ea1n.","og_url":"https:\/\/www.facebook.com\/congtycophanvanshinyi","og_site_name":"C\u00d4NG TY C\u1ed4 PH\u1ea6N VAN SHIN YI","article_publisher":"https:\/\/www.facebook.com\/congtycophanvanshinyi\/","article_modified_time":"2024-04-29T07:20:28+00:00","og_image":[{"width":900,"height":900,"url":"https:\/\/shinyi.vn\/wp-content\/uploads\/2022\/11\/11.png","type":"image\/png"}],"twitter_card":"summary_large_image","twitter_misc":{"Est. reading time":"1 minute"},"schema":{"@context":"https:\/\/schema.org","@graph":[{"@type":"WebPage","@id":"https:\/\/shinyi.vn\/en\/san-pham\/van-mot-chieu-lo-xo\/","url":"https:\/\/www.facebook.com\/congtycophanvanshinyi","name":"VAN M\u1ed8T CHI\u1ec0U L\u00d2 XO","isPartOf":{"@id":"https:\/\/shinyi.vn\/en\/#website"},"primaryImageOfPage":{"@id":"https:\/\/www.facebook.com\/congtycophanvanshinyi#primaryimage"},"image":{"@id":"https:\/\/www.facebook.com\/congtycophanvanshinyi#primaryimage"},"thumbnailUrl":"https:\/\/shinyi.vn\/wp-content\/uploads\/2022\/11\/11.png","datePublished":"2022-11-06T09:10:13+00:00","dateModified":"2024-04-29T07:20:28+00:00","description":"T\u00ecm hi\u1ec3u v\u1ec1 VAN SHIN YI M\u1ed8T CHI\u1ec0U v\u00e0 nh\u1eefng \u0111i\u1ec1u th\u00fa v\u1ecb m\u00e0 n\u00f3 mang l\u1ea1i cho b\u1ea1n.","breadcrumb":{"@id":"https:\/\/www.facebook.com\/congtycophanvanshinyi#breadcrumb"},"inLanguage":"en-US","potentialAction":[{"@type":"ReadAction","target":["https:\/\/www.facebook.com\/congtycophanvanshinyi"]}]},{"@type":"ImageObject","inLanguage":"en-US","@id":"https:\/\/www.facebook.com\/congtycophanvanshinyi#primaryimage","url":"https:\/\/shinyi.vn\/wp-content\/uploads\/2022\/11\/11.png","contentUrl":"https:\/\/shinyi.vn\/wp-content\/uploads\/2022\/11\/11.png","width":900,"height":900},{"@type":"BreadcrumbList","@id":"https:\/\/www.facebook.com\/congtycophanvanshinyi#breadcrumb","itemListElement":[{"@type":"ListItem","position":1,"name":"Trang ch\u1ee7","item":"https:\/\/shinyi.vn\/en\/"},{"@type":"ListItem","position":2,"name":"VAN M\u1ed8T CHI\u1ec0U L\u00d2 XO"}]},{"@type":"WebSite","@id":"https:\/\/shinyi.vn\/en\/#website","url":"https:\/\/shinyi.vn\/en\/","name":"Van ShinYi","description":"","publisher":{"@id":"https:\/\/shinyi.vn\/en\/#organization"},"potentialAction":[{"@type":"SearchAction","target":{"@type":"EntryPoint","urlTemplate":"https:\/\/shinyi.vn\/en\/?s={search_term_string}"},"query-input":{"@type":"PropertyValueSpecification","valueRequired":true,"valueName":"search_term_string"}}],"inLanguage":"en-US"},{"@type":"Organization","@id":"https:\/\/shinyi.vn\/en\/#organization","name":"C\u00d4NG TY C\u1ed4 PH\u1ea6N VAN SHIN YI","url":"https:\/\/shinyi.vn\/en\/","logo":{"@type":"ImageObject","inLanguage":"en-US","@id":"https:\/\/shinyi.vn\/en\/#\/schema\/logo\/image\/","url":"https:\/\/shinyi.vn\/wp-content\/uploads\/2023\/09\/logo-937x1024.png","contentUrl":"https:\/\/shinyi.vn\/wp-content\/uploads\/2023\/09\/logo-937x1024.png","width":937,"height":1024,"caption":"C\u00d4NG TY C\u1ed4 PH\u1ea6N VAN SHIN YI"},"image":{"@id":"https:\/\/shinyi.vn\/en\/#\/schema\/logo\/image\/"},"sameAs":["https:\/\/www.facebook.com\/congtycophanvanshinyi\/","https:\/\/www.tiktok.com\/@cng.ty.c.phn.van","https:\/\/www.youtube.com\/channel\/UCU6CBGdNHg3aSh8zzJBzp-g"]}]}},"_links":{"self":[{"href":"https:\/\/shinyi.vn\/en\/wp-json\/wp\/v2\/product\/546"}],"collection":[{"href":"https:\/\/shinyi.vn\/en\/wp-json\/wp\/v2\/product"}],"about":[{"href":"https:\/\/shinyi.vn\/en\/wp-json\/wp\/v2\/types\/product"}],"wp:featuredmedia":[{"embeddable":true,"href":"https:\/\/shinyi.vn\/en\/wp-json\/wp\/v2\/media\/1488"}],"wp:attachment":[{"href":"https:\/\/shinyi.vn\/en\/wp-json\/wp\/v2\/media?parent=546"}],"wp:term":[{"taxonomy":"product_category","embeddable":true,"href":"https:\/\/shinyi.vn\/en\/wp-json\/wp\/v2\/product_category?post=546"}],"curies":[{"name":"wp","href":"https:\/\/api.w.org\/{rel}","templated":true}]}}