{"id":547,"date":"2022-11-06T16:10:13","date_gmt":"2022-11-06T09:10:13","guid":{"rendered":"http:\/\/localhost\/shinyi.vn\/san-pham\/van-cong-la-van-boc-cao-su-rrhx\/"},"modified":"2023-11-14T15:25:52","modified_gmt":"2023-11-14T08:25:52","slug":"van-cong-ty-noi","status":"publish","type":"product","link":"https:\/\/shinyi.vn\/en\/san-pham\/van-cong-ty-noi\/","title":{"rendered":"VAN C\u1ed4NG TY N\u1ed4I"},"excerpt":{"rendered":"<p>Van \u0111\u01b0\u1ee3c thi\u1ebft k\u1ebf ti\u00ean ti\u1ebfn, ti\u1ebft ki\u1ec7m l\u1ef1c v\u00e0 d\u1ec5 d\u00e0ng b\u1ea3o tr\u00ec. Th\u00e2n v\u00e0 n\u1eafp van \u0111\u01b0\u1ee3c ch\u1ebf t\u1ea1o t\u1eeb gang c\u1ea7u cao c\u1ea5p, cho kh\u1ea3 n\u0103ng ch\u1ecbu l\u1ef1c t\u1ed1t v\u00e0 \u0111\u1ed9 b\u1ec1n cao.<\/p>\n","protected":false},"featured_media":4015,"template":"","meta":[],"product_category":[11],"acf":[],"yoast_head":"<!-- This site is optimized with the Yoast SEO Premium plugin v23.5 (Yoast SEO v23.5) - https:\/\/yoast.com\/wordpress\/plugins\/seo\/ -->\n<title>VAN C\u1ed4NG TY N\u1ed4I - SHIN YI VALVES CORPORRATION<\/title>\n<meta name=\"description\" content=\"Van \u0111\u01b0\u1ee3c thi\u1ebft k\u1ebf ti\u00ean ti\u1ebfn, ti\u1ebft ki\u1ec7m l\u1ef1c v\u00e0 d\u1ec5 d\u00e0ng b\u1ea3o tr\u00ec. Th\u00e2n v\u00e0 n\u1eafp van \u0111\u01b0\u1ee3c ch\u1ebf t\u1ea1o t\u1eeb gang c\u1ea7u cao c\u1ea5p, cho kh\u1ea3 n\u0103ng ch\u1ecbu l\u1ef1c t\u1ed1t v\u00e0 \u0111\u1ed9 b\u1ec1n cao.\" \/>\n<meta name=\"robots\" content=\"index, follow, max-snippet:-1, max-image-preview:large, max-video-preview:-1\" \/>\n<link rel=\"canonical\" href=\"https:\/\/shinyi.vn\/en\/san-pham\/van-cong-ty-noi\/\" \/>\n<meta property=\"og:locale\" content=\"en_US\" \/>\n<meta property=\"og:type\" content=\"article\" \/>\n<meta property=\"og:title\" content=\"VAN C\u1ed4NG TY N\u1ed4I\" \/>\n<meta property=\"og:description\" content=\"Van \u0111\u01b0\u1ee3c thi\u1ebft k\u1ebf ti\u00ean ti\u1ebfn, ti\u1ebft ki\u1ec7m l\u1ef1c v\u00e0 d\u1ec5 d\u00e0ng b\u1ea3o tr\u00ec. Th\u00e2n v\u00e0 n\u1eafp van \u0111\u01b0\u1ee3c ch\u1ebf t\u1ea1o t\u1eeb gang c\u1ea7u cao c\u1ea5p, cho kh\u1ea3 n\u0103ng ch\u1ecbu l\u1ef1c t\u1ed1t v\u00e0 \u0111\u1ed9 b\u1ec1n cao.\" \/>\n<meta property=\"og:url\" content=\"https:\/\/shinyi.vn\/en\/san-pham\/van-cong-ty-noi\/\" \/>\n<meta property=\"og:site_name\" content=\"C\u00d4NG TY C\u1ed4 PH\u1ea6N VAN SHIN YI\" \/>\n<meta property=\"article:publisher\" content=\"https:\/\/www.facebook.com\/congtycophanvanshinyi\/\" \/>\n<meta property=\"article:modified_time\" content=\"2023-11-14T08:25:52+00:00\" \/>\n<meta property=\"og:image\" content=\"https:\/\/shinyi.vn\/wp-content\/uploads\/2023\/10\/Cong-ty-noi-B-557x1024.png\" \/>\n\t<meta property=\"og:image:width\" content=\"557\" \/>\n\t<meta property=\"og:image:height\" content=\"1024\" \/>\n\t<meta property=\"og:image:type\" content=\"image\/png\" \/>\n<meta name=\"twitter:card\" content=\"summary_large_image\" \/>\n<script type=\"application\/ld+json\" class=\"yoast-schema-graph\">{\"@context\":\"https:\/\/schema.org\",\"@graph\":[{\"@type\":\"WebPage\",\"@id\":\"https:\/\/shinyi.vn\/en\/san-pham\/van-cong-ty-noi\/\",\"url\":\"https:\/\/shinyi.vn\/en\/san-pham\/van-cong-ty-noi\/\",\"name\":\"VAN C\u1ed4NG TY N\u1ed4I\",\"isPartOf\":{\"@id\":\"https:\/\/shinyi.vn\/en\/#website\"},\"primaryImageOfPage\":{\"@id\":\"https:\/\/shinyi.vn\/en\/san-pham\/van-cong-ty-noi\/#primaryimage\"},\"image\":{\"@id\":\"https:\/\/shinyi.vn\/en\/san-pham\/van-cong-ty-noi\/#primaryimage\"},\"thumbnailUrl\":\"https:\/\/shinyi.vn\/wp-content\/uploads\/2023\/10\/Cong-ty-noi-B.png\",\"datePublished\":\"2022-11-06T09:10:13+00:00\",\"dateModified\":\"2023-11-14T08:25:52+00:00\",\"description\":\"Van \u0111\u01b0\u1ee3c thi\u1ebft k\u1ebf ti\u00ean ti\u1ebfn, ti\u1ebft ki\u1ec7m l\u1ef1c v\u00e0 d\u1ec5 d\u00e0ng b\u1ea3o tr\u00ec. Th\u00e2n v\u00e0 n\u1eafp van \u0111\u01b0\u1ee3c ch\u1ebf t\u1ea1o t\u1eeb gang c\u1ea7u cao c\u1ea5p, cho kh\u1ea3 n\u0103ng ch\u1ecbu l\u1ef1c t\u1ed1t v\u00e0 \u0111\u1ed9 b\u1ec1n cao.\",\"breadcrumb\":{\"@id\":\"https:\/\/shinyi.vn\/en\/san-pham\/van-cong-ty-noi\/#breadcrumb\"},\"inLanguage\":\"en-US\",\"potentialAction\":[{\"@type\":\"ReadAction\",\"target\":[\"https:\/\/shinyi.vn\/en\/san-pham\/van-cong-ty-noi\/\"]}]},{\"@type\":\"ImageObject\",\"inLanguage\":\"en-US\",\"@id\":\"https:\/\/shinyi.vn\/en\/san-pham\/van-cong-ty-noi\/#primaryimage\",\"url\":\"https:\/\/shinyi.vn\/wp-content\/uploads\/2023\/10\/Cong-ty-noi-B.png\",\"contentUrl\":\"https:\/\/shinyi.vn\/wp-content\/uploads\/2023\/10\/Cong-ty-noi-B.png\",\"width\":2880,\"height\":5296},{\"@type\":\"BreadcrumbList\",\"@id\":\"https:\/\/shinyi.vn\/en\/san-pham\/van-cong-ty-noi\/#breadcrumb\",\"itemListElement\":[{\"@type\":\"ListItem\",\"position\":1,\"name\":\"Trang ch\u1ee7\",\"item\":\"https:\/\/shinyi.vn\/en\/\"},{\"@type\":\"ListItem\",\"position\":2,\"name\":\"VAN C\u1ed4NG TY N\u1ed4I\"}]},{\"@type\":\"WebSite\",\"@id\":\"https:\/\/shinyi.vn\/en\/#website\",\"url\":\"https:\/\/shinyi.vn\/en\/\",\"name\":\"Van ShinYi\",\"description\":\"\",\"publisher\":{\"@id\":\"https:\/\/shinyi.vn\/en\/#organization\"},\"potentialAction\":[{\"@type\":\"SearchAction\",\"target\":{\"@type\":\"EntryPoint\",\"urlTemplate\":\"https:\/\/shinyi.vn\/en\/?s={search_term_string}\"},\"query-input\":{\"@type\":\"PropertyValueSpecification\",\"valueRequired\":true,\"valueName\":\"search_term_string\"}}],\"inLanguage\":\"en-US\"},{\"@type\":\"Organization\",\"@id\":\"https:\/\/shinyi.vn\/en\/#organization\",\"name\":\"C\u00d4NG TY C\u1ed4 PH\u1ea6N VAN SHIN YI\",\"url\":\"https:\/\/shinyi.vn\/en\/\",\"logo\":{\"@type\":\"ImageObject\",\"inLanguage\":\"en-US\",\"@id\":\"https:\/\/shinyi.vn\/en\/#\/schema\/logo\/image\/\",\"url\":\"https:\/\/shinyi.vn\/wp-content\/uploads\/2023\/09\/logo-937x1024.png\",\"contentUrl\":\"https:\/\/shinyi.vn\/wp-content\/uploads\/2023\/09\/logo-937x1024.png\",\"width\":937,\"height\":1024,\"caption\":\"C\u00d4NG TY C\u1ed4 PH\u1ea6N VAN SHIN YI\"},\"image\":{\"@id\":\"https:\/\/shinyi.vn\/en\/#\/schema\/logo\/image\/\"},\"sameAs\":[\"https:\/\/www.facebook.com\/congtycophanvanshinyi\/\",\"https:\/\/www.tiktok.com\/@cng.ty.c.phn.van\",\"https:\/\/www.youtube.com\/channel\/UCU6CBGdNHg3aSh8zzJBzp-g\"]}]}<\/script>\n<!-- \/ Yoast SEO Premium plugin. -->","yoast_head_json":{"title":"VAN C\u1ed4NG TY N\u1ed4I - SHIN YI VALVES CORPORRATION","description":"Van \u0111\u01b0\u1ee3c thi\u1ebft k\u1ebf ti\u00ean ti\u1ebfn, ti\u1ebft ki\u1ec7m l\u1ef1c v\u00e0 d\u1ec5 d\u00e0ng b\u1ea3o tr\u00ec. Th\u00e2n v\u00e0 n\u1eafp van \u0111\u01b0\u1ee3c ch\u1ebf t\u1ea1o t\u1eeb gang c\u1ea7u cao c\u1ea5p, cho kh\u1ea3 n\u0103ng ch\u1ecbu l\u1ef1c t\u1ed1t v\u00e0 \u0111\u1ed9 b\u1ec1n cao.","robots":{"index":"index","follow":"follow","max-snippet":"max-snippet:-1","max-image-preview":"max-image-preview:large","max-video-preview":"max-video-preview:-1"},"canonical":"https:\/\/shinyi.vn\/en\/san-pham\/van-cong-ty-noi\/","og_locale":"en_US","og_type":"article","og_title":"VAN C\u1ed4NG TY N\u1ed4I","og_description":"Van \u0111\u01b0\u1ee3c thi\u1ebft k\u1ebf ti\u00ean ti\u1ebfn, ti\u1ebft ki\u1ec7m l\u1ef1c v\u00e0 d\u1ec5 d\u00e0ng b\u1ea3o tr\u00ec. Th\u00e2n v\u00e0 n\u1eafp van \u0111\u01b0\u1ee3c ch\u1ebf t\u1ea1o t\u1eeb gang c\u1ea7u cao c\u1ea5p, cho kh\u1ea3 n\u0103ng ch\u1ecbu l\u1ef1c t\u1ed1t v\u00e0 \u0111\u1ed9 b\u1ec1n cao.","og_url":"https:\/\/shinyi.vn\/en\/san-pham\/van-cong-ty-noi\/","og_site_name":"C\u00d4NG TY C\u1ed4 PH\u1ea6N VAN SHIN YI","article_publisher":"https:\/\/www.facebook.com\/congtycophanvanshinyi\/","article_modified_time":"2023-11-14T08:25:52+00:00","og_image":[{"width":557,"height":1024,"url":"https:\/\/shinyi.vn\/wp-content\/uploads\/2023\/10\/Cong-ty-noi-B-557x1024.png","type":"image\/png"}],"twitter_card":"summary_large_image","schema":{"@context":"https:\/\/schema.org","@graph":[{"@type":"WebPage","@id":"https:\/\/shinyi.vn\/en\/san-pham\/van-cong-ty-noi\/","url":"https:\/\/shinyi.vn\/en\/san-pham\/van-cong-ty-noi\/","name":"VAN C\u1ed4NG TY N\u1ed4I","isPartOf":{"@id":"https:\/\/shinyi.vn\/en\/#website"},"primaryImageOfPage":{"@id":"https:\/\/shinyi.vn\/en\/san-pham\/van-cong-ty-noi\/#primaryimage"},"image":{"@id":"https:\/\/shinyi.vn\/en\/san-pham\/van-cong-ty-noi\/#primaryimage"},"thumbnailUrl":"https:\/\/shinyi.vn\/wp-content\/uploads\/2023\/10\/Cong-ty-noi-B.png","datePublished":"2022-11-06T09:10:13+00:00","dateModified":"2023-11-14T08:25:52+00:00","description":"Van \u0111\u01b0\u1ee3c thi\u1ebft k\u1ebf ti\u00ean ti\u1ebfn, ti\u1ebft ki\u1ec7m l\u1ef1c v\u00e0 d\u1ec5 d\u00e0ng b\u1ea3o tr\u00ec. Th\u00e2n v\u00e0 n\u1eafp van \u0111\u01b0\u1ee3c ch\u1ebf t\u1ea1o t\u1eeb gang c\u1ea7u cao c\u1ea5p, cho kh\u1ea3 n\u0103ng ch\u1ecbu l\u1ef1c t\u1ed1t v\u00e0 \u0111\u1ed9 b\u1ec1n cao.","breadcrumb":{"@id":"https:\/\/shinyi.vn\/en\/san-pham\/van-cong-ty-noi\/#breadcrumb"},"inLanguage":"en-US","potentialAction":[{"@type":"ReadAction","target":["https:\/\/shinyi.vn\/en\/san-pham\/van-cong-ty-noi\/"]}]},{"@type":"ImageObject","inLanguage":"en-US","@id":"https:\/\/shinyi.vn\/en\/san-pham\/van-cong-ty-noi\/#primaryimage","url":"https:\/\/shinyi.vn\/wp-content\/uploads\/2023\/10\/Cong-ty-noi-B.png","contentUrl":"https:\/\/shinyi.vn\/wp-content\/uploads\/2023\/10\/Cong-ty-noi-B.png","width":2880,"height":5296},{"@type":"BreadcrumbList","@id":"https:\/\/shinyi.vn\/en\/san-pham\/van-cong-ty-noi\/#breadcrumb","itemListElement":[{"@type":"ListItem","position":1,"name":"Trang ch\u1ee7","item":"https:\/\/shinyi.vn\/en\/"},{"@type":"ListItem","position":2,"name":"VAN C\u1ed4NG TY N\u1ed4I"}]},{"@type":"WebSite","@id":"https:\/\/shinyi.vn\/en\/#website","url":"https:\/\/shinyi.vn\/en\/","name":"Van ShinYi","description":"","publisher":{"@id":"https:\/\/shinyi.vn\/en\/#organization"},"potentialAction":[{"@type":"SearchAction","target":{"@type":"EntryPoint","urlTemplate":"https:\/\/shinyi.vn\/en\/?s={search_term_string}"},"query-input":{"@type":"PropertyValueSpecification","valueRequired":true,"valueName":"search_term_string"}}],"inLanguage":"en-US"},{"@type":"Organization","@id":"https:\/\/shinyi.vn\/en\/#organization","name":"C\u00d4NG TY C\u1ed4 PH\u1ea6N VAN SHIN YI","url":"https:\/\/shinyi.vn\/en\/","logo":{"@type":"ImageObject","inLanguage":"en-US","@id":"https:\/\/shinyi.vn\/en\/#\/schema\/logo\/image\/","url":"https:\/\/shinyi.vn\/wp-content\/uploads\/2023\/09\/logo-937x1024.png","contentUrl":"https:\/\/shinyi.vn\/wp-content\/uploads\/2023\/09\/logo-937x1024.png","width":937,"height":1024,"caption":"C\u00d4NG TY C\u1ed4 PH\u1ea6N VAN SHIN YI"},"image":{"@id":"https:\/\/shinyi.vn\/en\/#\/schema\/logo\/image\/"},"sameAs":["https:\/\/www.facebook.com\/congtycophanvanshinyi\/","https:\/\/www.tiktok.com\/@cng.ty.c.phn.van","https:\/\/www.youtube.com\/channel\/UCU6CBGdNHg3aSh8zzJBzp-g"]}]}},"_links":{"self":[{"href":"https:\/\/shinyi.vn\/en\/wp-json\/wp\/v2\/product\/547"}],"collection":[{"href":"https:\/\/shinyi.vn\/en\/wp-json\/wp\/v2\/product"}],"about":[{"href":"https:\/\/shinyi.vn\/en\/wp-json\/wp\/v2\/types\/product"}],"wp:featuredmedia":[{"embeddable":true,"href":"https:\/\/shinyi.vn\/en\/wp-json\/wp\/v2\/media\/4015"}],"wp:attachment":[{"href":"https:\/\/shinyi.vn\/en\/wp-json\/wp\/v2\/media?parent=547"}],"wp:term":[{"taxonomy":"product_category","embeddable":true,"href":"https:\/\/shinyi.vn\/en\/wp-json\/wp\/v2\/product_category?post=547"}],"curies":[{"name":"wp","href":"https:\/\/api.w.org\/{rel}","templated":true}]}}