{"id":554,"date":"2022-11-06T16:10:13","date_gmt":"2022-11-06T09:10:13","guid":{"rendered":"http:\/\/localhost\/shinyi.vn\/san-pham\/van-giam-ap\/"},"modified":"2023-12-04T16:01:34","modified_gmt":"2023-12-04T09:01:34","slug":"van-giam-ap","status":"publish","type":"product","link":"https:\/\/shinyi.vn\/en\/san-pham\/van-giam-ap\/","title":{"rendered":"VAN GI\u1ea2M \u00c1P &#8211; PRESSURE REDUCING VALVE"},"excerpt":{"rendered":"<p>D\u00f2ng van gi\u1ea3m \u00e1p \u0111\u01b0\u1ee3c s\u1eed d\u1ee5ng \u0111\u1ec3 gi\u1ea3m \u00e1p l\u1ef1c \u0111\u01b0\u1eddng \u1ed1ng v\u00e0 c\u00e0i \u0111\u1eb7t s\u1eb5n \u00e1p l\u1ef1c c\u1ee7a h\u1ec7 th\u1ed1ng n\u01b0\u1edbc. T\u1ef1 \u0111\u1ed9ng \u0111i\u1ec1u ch\u1ec9nh, van ho\u1ea1t \u0111\u1ed9ng tr\u01a1n tru v\u00e0 kh\u00f4ng g\u00e2y ti\u1ebfng \u1ed3n.<\/p>\n","protected":false},"featured_media":2419,"template":"","meta":[],"product_category":[15],"acf":[],"yoast_head":"<!-- This site is optimized with the Yoast SEO Premium plugin v23.5 (Yoast SEO v23.5) - https:\/\/yoast.com\/wordpress\/plugins\/seo\/ -->\n<title>VAN GI\u1ea2M \u00c1P - PRESSURE REDUCING VALVE - SHIN YI VALVES CORPORRATION<\/title>\n<meta name=\"description\" content=\"D\u00f2ng van gi\u1ea3m \u00e1p \u0111\u01b0\u1ee3c s\u1eed d\u1ee5ng \u0111\u1ec3 gi\u1ea3m \u00e1p l\u1ef1c \u0111\u01b0\u1eddng \u1ed1ng v\u00e0 c\u00e0i \u0111\u1eb7t s\u1eb5n \u00e1p l\u1ef1c c\u1ee7a h\u1ec7 th\u1ed1ng n\u01b0\u1edbc. T\u1ef1 \u0111\u1ed9ng \u0111i\u1ec1u ch\u1ec9nh, van ho\u1ea1t \u0111\u1ed9ng tr\u01a1n tru v\u00e0 kh\u00f4ng g\u00e2y ti\u1ebfng \u1ed3n.\" \/>\n<meta name=\"robots\" content=\"index, follow, max-snippet:-1, max-image-preview:large, max-video-preview:-1\" \/>\n<link rel=\"canonical\" href=\"https:\/\/shinyi.vn\/en\/san-pham\/van-giam-ap\/\" \/>\n<meta property=\"og:locale\" content=\"en_US\" \/>\n<meta property=\"og:type\" content=\"article\" \/>\n<meta property=\"og:title\" content=\"VAN GI\u1ea2M \u00c1P - PRESSURE REDUCING VALVE\" \/>\n<meta property=\"og:description\" content=\"D\u00f2ng van gi\u1ea3m \u00e1p \u0111\u01b0\u1ee3c s\u1eed d\u1ee5ng \u0111\u1ec3 gi\u1ea3m \u00e1p l\u1ef1c \u0111\u01b0\u1eddng \u1ed1ng v\u00e0 c\u00e0i \u0111\u1eb7t s\u1eb5n \u00e1p l\u1ef1c c\u1ee7a h\u1ec7 th\u1ed1ng n\u01b0\u1edbc. T\u1ef1 \u0111\u1ed9ng \u0111i\u1ec1u ch\u1ec9nh, van ho\u1ea1t \u0111\u1ed9ng tr\u01a1n tru v\u00e0 kh\u00f4ng g\u00e2y ti\u1ebfng \u1ed3n.\" \/>\n<meta property=\"og:url\" content=\"https:\/\/shinyi.vn\/en\/san-pham\/van-giam-ap\/\" \/>\n<meta property=\"og:site_name\" content=\"C\u00d4NG TY C\u1ed4 PH\u1ea6N VAN SHIN YI\" \/>\n<meta property=\"article:publisher\" content=\"https:\/\/www.facebook.com\/congtycophanvanshinyi\/\" \/>\n<meta property=\"article:modified_time\" content=\"2023-12-04T09:01:34+00:00\" \/>\n<meta property=\"og:image\" content=\"https:\/\/shinyi.vn\/wp-content\/uploads\/2022\/11\/11.-Van-giam-ap-Xanh-941x1024.png\" \/>\n\t<meta property=\"og:image:width\" content=\"941\" \/>\n\t<meta property=\"og:image:height\" content=\"1024\" \/>\n\t<meta property=\"og:image:type\" content=\"image\/png\" \/>\n<meta name=\"twitter:card\" content=\"summary_large_image\" \/>\n<script type=\"application\/ld+json\" class=\"yoast-schema-graph\">{\"@context\":\"https:\/\/schema.org\",\"@graph\":[{\"@type\":\"WebPage\",\"@id\":\"https:\/\/shinyi.vn\/en\/san-pham\/van-giam-ap\/\",\"url\":\"https:\/\/shinyi.vn\/en\/san-pham\/van-giam-ap\/\",\"name\":\"VAN GI\u1ea2M \u00c1P - PRESSURE REDUCING VALVE\",\"isPartOf\":{\"@id\":\"https:\/\/shinyi.vn\/en\/#website\"},\"primaryImageOfPage\":{\"@id\":\"https:\/\/shinyi.vn\/en\/san-pham\/van-giam-ap\/#primaryimage\"},\"image\":{\"@id\":\"https:\/\/shinyi.vn\/en\/san-pham\/van-giam-ap\/#primaryimage\"},\"thumbnailUrl\":\"https:\/\/shinyi.vn\/wp-content\/uploads\/2022\/11\/11.-Van-giam-ap-Xanh.png\",\"datePublished\":\"2022-11-06T09:10:13+00:00\",\"dateModified\":\"2023-12-04T09:01:34+00:00\",\"description\":\"D\u00f2ng van gi\u1ea3m \u00e1p \u0111\u01b0\u1ee3c s\u1eed d\u1ee5ng \u0111\u1ec3 gi\u1ea3m \u00e1p l\u1ef1c \u0111\u01b0\u1eddng \u1ed1ng v\u00e0 c\u00e0i \u0111\u1eb7t s\u1eb5n \u00e1p l\u1ef1c c\u1ee7a h\u1ec7 th\u1ed1ng n\u01b0\u1edbc. T\u1ef1 \u0111\u1ed9ng \u0111i\u1ec1u ch\u1ec9nh, van ho\u1ea1t \u0111\u1ed9ng tr\u01a1n tru v\u00e0 kh\u00f4ng g\u00e2y ti\u1ebfng \u1ed3n.\",\"breadcrumb\":{\"@id\":\"https:\/\/shinyi.vn\/en\/san-pham\/van-giam-ap\/#breadcrumb\"},\"inLanguage\":\"en-US\",\"potentialAction\":[{\"@type\":\"ReadAction\",\"target\":[\"https:\/\/shinyi.vn\/en\/san-pham\/van-giam-ap\/\"]}]},{\"@type\":\"ImageObject\",\"inLanguage\":\"en-US\",\"@id\":\"https:\/\/shinyi.vn\/en\/san-pham\/van-giam-ap\/#primaryimage\",\"url\":\"https:\/\/shinyi.vn\/wp-content\/uploads\/2022\/11\/11.-Van-giam-ap-Xanh.png\",\"contentUrl\":\"https:\/\/shinyi.vn\/wp-content\/uploads\/2022\/11\/11.-Van-giam-ap-Xanh.png\",\"width\":2482,\"height\":2700},{\"@type\":\"BreadcrumbList\",\"@id\":\"https:\/\/shinyi.vn\/en\/san-pham\/van-giam-ap\/#breadcrumb\",\"itemListElement\":[{\"@type\":\"ListItem\",\"position\":1,\"name\":\"Trang ch\u1ee7\",\"item\":\"https:\/\/shinyi.vn\/en\/\"},{\"@type\":\"ListItem\",\"position\":2,\"name\":\"VAN GI\u1ea2M \u00c1P &#8211; PRESSURE REDUCING VALVE\"}]},{\"@type\":\"WebSite\",\"@id\":\"https:\/\/shinyi.vn\/en\/#website\",\"url\":\"https:\/\/shinyi.vn\/en\/\",\"name\":\"Van ShinYi\",\"description\":\"\",\"publisher\":{\"@id\":\"https:\/\/shinyi.vn\/en\/#organization\"},\"potentialAction\":[{\"@type\":\"SearchAction\",\"target\":{\"@type\":\"EntryPoint\",\"urlTemplate\":\"https:\/\/shinyi.vn\/en\/?s={search_term_string}\"},\"query-input\":{\"@type\":\"PropertyValueSpecification\",\"valueRequired\":true,\"valueName\":\"search_term_string\"}}],\"inLanguage\":\"en-US\"},{\"@type\":\"Organization\",\"@id\":\"https:\/\/shinyi.vn\/en\/#organization\",\"name\":\"C\u00d4NG TY C\u1ed4 PH\u1ea6N VAN SHIN YI\",\"url\":\"https:\/\/shinyi.vn\/en\/\",\"logo\":{\"@type\":\"ImageObject\",\"inLanguage\":\"en-US\",\"@id\":\"https:\/\/shinyi.vn\/en\/#\/schema\/logo\/image\/\",\"url\":\"https:\/\/shinyi.vn\/wp-content\/uploads\/2023\/09\/logo-937x1024.png\",\"contentUrl\":\"https:\/\/shinyi.vn\/wp-content\/uploads\/2023\/09\/logo-937x1024.png\",\"width\":937,\"height\":1024,\"caption\":\"C\u00d4NG TY C\u1ed4 PH\u1ea6N VAN SHIN YI\"},\"image\":{\"@id\":\"https:\/\/shinyi.vn\/en\/#\/schema\/logo\/image\/\"},\"sameAs\":[\"https:\/\/www.facebook.com\/congtycophanvanshinyi\/\",\"https:\/\/www.tiktok.com\/@cng.ty.c.phn.van\",\"https:\/\/www.youtube.com\/channel\/UCU6CBGdNHg3aSh8zzJBzp-g\"]}]}<\/script>\n<!-- \/ Yoast SEO Premium plugin. -->","yoast_head_json":{"title":"VAN GI\u1ea2M \u00c1P - PRESSURE REDUCING VALVE - SHIN YI VALVES CORPORRATION","description":"D\u00f2ng van gi\u1ea3m \u00e1p \u0111\u01b0\u1ee3c s\u1eed d\u1ee5ng \u0111\u1ec3 gi\u1ea3m \u00e1p l\u1ef1c \u0111\u01b0\u1eddng \u1ed1ng v\u00e0 c\u00e0i \u0111\u1eb7t s\u1eb5n \u00e1p l\u1ef1c c\u1ee7a h\u1ec7 th\u1ed1ng n\u01b0\u1edbc. T\u1ef1 \u0111\u1ed9ng \u0111i\u1ec1u ch\u1ec9nh, van ho\u1ea1t \u0111\u1ed9ng tr\u01a1n tru v\u00e0 kh\u00f4ng g\u00e2y ti\u1ebfng \u1ed3n.","robots":{"index":"index","follow":"follow","max-snippet":"max-snippet:-1","max-image-preview":"max-image-preview:large","max-video-preview":"max-video-preview:-1"},"canonical":"https:\/\/shinyi.vn\/en\/san-pham\/van-giam-ap\/","og_locale":"en_US","og_type":"article","og_title":"VAN GI\u1ea2M \u00c1P - PRESSURE REDUCING VALVE","og_description":"D\u00f2ng van gi\u1ea3m \u00e1p \u0111\u01b0\u1ee3c s\u1eed d\u1ee5ng \u0111\u1ec3 gi\u1ea3m \u00e1p l\u1ef1c \u0111\u01b0\u1eddng \u1ed1ng v\u00e0 c\u00e0i \u0111\u1eb7t s\u1eb5n \u00e1p l\u1ef1c c\u1ee7a h\u1ec7 th\u1ed1ng n\u01b0\u1edbc. T\u1ef1 \u0111\u1ed9ng \u0111i\u1ec1u ch\u1ec9nh, van ho\u1ea1t \u0111\u1ed9ng tr\u01a1n tru v\u00e0 kh\u00f4ng g\u00e2y ti\u1ebfng \u1ed3n.","og_url":"https:\/\/shinyi.vn\/en\/san-pham\/van-giam-ap\/","og_site_name":"C\u00d4NG TY C\u1ed4 PH\u1ea6N VAN SHIN YI","article_publisher":"https:\/\/www.facebook.com\/congtycophanvanshinyi\/","article_modified_time":"2023-12-04T09:01:34+00:00","og_image":[{"width":941,"height":1024,"url":"https:\/\/shinyi.vn\/wp-content\/uploads\/2022\/11\/11.-Van-giam-ap-Xanh-941x1024.png","type":"image\/png"}],"twitter_card":"summary_large_image","schema":{"@context":"https:\/\/schema.org","@graph":[{"@type":"WebPage","@id":"https:\/\/shinyi.vn\/en\/san-pham\/van-giam-ap\/","url":"https:\/\/shinyi.vn\/en\/san-pham\/van-giam-ap\/","name":"VAN GI\u1ea2M \u00c1P - PRESSURE REDUCING VALVE","isPartOf":{"@id":"https:\/\/shinyi.vn\/en\/#website"},"primaryImageOfPage":{"@id":"https:\/\/shinyi.vn\/en\/san-pham\/van-giam-ap\/#primaryimage"},"image":{"@id":"https:\/\/shinyi.vn\/en\/san-pham\/van-giam-ap\/#primaryimage"},"thumbnailUrl":"https:\/\/shinyi.vn\/wp-content\/uploads\/2022\/11\/11.-Van-giam-ap-Xanh.png","datePublished":"2022-11-06T09:10:13+00:00","dateModified":"2023-12-04T09:01:34+00:00","description":"D\u00f2ng van gi\u1ea3m \u00e1p \u0111\u01b0\u1ee3c s\u1eed d\u1ee5ng \u0111\u1ec3 gi\u1ea3m \u00e1p l\u1ef1c \u0111\u01b0\u1eddng \u1ed1ng v\u00e0 c\u00e0i \u0111\u1eb7t s\u1eb5n \u00e1p l\u1ef1c c\u1ee7a h\u1ec7 th\u1ed1ng n\u01b0\u1edbc. T\u1ef1 \u0111\u1ed9ng \u0111i\u1ec1u ch\u1ec9nh, van ho\u1ea1t \u0111\u1ed9ng tr\u01a1n tru v\u00e0 kh\u00f4ng g\u00e2y ti\u1ebfng \u1ed3n.","breadcrumb":{"@id":"https:\/\/shinyi.vn\/en\/san-pham\/van-giam-ap\/#breadcrumb"},"inLanguage":"en-US","potentialAction":[{"@type":"ReadAction","target":["https:\/\/shinyi.vn\/en\/san-pham\/van-giam-ap\/"]}]},{"@type":"ImageObject","inLanguage":"en-US","@id":"https:\/\/shinyi.vn\/en\/san-pham\/van-giam-ap\/#primaryimage","url":"https:\/\/shinyi.vn\/wp-content\/uploads\/2022\/11\/11.-Van-giam-ap-Xanh.png","contentUrl":"https:\/\/shinyi.vn\/wp-content\/uploads\/2022\/11\/11.-Van-giam-ap-Xanh.png","width":2482,"height":2700},{"@type":"BreadcrumbList","@id":"https:\/\/shinyi.vn\/en\/san-pham\/van-giam-ap\/#breadcrumb","itemListElement":[{"@type":"ListItem","position":1,"name":"Trang ch\u1ee7","item":"https:\/\/shinyi.vn\/en\/"},{"@type":"ListItem","position":2,"name":"VAN GI\u1ea2M \u00c1P &#8211; PRESSURE REDUCING VALVE"}]},{"@type":"WebSite","@id":"https:\/\/shinyi.vn\/en\/#website","url":"https:\/\/shinyi.vn\/en\/","name":"Van ShinYi","description":"","publisher":{"@id":"https:\/\/shinyi.vn\/en\/#organization"},"potentialAction":[{"@type":"SearchAction","target":{"@type":"EntryPoint","urlTemplate":"https:\/\/shinyi.vn\/en\/?s={search_term_string}"},"query-input":{"@type":"PropertyValueSpecification","valueRequired":true,"valueName":"search_term_string"}}],"inLanguage":"en-US"},{"@type":"Organization","@id":"https:\/\/shinyi.vn\/en\/#organization","name":"C\u00d4NG TY C\u1ed4 PH\u1ea6N VAN SHIN YI","url":"https:\/\/shinyi.vn\/en\/","logo":{"@type":"ImageObject","inLanguage":"en-US","@id":"https:\/\/shinyi.vn\/en\/#\/schema\/logo\/image\/","url":"https:\/\/shinyi.vn\/wp-content\/uploads\/2023\/09\/logo-937x1024.png","contentUrl":"https:\/\/shinyi.vn\/wp-content\/uploads\/2023\/09\/logo-937x1024.png","width":937,"height":1024,"caption":"C\u00d4NG TY C\u1ed4 PH\u1ea6N VAN SHIN YI"},"image":{"@id":"https:\/\/shinyi.vn\/en\/#\/schema\/logo\/image\/"},"sameAs":["https:\/\/www.facebook.com\/congtycophanvanshinyi\/","https:\/\/www.tiktok.com\/@cng.ty.c.phn.van","https:\/\/www.youtube.com\/channel\/UCU6CBGdNHg3aSh8zzJBzp-g"]}]}},"_links":{"self":[{"href":"https:\/\/shinyi.vn\/en\/wp-json\/wp\/v2\/product\/554"}],"collection":[{"href":"https:\/\/shinyi.vn\/en\/wp-json\/wp\/v2\/product"}],"about":[{"href":"https:\/\/shinyi.vn\/en\/wp-json\/wp\/v2\/types\/product"}],"wp:featuredmedia":[{"embeddable":true,"href":"https:\/\/shinyi.vn\/en\/wp-json\/wp\/v2\/media\/2419"}],"wp:attachment":[{"href":"https:\/\/shinyi.vn\/en\/wp-json\/wp\/v2\/media?parent=554"}],"wp:term":[{"taxonomy":"product_category","embeddable":true,"href":"https:\/\/shinyi.vn\/en\/wp-json\/wp\/v2\/product_category?post=554"}],"curies":[{"name":"wp","href":"https:\/\/api.w.org\/{rel}","templated":true}]}}