{"id":557,"date":"2022-12-30T07:05:13","date_gmt":"2022-12-30T00:05:13","guid":{"rendered":"http:\/\/localhost\/shinyi.vn\/san-pham\/van-an-toan-chong-va-xa-ap\/"},"modified":"2025-07-05T10:36:22","modified_gmt":"2025-07-05T03:36:22","slug":"van-xa-ap","status":"publish","type":"product","link":"https:\/\/shinyi.vn\/en\/san-pham\/van-xa-ap\/","title":{"rendered":"VAN X\u1ea2 \u00c1P"},"excerpt":{"rendered":"<p>H500 &#8211; L\u00e0 lo\u1ea1i van \u0111\u01b0\u1ee3c s\u1eed d\u1ee5ng nh\u01b0 l\u00e0 van x\u1ea3 \u00e1p ho\u1eb7c van ch\u1ed1ng va trong h\u1ec7 th\u1ed1ng n\u01b0\u1edbc c\u1ee7a khu d\u00e2n c\u01b0 v\u00e0 t\u00f2a nh\u00e0 cao t\u1ea7ng. \u0110i\u1ec1u ch\u1ec9nh t\u1ef1 \u0111\u1ed9ng ch\u00ednh x\u00e1c nh\u1edd h\u1ec7 th\u1ed1ng Pilot.<\/p>\n","protected":false},"featured_media":10539,"template":"","meta":[],"product_category":[],"acf":[],"yoast_head":"<!-- This site is optimized with the Yoast SEO Premium plugin v23.5 (Yoast SEO v23.5) - https:\/\/yoast.com\/wordpress\/plugins\/seo\/ -->\n<title>VAN X\u1ea2 \u00c1P - SHIN YI VALVES CORPORRATION<\/title>\n<meta name=\"description\" content=\"H500 - L\u00e0 lo\u1ea1i van \u0111\u01b0\u1ee3c s\u1eed d\u1ee5ng nh\u01b0 l\u00e0 van x\u1ea3 \u00e1p ho\u1eb7c van ch\u1ed1ng va trong h\u1ec7 th\u1ed1ng n\u01b0\u1edbc c\u1ee7a khu d\u00e2n c\u01b0 v\u00e0 t\u00f2a nh\u00e0 cao t\u1ea7ng...\" \/>\n<meta name=\"robots\" content=\"index, follow, max-snippet:-1, max-image-preview:large, max-video-preview:-1\" \/>\n<link rel=\"canonical\" href=\"https:\/\/shinyi.vn\/en\/san-pham\/van-xa-ap\/\" \/>\n<meta property=\"og:locale\" content=\"en_US\" \/>\n<meta property=\"og:type\" content=\"article\" \/>\n<meta property=\"og:title\" content=\"VAN X\u1ea2 \u00c1P\" \/>\n<meta property=\"og:description\" content=\"H500 - L\u00e0 lo\u1ea1i van \u0111\u01b0\u1ee3c s\u1eed d\u1ee5ng nh\u01b0 l\u00e0 van x\u1ea3 \u00e1p ho\u1eb7c van ch\u1ed1ng va trong h\u1ec7 th\u1ed1ng n\u01b0\u1edbc c\u1ee7a khu d\u00e2n c\u01b0 v\u00e0 t\u00f2a nh\u00e0 cao t\u1ea7ng...\" \/>\n<meta property=\"og:url\" content=\"https:\/\/shinyi.vn\/en\/san-pham\/van-xa-ap\/\" \/>\n<meta property=\"og:site_name\" content=\"C\u00d4NG TY C\u1ed4 PH\u1ea6N VAN SHIN YI\" \/>\n<meta property=\"article:publisher\" content=\"https:\/\/www.facebook.com\/congtycophanvanshinyi\/\" \/>\n<meta property=\"article:modified_time\" content=\"2025-07-05T03:36:22+00:00\" \/>\n<meta property=\"og:image\" content=\"https:\/\/shinyi.vn\/wp-content\/uploads\/2022\/12\/van-xa-ap-H500-scaled-1.png\" \/>\n\t<meta property=\"og:image:width\" content=\"984\" \/>\n\t<meta property=\"og:image:height\" content=\"1080\" \/>\n\t<meta property=\"og:image:type\" content=\"image\/png\" \/>\n<meta name=\"twitter:card\" content=\"summary_large_image\" \/>\n<meta name=\"twitter:label1\" content=\"Est. reading time\" \/>\n\t<meta name=\"twitter:data1\" content=\"1 minute\" \/>\n<script type=\"application\/ld+json\" class=\"yoast-schema-graph\">{\"@context\":\"https:\/\/schema.org\",\"@graph\":[{\"@type\":\"WebPage\",\"@id\":\"https:\/\/shinyi.vn\/en\/san-pham\/van-xa-ap\/\",\"url\":\"https:\/\/shinyi.vn\/en\/san-pham\/van-xa-ap\/\",\"name\":\"VAN X\u1ea2 \u00c1P\",\"isPartOf\":{\"@id\":\"https:\/\/shinyi.vn\/en\/#website\"},\"primaryImageOfPage\":{\"@id\":\"https:\/\/shinyi.vn\/en\/san-pham\/van-xa-ap\/#primaryimage\"},\"image\":{\"@id\":\"https:\/\/shinyi.vn\/en\/san-pham\/van-xa-ap\/#primaryimage\"},\"thumbnailUrl\":\"https:\/\/shinyi.vn\/wp-content\/uploads\/2022\/12\/van-xa-ap-H500-scaled-1.png\",\"datePublished\":\"2022-12-30T00:05:13+00:00\",\"dateModified\":\"2025-07-05T03:36:22+00:00\",\"description\":\"H500 - L\u00e0 lo\u1ea1i van \u0111\u01b0\u1ee3c s\u1eed d\u1ee5ng nh\u01b0 l\u00e0 van x\u1ea3 \u00e1p ho\u1eb7c van ch\u1ed1ng va trong h\u1ec7 th\u1ed1ng n\u01b0\u1edbc c\u1ee7a khu d\u00e2n c\u01b0 v\u00e0 t\u00f2a nh\u00e0 cao t\u1ea7ng...\",\"breadcrumb\":{\"@id\":\"https:\/\/shinyi.vn\/en\/san-pham\/van-xa-ap\/#breadcrumb\"},\"inLanguage\":\"en-US\",\"potentialAction\":[{\"@type\":\"ReadAction\",\"target\":[\"https:\/\/shinyi.vn\/en\/san-pham\/van-xa-ap\/\"]}]},{\"@type\":\"ImageObject\",\"inLanguage\":\"en-US\",\"@id\":\"https:\/\/shinyi.vn\/en\/san-pham\/van-xa-ap\/#primaryimage\",\"url\":\"https:\/\/shinyi.vn\/wp-content\/uploads\/2022\/12\/van-xa-ap-H500-scaled-1.png\",\"contentUrl\":\"https:\/\/shinyi.vn\/wp-content\/uploads\/2022\/12\/van-xa-ap-H500-scaled-1.png\",\"width\":984,\"height\":1080},{\"@type\":\"BreadcrumbList\",\"@id\":\"https:\/\/shinyi.vn\/en\/san-pham\/van-xa-ap\/#breadcrumb\",\"itemListElement\":[{\"@type\":\"ListItem\",\"position\":1,\"name\":\"Trang ch\u1ee7\",\"item\":\"https:\/\/shinyi.vn\/en\/\"},{\"@type\":\"ListItem\",\"position\":2,\"name\":\"VAN X\u1ea2 \u00c1P\"}]},{\"@type\":\"WebSite\",\"@id\":\"https:\/\/shinyi.vn\/en\/#website\",\"url\":\"https:\/\/shinyi.vn\/en\/\",\"name\":\"Van ShinYi\",\"description\":\"\",\"publisher\":{\"@id\":\"https:\/\/shinyi.vn\/en\/#organization\"},\"potentialAction\":[{\"@type\":\"SearchAction\",\"target\":{\"@type\":\"EntryPoint\",\"urlTemplate\":\"https:\/\/shinyi.vn\/en\/?s={search_term_string}\"},\"query-input\":{\"@type\":\"PropertyValueSpecification\",\"valueRequired\":true,\"valueName\":\"search_term_string\"}}],\"inLanguage\":\"en-US\"},{\"@type\":\"Organization\",\"@id\":\"https:\/\/shinyi.vn\/en\/#organization\",\"name\":\"C\u00d4NG TY C\u1ed4 PH\u1ea6N VAN SHIN YI\",\"url\":\"https:\/\/shinyi.vn\/en\/\",\"logo\":{\"@type\":\"ImageObject\",\"inLanguage\":\"en-US\",\"@id\":\"https:\/\/shinyi.vn\/en\/#\/schema\/logo\/image\/\",\"url\":\"https:\/\/shinyi.vn\/wp-content\/uploads\/2023\/09\/logo-937x1024.png\",\"contentUrl\":\"https:\/\/shinyi.vn\/wp-content\/uploads\/2023\/09\/logo-937x1024.png\",\"width\":937,\"height\":1024,\"caption\":\"C\u00d4NG TY C\u1ed4 PH\u1ea6N VAN SHIN YI\"},\"image\":{\"@id\":\"https:\/\/shinyi.vn\/en\/#\/schema\/logo\/image\/\"},\"sameAs\":[\"https:\/\/www.facebook.com\/congtycophanvanshinyi\/\",\"https:\/\/www.tiktok.com\/@cng.ty.c.phn.van\",\"https:\/\/www.youtube.com\/channel\/UCU6CBGdNHg3aSh8zzJBzp-g\"]}]}<\/script>\n<!-- \/ Yoast SEO Premium plugin. -->","yoast_head_json":{"title":"VAN X\u1ea2 \u00c1P - SHIN YI VALVES CORPORRATION","description":"H500 - L\u00e0 lo\u1ea1i van \u0111\u01b0\u1ee3c s\u1eed d\u1ee5ng nh\u01b0 l\u00e0 van x\u1ea3 \u00e1p ho\u1eb7c van ch\u1ed1ng va trong h\u1ec7 th\u1ed1ng n\u01b0\u1edbc c\u1ee7a khu d\u00e2n c\u01b0 v\u00e0 t\u00f2a nh\u00e0 cao t\u1ea7ng...","robots":{"index":"index","follow":"follow","max-snippet":"max-snippet:-1","max-image-preview":"max-image-preview:large","max-video-preview":"max-video-preview:-1"},"canonical":"https:\/\/shinyi.vn\/en\/san-pham\/van-xa-ap\/","og_locale":"en_US","og_type":"article","og_title":"VAN X\u1ea2 \u00c1P","og_description":"H500 - L\u00e0 lo\u1ea1i van \u0111\u01b0\u1ee3c s\u1eed d\u1ee5ng nh\u01b0 l\u00e0 van x\u1ea3 \u00e1p ho\u1eb7c van ch\u1ed1ng va trong h\u1ec7 th\u1ed1ng n\u01b0\u1edbc c\u1ee7a khu d\u00e2n c\u01b0 v\u00e0 t\u00f2a nh\u00e0 cao t\u1ea7ng...","og_url":"https:\/\/shinyi.vn\/en\/san-pham\/van-xa-ap\/","og_site_name":"C\u00d4NG TY C\u1ed4 PH\u1ea6N VAN SHIN YI","article_publisher":"https:\/\/www.facebook.com\/congtycophanvanshinyi\/","article_modified_time":"2025-07-05T03:36:22+00:00","og_image":[{"width":984,"height":1080,"url":"https:\/\/shinyi.vn\/wp-content\/uploads\/2022\/12\/van-xa-ap-H500-scaled-1.png","type":"image\/png"}],"twitter_card":"summary_large_image","twitter_misc":{"Est. reading time":"1 minute"},"schema":{"@context":"https:\/\/schema.org","@graph":[{"@type":"WebPage","@id":"https:\/\/shinyi.vn\/en\/san-pham\/van-xa-ap\/","url":"https:\/\/shinyi.vn\/en\/san-pham\/van-xa-ap\/","name":"VAN X\u1ea2 \u00c1P","isPartOf":{"@id":"https:\/\/shinyi.vn\/en\/#website"},"primaryImageOfPage":{"@id":"https:\/\/shinyi.vn\/en\/san-pham\/van-xa-ap\/#primaryimage"},"image":{"@id":"https:\/\/shinyi.vn\/en\/san-pham\/van-xa-ap\/#primaryimage"},"thumbnailUrl":"https:\/\/shinyi.vn\/wp-content\/uploads\/2022\/12\/van-xa-ap-H500-scaled-1.png","datePublished":"2022-12-30T00:05:13+00:00","dateModified":"2025-07-05T03:36:22+00:00","description":"H500 - L\u00e0 lo\u1ea1i van \u0111\u01b0\u1ee3c s\u1eed d\u1ee5ng nh\u01b0 l\u00e0 van x\u1ea3 \u00e1p ho\u1eb7c van ch\u1ed1ng va trong h\u1ec7 th\u1ed1ng n\u01b0\u1edbc c\u1ee7a khu d\u00e2n c\u01b0 v\u00e0 t\u00f2a nh\u00e0 cao t\u1ea7ng...","breadcrumb":{"@id":"https:\/\/shinyi.vn\/en\/san-pham\/van-xa-ap\/#breadcrumb"},"inLanguage":"en-US","potentialAction":[{"@type":"ReadAction","target":["https:\/\/shinyi.vn\/en\/san-pham\/van-xa-ap\/"]}]},{"@type":"ImageObject","inLanguage":"en-US","@id":"https:\/\/shinyi.vn\/en\/san-pham\/van-xa-ap\/#primaryimage","url":"https:\/\/shinyi.vn\/wp-content\/uploads\/2022\/12\/van-xa-ap-H500-scaled-1.png","contentUrl":"https:\/\/shinyi.vn\/wp-content\/uploads\/2022\/12\/van-xa-ap-H500-scaled-1.png","width":984,"height":1080},{"@type":"BreadcrumbList","@id":"https:\/\/shinyi.vn\/en\/san-pham\/van-xa-ap\/#breadcrumb","itemListElement":[{"@type":"ListItem","position":1,"name":"Trang ch\u1ee7","item":"https:\/\/shinyi.vn\/en\/"},{"@type":"ListItem","position":2,"name":"VAN X\u1ea2 \u00c1P"}]},{"@type":"WebSite","@id":"https:\/\/shinyi.vn\/en\/#website","url":"https:\/\/shinyi.vn\/en\/","name":"Van ShinYi","description":"","publisher":{"@id":"https:\/\/shinyi.vn\/en\/#organization"},"potentialAction":[{"@type":"SearchAction","target":{"@type":"EntryPoint","urlTemplate":"https:\/\/shinyi.vn\/en\/?s={search_term_string}"},"query-input":{"@type":"PropertyValueSpecification","valueRequired":true,"valueName":"search_term_string"}}],"inLanguage":"en-US"},{"@type":"Organization","@id":"https:\/\/shinyi.vn\/en\/#organization","name":"C\u00d4NG TY C\u1ed4 PH\u1ea6N VAN SHIN YI","url":"https:\/\/shinyi.vn\/en\/","logo":{"@type":"ImageObject","inLanguage":"en-US","@id":"https:\/\/shinyi.vn\/en\/#\/schema\/logo\/image\/","url":"https:\/\/shinyi.vn\/wp-content\/uploads\/2023\/09\/logo-937x1024.png","contentUrl":"https:\/\/shinyi.vn\/wp-content\/uploads\/2023\/09\/logo-937x1024.png","width":937,"height":1024,"caption":"C\u00d4NG TY C\u1ed4 PH\u1ea6N VAN SHIN YI"},"image":{"@id":"https:\/\/shinyi.vn\/en\/#\/schema\/logo\/image\/"},"sameAs":["https:\/\/www.facebook.com\/congtycophanvanshinyi\/","https:\/\/www.tiktok.com\/@cng.ty.c.phn.van","https:\/\/www.youtube.com\/channel\/UCU6CBGdNHg3aSh8zzJBzp-g"]}]}},"_links":{"self":[{"href":"https:\/\/shinyi.vn\/en\/wp-json\/wp\/v2\/product\/557"}],"collection":[{"href":"https:\/\/shinyi.vn\/en\/wp-json\/wp\/v2\/product"}],"about":[{"href":"https:\/\/shinyi.vn\/en\/wp-json\/wp\/v2\/types\/product"}],"wp:featuredmedia":[{"embeddable":true,"href":"https:\/\/shinyi.vn\/en\/wp-json\/wp\/v2\/media\/10539"}],"wp:attachment":[{"href":"https:\/\/shinyi.vn\/en\/wp-json\/wp\/v2\/media?parent=557"}],"wp:term":[{"taxonomy":"product_category","embeddable":true,"href":"https:\/\/shinyi.vn\/en\/wp-json\/wp\/v2\/product_category?post=557"}],"curies":[{"name":"wp","href":"https:\/\/api.w.org\/{rel}","templated":true}]}}