{"id":558,"date":"2022-11-06T16:10:13","date_gmt":"2022-11-06T09:10:13","guid":{"rendered":"http:\/\/localhost\/shinyi.vn\/san-pham\/van-phao\/"},"modified":"2023-12-04T16:00:11","modified_gmt":"2023-12-04T09:00:11","slug":"van-phao","status":"publish","type":"product","link":"https:\/\/shinyi.vn\/en\/san-pham\/van-phao\/","title":{"rendered":"VAN PHAO &#8211; REMOTE FLOAT CONTROL VALVE"},"excerpt":{"rendered":"<p>Van phao l\u00e0 lo\u1ea1i van \u0111i\u1ec1u khi\u1ec3n m\u1ef1c n\u01b0\u1edbc nh\u1edd s\u1ef1 l\u00ean xu\u1ed1ng c\u1ee7a phao theo m\u1ef1c n\u01b0\u1edbc. Do \u0111\u00f3 van s\u1ebd ki\u1ec3m so\u00e1t ch\u00ednh x\u00e1c m\u1ef1c n\u01b0\u1edbc trong b\u1ed3n ch\u1ee9a, b\u1ec3 n\u01b0\u1edbc. Ho\u1ea1t \u0111\u1ed9ng b\u1eb1ng th\u1ee7y l\u1ef1c, kh\u00f4ng d\u00f9ng \u0111i\u1ec7n. M\u00e0ng van \u0111\u01b0\u1ee3c l\u00e0m t\u1eeb Nylon v\u00e0 Cao su cho \u0111\u1ed9 linh ho\u1ea1t v\u00e0 \u0111\u1ed9 b\u1ec1n cao.<\/p>\n","protected":false},"featured_media":2598,"template":"","meta":[],"product_category":[15],"acf":[],"yoast_head":"<!-- This site is optimized with the Yoast SEO Premium plugin v23.5 (Yoast SEO v23.5) - https:\/\/yoast.com\/wordpress\/plugins\/seo\/ -->\n<title>VAN PHAO - REMOTE FLOAT CONTROL VALVE - SHIN YI VALVES CORPORRATION<\/title>\n<meta name=\"description\" content=\"Van phao l\u00e0 lo\u1ea1i van \u0111i\u1ec1u khi\u1ec3n m\u1ef1c n\u01b0\u1edbc nh\u1edd s\u1ef1 l\u00ean xu\u1ed1ng c\u1ee7a phao theo m\u1ef1c n\u01b0\u1edbc. Do \u0111\u00f3 van s\u1ebd ki\u1ec3m so\u00e1t ch\u00ednh x\u00e1c m\u1ef1c n\u01b0\u1edbc trong b\u1ed3n ch\u1ee9a, b\u1ec3 n\u01b0\u1edbc. Ho\u1ea1t \u0111\u1ed9ng b\u1eb1ng th\u1ee7y l\u1ef1c, kh\u00f4ng d\u00f9ng \u0111i\u1ec7n. M\u00e0ng van \u0111\u01b0\u1ee3c l\u00e0m t\u1eeb Nylon v\u00e0 Cao su cho \u0111\u1ed9 linh ho\u1ea1t v\u00e0 \u0111\u1ed9 b\u1ec1n cao.\" \/>\n<meta name=\"robots\" content=\"index, follow, max-snippet:-1, max-image-preview:large, max-video-preview:-1\" \/>\n<link rel=\"canonical\" href=\"https:\/\/shinyi.vn\/en\/san-pham\/van-phao\/\" \/>\n<meta property=\"og:locale\" content=\"en_US\" \/>\n<meta property=\"og:type\" content=\"article\" \/>\n<meta property=\"og:title\" content=\"VAN PHAO - REMOTE FLOAT CONTROL VALVE\" \/>\n<meta property=\"og:description\" content=\"Van phao l\u00e0 lo\u1ea1i van \u0111i\u1ec1u khi\u1ec3n m\u1ef1c n\u01b0\u1edbc nh\u1edd s\u1ef1 l\u00ean xu\u1ed1ng c\u1ee7a phao theo m\u1ef1c n\u01b0\u1edbc. Do \u0111\u00f3 van s\u1ebd ki\u1ec3m so\u00e1t ch\u00ednh x\u00e1c m\u1ef1c n\u01b0\u1edbc trong b\u1ed3n ch\u1ee9a, b\u1ec3 n\u01b0\u1edbc. Ho\u1ea1t \u0111\u1ed9ng b\u1eb1ng th\u1ee7y l\u1ef1c, kh\u00f4ng d\u00f9ng \u0111i\u1ec7n. M\u00e0ng van \u0111\u01b0\u1ee3c l\u00e0m t\u1eeb Nylon v\u00e0 Cao su cho \u0111\u1ed9 linh ho\u1ea1t v\u00e0 \u0111\u1ed9 b\u1ec1n cao.\" \/>\n<meta property=\"og:url\" content=\"https:\/\/shinyi.vn\/en\/san-pham\/van-phao\/\" \/>\n<meta property=\"og:site_name\" content=\"C\u00d4NG TY C\u1ed4 PH\u1ea6N VAN SHIN YI\" \/>\n<meta property=\"article:publisher\" content=\"https:\/\/www.facebook.com\/congtycophanvanshinyi\/\" \/>\n<meta property=\"article:modified_time\" content=\"2023-12-04T09:00:11+00:00\" \/>\n<meta property=\"og:image\" content=\"https:\/\/shinyi.vn\/wp-content\/uploads\/2022\/11\/Van-phao_DN100-1024x1024.png\" \/>\n\t<meta property=\"og:image:width\" content=\"1024\" \/>\n\t<meta property=\"og:image:height\" content=\"1024\" \/>\n\t<meta property=\"og:image:type\" content=\"image\/png\" \/>\n<meta name=\"twitter:card\" content=\"summary_large_image\" \/>\n<script type=\"application\/ld+json\" class=\"yoast-schema-graph\">{\"@context\":\"https:\/\/schema.org\",\"@graph\":[{\"@type\":\"WebPage\",\"@id\":\"https:\/\/shinyi.vn\/en\/san-pham\/van-phao\/\",\"url\":\"https:\/\/shinyi.vn\/en\/san-pham\/van-phao\/\",\"name\":\"VAN PHAO - REMOTE FLOAT CONTROL VALVE\",\"isPartOf\":{\"@id\":\"https:\/\/shinyi.vn\/en\/#website\"},\"primaryImageOfPage\":{\"@id\":\"https:\/\/shinyi.vn\/en\/san-pham\/van-phao\/#primaryimage\"},\"image\":{\"@id\":\"https:\/\/shinyi.vn\/en\/san-pham\/van-phao\/#primaryimage\"},\"thumbnailUrl\":\"https:\/\/shinyi.vn\/wp-content\/uploads\/2022\/11\/Van-phao_DN100.png\",\"datePublished\":\"2022-11-06T09:10:13+00:00\",\"dateModified\":\"2023-12-04T09:00:11+00:00\",\"description\":\"Van phao l\u00e0 lo\u1ea1i van \u0111i\u1ec1u khi\u1ec3n m\u1ef1c n\u01b0\u1edbc nh\u1edd s\u1ef1 l\u00ean xu\u1ed1ng c\u1ee7a phao theo m\u1ef1c n\u01b0\u1edbc. Do \u0111\u00f3 van s\u1ebd ki\u1ec3m so\u00e1t ch\u00ednh x\u00e1c m\u1ef1c n\u01b0\u1edbc trong b\u1ed3n ch\u1ee9a, b\u1ec3 n\u01b0\u1edbc. Ho\u1ea1t \u0111\u1ed9ng b\u1eb1ng th\u1ee7y l\u1ef1c, kh\u00f4ng d\u00f9ng \u0111i\u1ec7n. M\u00e0ng van \u0111\u01b0\u1ee3c l\u00e0m t\u1eeb Nylon v\u00e0 Cao su cho \u0111\u1ed9 linh ho\u1ea1t v\u00e0 \u0111\u1ed9 b\u1ec1n cao.\",\"breadcrumb\":{\"@id\":\"https:\/\/shinyi.vn\/en\/san-pham\/van-phao\/#breadcrumb\"},\"inLanguage\":\"en-US\",\"potentialAction\":[{\"@type\":\"ReadAction\",\"target\":[\"https:\/\/shinyi.vn\/en\/san-pham\/van-phao\/\"]}]},{\"@type\":\"ImageObject\",\"inLanguage\":\"en-US\",\"@id\":\"https:\/\/shinyi.vn\/en\/san-pham\/van-phao\/#primaryimage\",\"url\":\"https:\/\/shinyi.vn\/wp-content\/uploads\/2022\/11\/Van-phao_DN100.png\",\"contentUrl\":\"https:\/\/shinyi.vn\/wp-content\/uploads\/2022\/11\/Van-phao_DN100.png\",\"width\":3722,\"height\":3722},{\"@type\":\"BreadcrumbList\",\"@id\":\"https:\/\/shinyi.vn\/en\/san-pham\/van-phao\/#breadcrumb\",\"itemListElement\":[{\"@type\":\"ListItem\",\"position\":1,\"name\":\"Trang ch\u1ee7\",\"item\":\"https:\/\/shinyi.vn\/en\/\"},{\"@type\":\"ListItem\",\"position\":2,\"name\":\"VAN PHAO &#8211; REMOTE FLOAT CONTROL VALVE\"}]},{\"@type\":\"WebSite\",\"@id\":\"https:\/\/shinyi.vn\/en\/#website\",\"url\":\"https:\/\/shinyi.vn\/en\/\",\"name\":\"Van ShinYi\",\"description\":\"\",\"publisher\":{\"@id\":\"https:\/\/shinyi.vn\/en\/#organization\"},\"potentialAction\":[{\"@type\":\"SearchAction\",\"target\":{\"@type\":\"EntryPoint\",\"urlTemplate\":\"https:\/\/shinyi.vn\/en\/?s={search_term_string}\"},\"query-input\":{\"@type\":\"PropertyValueSpecification\",\"valueRequired\":true,\"valueName\":\"search_term_string\"}}],\"inLanguage\":\"en-US\"},{\"@type\":\"Organization\",\"@id\":\"https:\/\/shinyi.vn\/en\/#organization\",\"name\":\"C\u00d4NG TY C\u1ed4 PH\u1ea6N VAN SHIN YI\",\"url\":\"https:\/\/shinyi.vn\/en\/\",\"logo\":{\"@type\":\"ImageObject\",\"inLanguage\":\"en-US\",\"@id\":\"https:\/\/shinyi.vn\/en\/#\/schema\/logo\/image\/\",\"url\":\"https:\/\/shinyi.vn\/wp-content\/uploads\/2023\/09\/logo-937x1024.png\",\"contentUrl\":\"https:\/\/shinyi.vn\/wp-content\/uploads\/2023\/09\/logo-937x1024.png\",\"width\":937,\"height\":1024,\"caption\":\"C\u00d4NG TY C\u1ed4 PH\u1ea6N VAN SHIN YI\"},\"image\":{\"@id\":\"https:\/\/shinyi.vn\/en\/#\/schema\/logo\/image\/\"},\"sameAs\":[\"https:\/\/www.facebook.com\/congtycophanvanshinyi\/\",\"https:\/\/www.tiktok.com\/@cng.ty.c.phn.van\",\"https:\/\/www.youtube.com\/channel\/UCU6CBGdNHg3aSh8zzJBzp-g\"]}]}<\/script>\n<!-- \/ Yoast SEO Premium plugin. -->","yoast_head_json":{"title":"VAN PHAO - REMOTE FLOAT CONTROL VALVE - SHIN YI VALVES CORPORRATION","description":"Van phao l\u00e0 lo\u1ea1i van \u0111i\u1ec1u khi\u1ec3n m\u1ef1c n\u01b0\u1edbc nh\u1edd s\u1ef1 l\u00ean xu\u1ed1ng c\u1ee7a phao theo m\u1ef1c n\u01b0\u1edbc. Do \u0111\u00f3 van s\u1ebd ki\u1ec3m so\u00e1t ch\u00ednh x\u00e1c m\u1ef1c n\u01b0\u1edbc trong b\u1ed3n ch\u1ee9a, b\u1ec3 n\u01b0\u1edbc. Ho\u1ea1t \u0111\u1ed9ng b\u1eb1ng th\u1ee7y l\u1ef1c, kh\u00f4ng d\u00f9ng \u0111i\u1ec7n. M\u00e0ng van \u0111\u01b0\u1ee3c l\u00e0m t\u1eeb Nylon v\u00e0 Cao su cho \u0111\u1ed9 linh ho\u1ea1t v\u00e0 \u0111\u1ed9 b\u1ec1n cao.","robots":{"index":"index","follow":"follow","max-snippet":"max-snippet:-1","max-image-preview":"max-image-preview:large","max-video-preview":"max-video-preview:-1"},"canonical":"https:\/\/shinyi.vn\/en\/san-pham\/van-phao\/","og_locale":"en_US","og_type":"article","og_title":"VAN PHAO - REMOTE FLOAT CONTROL VALVE","og_description":"Van phao l\u00e0 lo\u1ea1i van \u0111i\u1ec1u khi\u1ec3n m\u1ef1c n\u01b0\u1edbc nh\u1edd s\u1ef1 l\u00ean xu\u1ed1ng c\u1ee7a phao theo m\u1ef1c n\u01b0\u1edbc. Do \u0111\u00f3 van s\u1ebd ki\u1ec3m so\u00e1t ch\u00ednh x\u00e1c m\u1ef1c n\u01b0\u1edbc trong b\u1ed3n ch\u1ee9a, b\u1ec3 n\u01b0\u1edbc. Ho\u1ea1t \u0111\u1ed9ng b\u1eb1ng th\u1ee7y l\u1ef1c, kh\u00f4ng d\u00f9ng \u0111i\u1ec7n. M\u00e0ng van \u0111\u01b0\u1ee3c l\u00e0m t\u1eeb Nylon v\u00e0 Cao su cho \u0111\u1ed9 linh ho\u1ea1t v\u00e0 \u0111\u1ed9 b\u1ec1n cao.","og_url":"https:\/\/shinyi.vn\/en\/san-pham\/van-phao\/","og_site_name":"C\u00d4NG TY C\u1ed4 PH\u1ea6N VAN SHIN YI","article_publisher":"https:\/\/www.facebook.com\/congtycophanvanshinyi\/","article_modified_time":"2023-12-04T09:00:11+00:00","og_image":[{"width":1024,"height":1024,"url":"https:\/\/shinyi.vn\/wp-content\/uploads\/2022\/11\/Van-phao_DN100-1024x1024.png","type":"image\/png"}],"twitter_card":"summary_large_image","schema":{"@context":"https:\/\/schema.org","@graph":[{"@type":"WebPage","@id":"https:\/\/shinyi.vn\/en\/san-pham\/van-phao\/","url":"https:\/\/shinyi.vn\/en\/san-pham\/van-phao\/","name":"VAN PHAO - REMOTE FLOAT CONTROL VALVE","isPartOf":{"@id":"https:\/\/shinyi.vn\/en\/#website"},"primaryImageOfPage":{"@id":"https:\/\/shinyi.vn\/en\/san-pham\/van-phao\/#primaryimage"},"image":{"@id":"https:\/\/shinyi.vn\/en\/san-pham\/van-phao\/#primaryimage"},"thumbnailUrl":"https:\/\/shinyi.vn\/wp-content\/uploads\/2022\/11\/Van-phao_DN100.png","datePublished":"2022-11-06T09:10:13+00:00","dateModified":"2023-12-04T09:00:11+00:00","description":"Van phao l\u00e0 lo\u1ea1i van \u0111i\u1ec1u khi\u1ec3n m\u1ef1c n\u01b0\u1edbc nh\u1edd s\u1ef1 l\u00ean xu\u1ed1ng c\u1ee7a phao theo m\u1ef1c n\u01b0\u1edbc. Do \u0111\u00f3 van s\u1ebd ki\u1ec3m so\u00e1t ch\u00ednh x\u00e1c m\u1ef1c n\u01b0\u1edbc trong b\u1ed3n ch\u1ee9a, b\u1ec3 n\u01b0\u1edbc. Ho\u1ea1t \u0111\u1ed9ng b\u1eb1ng th\u1ee7y l\u1ef1c, kh\u00f4ng d\u00f9ng \u0111i\u1ec7n. M\u00e0ng van \u0111\u01b0\u1ee3c l\u00e0m t\u1eeb Nylon v\u00e0 Cao su cho \u0111\u1ed9 linh ho\u1ea1t v\u00e0 \u0111\u1ed9 b\u1ec1n cao.","breadcrumb":{"@id":"https:\/\/shinyi.vn\/en\/san-pham\/van-phao\/#breadcrumb"},"inLanguage":"en-US","potentialAction":[{"@type":"ReadAction","target":["https:\/\/shinyi.vn\/en\/san-pham\/van-phao\/"]}]},{"@type":"ImageObject","inLanguage":"en-US","@id":"https:\/\/shinyi.vn\/en\/san-pham\/van-phao\/#primaryimage","url":"https:\/\/shinyi.vn\/wp-content\/uploads\/2022\/11\/Van-phao_DN100.png","contentUrl":"https:\/\/shinyi.vn\/wp-content\/uploads\/2022\/11\/Van-phao_DN100.png","width":3722,"height":3722},{"@type":"BreadcrumbList","@id":"https:\/\/shinyi.vn\/en\/san-pham\/van-phao\/#breadcrumb","itemListElement":[{"@type":"ListItem","position":1,"name":"Trang ch\u1ee7","item":"https:\/\/shinyi.vn\/en\/"},{"@type":"ListItem","position":2,"name":"VAN PHAO &#8211; REMOTE FLOAT CONTROL VALVE"}]},{"@type":"WebSite","@id":"https:\/\/shinyi.vn\/en\/#website","url":"https:\/\/shinyi.vn\/en\/","name":"Van ShinYi","description":"","publisher":{"@id":"https:\/\/shinyi.vn\/en\/#organization"},"potentialAction":[{"@type":"SearchAction","target":{"@type":"EntryPoint","urlTemplate":"https:\/\/shinyi.vn\/en\/?s={search_term_string}"},"query-input":{"@type":"PropertyValueSpecification","valueRequired":true,"valueName":"search_term_string"}}],"inLanguage":"en-US"},{"@type":"Organization","@id":"https:\/\/shinyi.vn\/en\/#organization","name":"C\u00d4NG TY C\u1ed4 PH\u1ea6N VAN SHIN YI","url":"https:\/\/shinyi.vn\/en\/","logo":{"@type":"ImageObject","inLanguage":"en-US","@id":"https:\/\/shinyi.vn\/en\/#\/schema\/logo\/image\/","url":"https:\/\/shinyi.vn\/wp-content\/uploads\/2023\/09\/logo-937x1024.png","contentUrl":"https:\/\/shinyi.vn\/wp-content\/uploads\/2023\/09\/logo-937x1024.png","width":937,"height":1024,"caption":"C\u00d4NG TY C\u1ed4 PH\u1ea6N VAN SHIN YI"},"image":{"@id":"https:\/\/shinyi.vn\/en\/#\/schema\/logo\/image\/"},"sameAs":["https:\/\/www.facebook.com\/congtycophanvanshinyi\/","https:\/\/www.tiktok.com\/@cng.ty.c.phn.van","https:\/\/www.youtube.com\/channel\/UCU6CBGdNHg3aSh8zzJBzp-g"]}]}},"_links":{"self":[{"href":"https:\/\/shinyi.vn\/en\/wp-json\/wp\/v2\/product\/558"}],"collection":[{"href":"https:\/\/shinyi.vn\/en\/wp-json\/wp\/v2\/product"}],"about":[{"href":"https:\/\/shinyi.vn\/en\/wp-json\/wp\/v2\/types\/product"}],"wp:featuredmedia":[{"embeddable":true,"href":"https:\/\/shinyi.vn\/en\/wp-json\/wp\/v2\/media\/2598"}],"wp:attachment":[{"href":"https:\/\/shinyi.vn\/en\/wp-json\/wp\/v2\/media?parent=558"}],"wp:term":[{"taxonomy":"product_category","embeddable":true,"href":"https:\/\/shinyi.vn\/en\/wp-json\/wp\/v2\/product_category?post=558"}],"curies":[{"name":"wp","href":"https:\/\/api.w.org\/{rel}","templated":true}]}}