{"id":560,"date":"2022-11-06T16:10:13","date_gmt":"2022-11-06T09:10:13","guid":{"rendered":"http:\/\/localhost\/shinyi.vn\/san-pham\/tru-tiep-nuoc-4-cua\/"},"modified":"2023-10-16T13:56:43","modified_gmt":"2023-10-16T06:56:43","slug":"tru-tiep-nuoc-4-cua","status":"publish","type":"product","link":"https:\/\/shinyi.vn\/en\/san-pham\/tru-tiep-nuoc-4-cua\/","title":{"rendered":"TR\u1ee4 TI\u1ebeP N\u01af\u1edaC PCCC &#8211; BREECHING INLETS"},"excerpt":{"rendered":"<p>Tr\u1ee5 ti\u1ebfp n\u01b0\u1edbc PCCC tr\u00ean m\u1eb7t \u0111\u1ea5t l\u00e0 c\u1eeda ng\u00f5 \u0111\u1ec3 k\u1ebft n\u1ed1i v\u00e0 ti\u1ebfp n\u01b0\u1edbc cho h\u1ec7 th\u1ed1ng PCCC trong nh\u00e0. Trong tr\u01b0\u1eddng h\u1ee3p h\u1ecfa ho\u1ea1n, l\u1ef1c l\u01b0\u1ee3ng PCCC s\u1ebd k\u1ebft n\u1ed1i v\u00f2i v\u00e0 d\u00f9ng m\u00e1y b\u01a1m cao \u00e1p c\u1ea5p n\u01b0\u1edbc v\u00e0o h\u1ec7 th\u1ed1ng PCCC trong t\u00f2a nh\u00e0.<\/p>\n","protected":false},"featured_media":2627,"template":"","meta":[],"product_category":[18],"acf":[],"yoast_head":"<!-- This site is optimized with the Yoast SEO Premium plugin v23.5 (Yoast SEO v23.5) - https:\/\/yoast.com\/wordpress\/plugins\/seo\/ -->\n<title>TR\u1ee4 TI\u1ebeP N\u01af\u1edaC PCCC - BREECHING INLETS - SHIN YI VALVES CORPORRATION<\/title>\n<meta name=\"description\" content=\"Tr\u1ee5 ti\u1ebfp n\u01b0\u1edbc PCCC tr\u00ean m\u1eb7t \u0111\u1ea5t l\u00e0 c\u1eeda ng\u00f5 \u0111\u1ec3 k\u1ebft n\u1ed1i v\u00e0 ti\u1ebfp n\u01b0\u1edbc cho h\u1ec7 th\u1ed1ng PCCC trong nh\u00e0. Trong tr\u01b0\u1eddng h\u1ee3p h\u1ecfa ho\u1ea1n, l\u1ef1c l\u01b0\u1ee3ng PCCC s\u1ebd k\u1ebft n\u1ed1i v\u00f2i v\u00e0 d\u00f9ng m\u00e1y b\u01a1m cao \u00e1p c\u1ea5p n\u01b0\u1edbc v\u00e0o h\u1ec7 th\u1ed1ng PCCC trong t\u00f2a nh\u00e0.\" \/>\n<meta name=\"robots\" content=\"index, follow, max-snippet:-1, max-image-preview:large, max-video-preview:-1\" \/>\n<link rel=\"canonical\" href=\"https:\/\/shinyi.vn\/en\/san-pham\/tru-tiep-nuoc-4-cua\/\" \/>\n<meta property=\"og:locale\" content=\"en_US\" \/>\n<meta property=\"og:type\" content=\"article\" \/>\n<meta property=\"og:title\" content=\"TR\u1ee4 TI\u1ebeP N\u01af\u1edaC PCCC - BREECHING INLETS\" \/>\n<meta property=\"og:description\" content=\"Tr\u1ee5 ti\u1ebfp n\u01b0\u1edbc PCCC tr\u00ean m\u1eb7t \u0111\u1ea5t l\u00e0 c\u1eeda ng\u00f5 \u0111\u1ec3 k\u1ebft n\u1ed1i v\u00e0 ti\u1ebfp n\u01b0\u1edbc cho h\u1ec7 th\u1ed1ng PCCC trong nh\u00e0. Trong tr\u01b0\u1eddng h\u1ee3p h\u1ecfa ho\u1ea1n, l\u1ef1c l\u01b0\u1ee3ng PCCC s\u1ebd k\u1ebft n\u1ed1i v\u00f2i v\u00e0 d\u00f9ng m\u00e1y b\u01a1m cao \u00e1p c\u1ea5p n\u01b0\u1edbc v\u00e0o h\u1ec7 th\u1ed1ng PCCC trong t\u00f2a nh\u00e0.\" \/>\n<meta property=\"og:url\" content=\"https:\/\/shinyi.vn\/en\/san-pham\/tru-tiep-nuoc-4-cua\/\" \/>\n<meta property=\"og:site_name\" content=\"C\u00d4NG TY C\u1ed4 PH\u1ea6N VAN SHIN YI\" \/>\n<meta property=\"article:publisher\" content=\"https:\/\/www.facebook.com\/congtycophanvanshinyi\/\" \/>\n<meta property=\"article:modified_time\" content=\"2023-10-16T06:56:43+00:00\" \/>\n<meta property=\"og:image\" content=\"https:\/\/shinyi.vn\/wp-content\/uploads\/2022\/11\/Tru-tiep-nuoc-2-cua-PCCC-1.png\" \/>\n\t<meta property=\"og:image:width\" content=\"907\" \/>\n\t<meta property=\"og:image:height\" content=\"907\" \/>\n\t<meta property=\"og:image:type\" content=\"image\/png\" \/>\n<meta name=\"twitter:card\" content=\"summary_large_image\" \/>\n<script type=\"application\/ld+json\" class=\"yoast-schema-graph\">{\"@context\":\"https:\/\/schema.org\",\"@graph\":[{\"@type\":\"WebPage\",\"@id\":\"https:\/\/shinyi.vn\/en\/san-pham\/tru-tiep-nuoc-4-cua\/\",\"url\":\"https:\/\/shinyi.vn\/en\/san-pham\/tru-tiep-nuoc-4-cua\/\",\"name\":\"TR\u1ee4 TI\u1ebeP N\u01af\u1edaC PCCC - BREECHING INLETS\",\"isPartOf\":{\"@id\":\"https:\/\/shinyi.vn\/en\/#website\"},\"primaryImageOfPage\":{\"@id\":\"https:\/\/shinyi.vn\/en\/san-pham\/tru-tiep-nuoc-4-cua\/#primaryimage\"},\"image\":{\"@id\":\"https:\/\/shinyi.vn\/en\/san-pham\/tru-tiep-nuoc-4-cua\/#primaryimage\"},\"thumbnailUrl\":\"https:\/\/shinyi.vn\/wp-content\/uploads\/2022\/11\/Tru-tiep-nuoc-2-cua-PCCC-1.png\",\"datePublished\":\"2022-11-06T09:10:13+00:00\",\"dateModified\":\"2023-10-16T06:56:43+00:00\",\"description\":\"Tr\u1ee5 ti\u1ebfp n\u01b0\u1edbc PCCC tr\u00ean m\u1eb7t \u0111\u1ea5t l\u00e0 c\u1eeda ng\u00f5 \u0111\u1ec3 k\u1ebft n\u1ed1i v\u00e0 ti\u1ebfp n\u01b0\u1edbc cho h\u1ec7 th\u1ed1ng PCCC trong nh\u00e0. Trong tr\u01b0\u1eddng h\u1ee3p h\u1ecfa ho\u1ea1n, l\u1ef1c l\u01b0\u1ee3ng PCCC s\u1ebd k\u1ebft n\u1ed1i v\u00f2i v\u00e0 d\u00f9ng m\u00e1y b\u01a1m cao \u00e1p c\u1ea5p n\u01b0\u1edbc v\u00e0o h\u1ec7 th\u1ed1ng PCCC trong t\u00f2a nh\u00e0.\",\"breadcrumb\":{\"@id\":\"https:\/\/shinyi.vn\/en\/san-pham\/tru-tiep-nuoc-4-cua\/#breadcrumb\"},\"inLanguage\":\"en-US\",\"potentialAction\":[{\"@type\":\"ReadAction\",\"target\":[\"https:\/\/shinyi.vn\/en\/san-pham\/tru-tiep-nuoc-4-cua\/\"]}]},{\"@type\":\"ImageObject\",\"inLanguage\":\"en-US\",\"@id\":\"https:\/\/shinyi.vn\/en\/san-pham\/tru-tiep-nuoc-4-cua\/#primaryimage\",\"url\":\"https:\/\/shinyi.vn\/wp-content\/uploads\/2022\/11\/Tru-tiep-nuoc-2-cua-PCCC-1.png\",\"contentUrl\":\"https:\/\/shinyi.vn\/wp-content\/uploads\/2022\/11\/Tru-tiep-nuoc-2-cua-PCCC-1.png\",\"width\":907,\"height\":907},{\"@type\":\"BreadcrumbList\",\"@id\":\"https:\/\/shinyi.vn\/en\/san-pham\/tru-tiep-nuoc-4-cua\/#breadcrumb\",\"itemListElement\":[{\"@type\":\"ListItem\",\"position\":1,\"name\":\"Trang ch\u1ee7\",\"item\":\"https:\/\/shinyi.vn\/en\/\"},{\"@type\":\"ListItem\",\"position\":2,\"name\":\"TR\u1ee4 TI\u1ebeP N\u01af\u1edaC PCCC &#8211; BREECHING INLETS\"}]},{\"@type\":\"WebSite\",\"@id\":\"https:\/\/shinyi.vn\/en\/#website\",\"url\":\"https:\/\/shinyi.vn\/en\/\",\"name\":\"Van ShinYi\",\"description\":\"\",\"publisher\":{\"@id\":\"https:\/\/shinyi.vn\/en\/#organization\"},\"potentialAction\":[{\"@type\":\"SearchAction\",\"target\":{\"@type\":\"EntryPoint\",\"urlTemplate\":\"https:\/\/shinyi.vn\/en\/?s={search_term_string}\"},\"query-input\":{\"@type\":\"PropertyValueSpecification\",\"valueRequired\":true,\"valueName\":\"search_term_string\"}}],\"inLanguage\":\"en-US\"},{\"@type\":\"Organization\",\"@id\":\"https:\/\/shinyi.vn\/en\/#organization\",\"name\":\"C\u00d4NG TY C\u1ed4 PH\u1ea6N VAN SHIN YI\",\"url\":\"https:\/\/shinyi.vn\/en\/\",\"logo\":{\"@type\":\"ImageObject\",\"inLanguage\":\"en-US\",\"@id\":\"https:\/\/shinyi.vn\/en\/#\/schema\/logo\/image\/\",\"url\":\"https:\/\/shinyi.vn\/wp-content\/uploads\/2023\/09\/logo-937x1024.png\",\"contentUrl\":\"https:\/\/shinyi.vn\/wp-content\/uploads\/2023\/09\/logo-937x1024.png\",\"width\":937,\"height\":1024,\"caption\":\"C\u00d4NG TY C\u1ed4 PH\u1ea6N VAN SHIN YI\"},\"image\":{\"@id\":\"https:\/\/shinyi.vn\/en\/#\/schema\/logo\/image\/\"},\"sameAs\":[\"https:\/\/www.facebook.com\/congtycophanvanshinyi\/\",\"https:\/\/www.tiktok.com\/@cng.ty.c.phn.van\",\"https:\/\/www.youtube.com\/channel\/UCU6CBGdNHg3aSh8zzJBzp-g\"]}]}<\/script>\n<!-- \/ Yoast SEO Premium plugin. -->","yoast_head_json":{"title":"TR\u1ee4 TI\u1ebeP N\u01af\u1edaC PCCC - BREECHING INLETS - SHIN YI VALVES CORPORRATION","description":"Tr\u1ee5 ti\u1ebfp n\u01b0\u1edbc PCCC tr\u00ean m\u1eb7t \u0111\u1ea5t l\u00e0 c\u1eeda ng\u00f5 \u0111\u1ec3 k\u1ebft n\u1ed1i v\u00e0 ti\u1ebfp n\u01b0\u1edbc cho h\u1ec7 th\u1ed1ng PCCC trong nh\u00e0. Trong tr\u01b0\u1eddng h\u1ee3p h\u1ecfa ho\u1ea1n, l\u1ef1c l\u01b0\u1ee3ng PCCC s\u1ebd k\u1ebft n\u1ed1i v\u00f2i v\u00e0 d\u00f9ng m\u00e1y b\u01a1m cao \u00e1p c\u1ea5p n\u01b0\u1edbc v\u00e0o h\u1ec7 th\u1ed1ng PCCC trong t\u00f2a nh\u00e0.","robots":{"index":"index","follow":"follow","max-snippet":"max-snippet:-1","max-image-preview":"max-image-preview:large","max-video-preview":"max-video-preview:-1"},"canonical":"https:\/\/shinyi.vn\/en\/san-pham\/tru-tiep-nuoc-4-cua\/","og_locale":"en_US","og_type":"article","og_title":"TR\u1ee4 TI\u1ebeP N\u01af\u1edaC PCCC - BREECHING INLETS","og_description":"Tr\u1ee5 ti\u1ebfp n\u01b0\u1edbc PCCC tr\u00ean m\u1eb7t \u0111\u1ea5t l\u00e0 c\u1eeda ng\u00f5 \u0111\u1ec3 k\u1ebft n\u1ed1i v\u00e0 ti\u1ebfp n\u01b0\u1edbc cho h\u1ec7 th\u1ed1ng PCCC trong nh\u00e0. Trong tr\u01b0\u1eddng h\u1ee3p h\u1ecfa ho\u1ea1n, l\u1ef1c l\u01b0\u1ee3ng PCCC s\u1ebd k\u1ebft n\u1ed1i v\u00f2i v\u00e0 d\u00f9ng m\u00e1y b\u01a1m cao \u00e1p c\u1ea5p n\u01b0\u1edbc v\u00e0o h\u1ec7 th\u1ed1ng PCCC trong t\u00f2a nh\u00e0.","og_url":"https:\/\/shinyi.vn\/en\/san-pham\/tru-tiep-nuoc-4-cua\/","og_site_name":"C\u00d4NG TY C\u1ed4 PH\u1ea6N VAN SHIN YI","article_publisher":"https:\/\/www.facebook.com\/congtycophanvanshinyi\/","article_modified_time":"2023-10-16T06:56:43+00:00","og_image":[{"width":907,"height":907,"url":"https:\/\/shinyi.vn\/wp-content\/uploads\/2022\/11\/Tru-tiep-nuoc-2-cua-PCCC-1.png","type":"image\/png"}],"twitter_card":"summary_large_image","schema":{"@context":"https:\/\/schema.org","@graph":[{"@type":"WebPage","@id":"https:\/\/shinyi.vn\/en\/san-pham\/tru-tiep-nuoc-4-cua\/","url":"https:\/\/shinyi.vn\/en\/san-pham\/tru-tiep-nuoc-4-cua\/","name":"TR\u1ee4 TI\u1ebeP N\u01af\u1edaC PCCC - BREECHING INLETS","isPartOf":{"@id":"https:\/\/shinyi.vn\/en\/#website"},"primaryImageOfPage":{"@id":"https:\/\/shinyi.vn\/en\/san-pham\/tru-tiep-nuoc-4-cua\/#primaryimage"},"image":{"@id":"https:\/\/shinyi.vn\/en\/san-pham\/tru-tiep-nuoc-4-cua\/#primaryimage"},"thumbnailUrl":"https:\/\/shinyi.vn\/wp-content\/uploads\/2022\/11\/Tru-tiep-nuoc-2-cua-PCCC-1.png","datePublished":"2022-11-06T09:10:13+00:00","dateModified":"2023-10-16T06:56:43+00:00","description":"Tr\u1ee5 ti\u1ebfp n\u01b0\u1edbc PCCC tr\u00ean m\u1eb7t \u0111\u1ea5t l\u00e0 c\u1eeda ng\u00f5 \u0111\u1ec3 k\u1ebft n\u1ed1i v\u00e0 ti\u1ebfp n\u01b0\u1edbc cho h\u1ec7 th\u1ed1ng PCCC trong nh\u00e0. Trong tr\u01b0\u1eddng h\u1ee3p h\u1ecfa ho\u1ea1n, l\u1ef1c l\u01b0\u1ee3ng PCCC s\u1ebd k\u1ebft n\u1ed1i v\u00f2i v\u00e0 d\u00f9ng m\u00e1y b\u01a1m cao \u00e1p c\u1ea5p n\u01b0\u1edbc v\u00e0o h\u1ec7 th\u1ed1ng PCCC trong t\u00f2a nh\u00e0.","breadcrumb":{"@id":"https:\/\/shinyi.vn\/en\/san-pham\/tru-tiep-nuoc-4-cua\/#breadcrumb"},"inLanguage":"en-US","potentialAction":[{"@type":"ReadAction","target":["https:\/\/shinyi.vn\/en\/san-pham\/tru-tiep-nuoc-4-cua\/"]}]},{"@type":"ImageObject","inLanguage":"en-US","@id":"https:\/\/shinyi.vn\/en\/san-pham\/tru-tiep-nuoc-4-cua\/#primaryimage","url":"https:\/\/shinyi.vn\/wp-content\/uploads\/2022\/11\/Tru-tiep-nuoc-2-cua-PCCC-1.png","contentUrl":"https:\/\/shinyi.vn\/wp-content\/uploads\/2022\/11\/Tru-tiep-nuoc-2-cua-PCCC-1.png","width":907,"height":907},{"@type":"BreadcrumbList","@id":"https:\/\/shinyi.vn\/en\/san-pham\/tru-tiep-nuoc-4-cua\/#breadcrumb","itemListElement":[{"@type":"ListItem","position":1,"name":"Trang ch\u1ee7","item":"https:\/\/shinyi.vn\/en\/"},{"@type":"ListItem","position":2,"name":"TR\u1ee4 TI\u1ebeP N\u01af\u1edaC PCCC &#8211; BREECHING INLETS"}]},{"@type":"WebSite","@id":"https:\/\/shinyi.vn\/en\/#website","url":"https:\/\/shinyi.vn\/en\/","name":"Van ShinYi","description":"","publisher":{"@id":"https:\/\/shinyi.vn\/en\/#organization"},"potentialAction":[{"@type":"SearchAction","target":{"@type":"EntryPoint","urlTemplate":"https:\/\/shinyi.vn\/en\/?s={search_term_string}"},"query-input":{"@type":"PropertyValueSpecification","valueRequired":true,"valueName":"search_term_string"}}],"inLanguage":"en-US"},{"@type":"Organization","@id":"https:\/\/shinyi.vn\/en\/#organization","name":"C\u00d4NG TY C\u1ed4 PH\u1ea6N VAN SHIN YI","url":"https:\/\/shinyi.vn\/en\/","logo":{"@type":"ImageObject","inLanguage":"en-US","@id":"https:\/\/shinyi.vn\/en\/#\/schema\/logo\/image\/","url":"https:\/\/shinyi.vn\/wp-content\/uploads\/2023\/09\/logo-937x1024.png","contentUrl":"https:\/\/shinyi.vn\/wp-content\/uploads\/2023\/09\/logo-937x1024.png","width":937,"height":1024,"caption":"C\u00d4NG TY C\u1ed4 PH\u1ea6N VAN SHIN YI"},"image":{"@id":"https:\/\/shinyi.vn\/en\/#\/schema\/logo\/image\/"},"sameAs":["https:\/\/www.facebook.com\/congtycophanvanshinyi\/","https:\/\/www.tiktok.com\/@cng.ty.c.phn.van","https:\/\/www.youtube.com\/channel\/UCU6CBGdNHg3aSh8zzJBzp-g"]}]}},"_links":{"self":[{"href":"https:\/\/shinyi.vn\/en\/wp-json\/wp\/v2\/product\/560"}],"collection":[{"href":"https:\/\/shinyi.vn\/en\/wp-json\/wp\/v2\/product"}],"about":[{"href":"https:\/\/shinyi.vn\/en\/wp-json\/wp\/v2\/types\/product"}],"wp:featuredmedia":[{"embeddable":true,"href":"https:\/\/shinyi.vn\/en\/wp-json\/wp\/v2\/media\/2627"}],"wp:attachment":[{"href":"https:\/\/shinyi.vn\/en\/wp-json\/wp\/v2\/media?parent=560"}],"wp:term":[{"taxonomy":"product_category","embeddable":true,"href":"https:\/\/shinyi.vn\/en\/wp-json\/wp\/v2\/product_category?post=560"}],"curies":[{"name":"wp","href":"https:\/\/api.w.org\/{rel}","templated":true}]}}