{"id":562,"date":"2022-11-06T16:10:13","date_gmt":"2022-11-06T09:10:13","guid":{"rendered":"http:\/\/localhost\/shinyi.vn\/san-pham\/van-hut\/"},"modified":"2023-10-16T13:30:44","modified_gmt":"2023-10-16T06:30:44","slug":"van-hut","status":"publish","type":"product","link":"https:\/\/shinyi.vn\/en\/san-pham\/van-hut\/","title":{"rendered":"VAN H\u00daT &#8211; FOOT VALVE"},"excerpt":{"rendered":"<p>Van h\u00fat \u0111\u01b0\u1ee3c s\u1eed d\u1ee5ng \u0111\u1ec3 ch\u1ed1ng d\u00f2ng ch\u1ea3y ng\u01b0\u1ee3c, gi\u1eef l\u1ea1i m\u1ef1c n\u01b0\u1edbc trong \u0111\u01b0\u1eddng \u1ed1ng t\u1eeb \u0111\u00e1y h\u1ed3, \u0111\u00e1y b\u1ec3 \u0111\u1ebfn m\u00e1y b\u01a1m. \u0110\u1ed3ng th\u1eddi ng\u0103n c\u00e1c d\u1ecb v\u1eadt hay c\u00e1t, s\u1ecfi l\u1ecdt v\u00e0o m\u00e1y b\u01a1m.<\/p>\n","protected":false},"featured_media":1773,"template":"","meta":[],"product_category":[16],"acf":[],"yoast_head":"<!-- This site is optimized with the Yoast SEO Premium plugin v23.5 (Yoast SEO v23.5) - https:\/\/yoast.com\/wordpress\/plugins\/seo\/ -->\n<title>VAN H\u00daT - FOOT VALVE - SHIN YI VALVES CORPORRATION<\/title>\n<meta name=\"description\" content=\"Van h\u00fat \u0111\u01b0\u1ee3c s\u1eed d\u1ee5ng \u0111\u1ec3 ch\u1ed1ng d\u00f2ng ch\u1ea3y ng\u01b0\u1ee3c, gi\u1eef l\u1ea1i m\u1ef1c n\u01b0\u1edbc trong \u0111\u01b0\u1eddng \u1ed1ng t\u1eeb \u0111\u00e1y h\u1ed3, \u0111\u00e1y b\u1ec3 \u0111\u1ebfn m\u00e1y b\u01a1m. \u0110\u1ed3ng th\u1eddi ng\u0103n c\u00e1c d\u1ecb v\u1eadt hay c\u00e1t, s\u1ecfi l\u1ecdt v\u00e0o m\u00e1y b\u01a1m.\" \/>\n<meta name=\"robots\" content=\"index, follow, max-snippet:-1, max-image-preview:large, max-video-preview:-1\" \/>\n<link rel=\"canonical\" href=\"https:\/\/shinyi.vn\/en\/san-pham\/van-hut\/\" \/>\n<meta property=\"og:locale\" content=\"en_US\" \/>\n<meta property=\"og:type\" content=\"article\" \/>\n<meta property=\"og:title\" content=\"VAN H\u00daT - FOOT VALVE\" \/>\n<meta property=\"og:description\" content=\"Van h\u00fat \u0111\u01b0\u1ee3c s\u1eed d\u1ee5ng \u0111\u1ec3 ch\u1ed1ng d\u00f2ng ch\u1ea3y ng\u01b0\u1ee3c, gi\u1eef l\u1ea1i m\u1ef1c n\u01b0\u1edbc trong \u0111\u01b0\u1eddng \u1ed1ng t\u1eeb \u0111\u00e1y h\u1ed3, \u0111\u00e1y b\u1ec3 \u0111\u1ebfn m\u00e1y b\u01a1m. \u0110\u1ed3ng th\u1eddi ng\u0103n c\u00e1c d\u1ecb v\u1eadt hay c\u00e1t, s\u1ecfi l\u1ecdt v\u00e0o m\u00e1y b\u01a1m.\" \/>\n<meta property=\"og:url\" content=\"https:\/\/shinyi.vn\/en\/san-pham\/van-hut\/\" \/>\n<meta property=\"og:site_name\" content=\"C\u00d4NG TY C\u1ed4 PH\u1ea6N VAN SHIN YI\" \/>\n<meta property=\"article:publisher\" content=\"https:\/\/www.facebook.com\/congtycophanvanshinyi\/\" \/>\n<meta property=\"article:modified_time\" content=\"2023-10-16T06:30:44+00:00\" \/>\n<meta property=\"og:image\" content=\"https:\/\/shinyi.vn\/wp-content\/uploads\/2022\/11\/29-768x768-1.png\" \/>\n\t<meta property=\"og:image:width\" content=\"768\" \/>\n\t<meta property=\"og:image:height\" content=\"768\" \/>\n\t<meta property=\"og:image:type\" content=\"image\/png\" \/>\n<meta name=\"twitter:card\" content=\"summary_large_image\" \/>\n<script type=\"application\/ld+json\" class=\"yoast-schema-graph\">{\"@context\":\"https:\/\/schema.org\",\"@graph\":[{\"@type\":\"WebPage\",\"@id\":\"https:\/\/shinyi.vn\/en\/san-pham\/van-hut\/\",\"url\":\"https:\/\/shinyi.vn\/en\/san-pham\/van-hut\/\",\"name\":\"VAN H\u00daT - FOOT VALVE\",\"isPartOf\":{\"@id\":\"https:\/\/shinyi.vn\/en\/#website\"},\"primaryImageOfPage\":{\"@id\":\"https:\/\/shinyi.vn\/en\/san-pham\/van-hut\/#primaryimage\"},\"image\":{\"@id\":\"https:\/\/shinyi.vn\/en\/san-pham\/van-hut\/#primaryimage\"},\"thumbnailUrl\":\"https:\/\/shinyi.vn\/wp-content\/uploads\/2022\/11\/29-768x768-1.png\",\"datePublished\":\"2022-11-06T09:10:13+00:00\",\"dateModified\":\"2023-10-16T06:30:44+00:00\",\"description\":\"Van h\u00fat \u0111\u01b0\u1ee3c s\u1eed d\u1ee5ng \u0111\u1ec3 ch\u1ed1ng d\u00f2ng ch\u1ea3y ng\u01b0\u1ee3c, gi\u1eef l\u1ea1i m\u1ef1c n\u01b0\u1edbc trong \u0111\u01b0\u1eddng \u1ed1ng t\u1eeb \u0111\u00e1y h\u1ed3, \u0111\u00e1y b\u1ec3 \u0111\u1ebfn m\u00e1y b\u01a1m. \u0110\u1ed3ng th\u1eddi ng\u0103n c\u00e1c d\u1ecb v\u1eadt hay c\u00e1t, s\u1ecfi l\u1ecdt v\u00e0o m\u00e1y b\u01a1m.\",\"breadcrumb\":{\"@id\":\"https:\/\/shinyi.vn\/en\/san-pham\/van-hut\/#breadcrumb\"},\"inLanguage\":\"en-US\",\"potentialAction\":[{\"@type\":\"ReadAction\",\"target\":[\"https:\/\/shinyi.vn\/en\/san-pham\/van-hut\/\"]}]},{\"@type\":\"ImageObject\",\"inLanguage\":\"en-US\",\"@id\":\"https:\/\/shinyi.vn\/en\/san-pham\/van-hut\/#primaryimage\",\"url\":\"https:\/\/shinyi.vn\/wp-content\/uploads\/2022\/11\/29-768x768-1.png\",\"contentUrl\":\"https:\/\/shinyi.vn\/wp-content\/uploads\/2022\/11\/29-768x768-1.png\",\"width\":768,\"height\":768},{\"@type\":\"BreadcrumbList\",\"@id\":\"https:\/\/shinyi.vn\/en\/san-pham\/van-hut\/#breadcrumb\",\"itemListElement\":[{\"@type\":\"ListItem\",\"position\":1,\"name\":\"Trang ch\u1ee7\",\"item\":\"https:\/\/shinyi.vn\/en\/\"},{\"@type\":\"ListItem\",\"position\":2,\"name\":\"VAN H\u00daT &#8211; FOOT VALVE\"}]},{\"@type\":\"WebSite\",\"@id\":\"https:\/\/shinyi.vn\/en\/#website\",\"url\":\"https:\/\/shinyi.vn\/en\/\",\"name\":\"Van ShinYi\",\"description\":\"\",\"publisher\":{\"@id\":\"https:\/\/shinyi.vn\/en\/#organization\"},\"potentialAction\":[{\"@type\":\"SearchAction\",\"target\":{\"@type\":\"EntryPoint\",\"urlTemplate\":\"https:\/\/shinyi.vn\/en\/?s={search_term_string}\"},\"query-input\":{\"@type\":\"PropertyValueSpecification\",\"valueRequired\":true,\"valueName\":\"search_term_string\"}}],\"inLanguage\":\"en-US\"},{\"@type\":\"Organization\",\"@id\":\"https:\/\/shinyi.vn\/en\/#organization\",\"name\":\"C\u00d4NG TY C\u1ed4 PH\u1ea6N VAN SHIN YI\",\"url\":\"https:\/\/shinyi.vn\/en\/\",\"logo\":{\"@type\":\"ImageObject\",\"inLanguage\":\"en-US\",\"@id\":\"https:\/\/shinyi.vn\/en\/#\/schema\/logo\/image\/\",\"url\":\"https:\/\/shinyi.vn\/wp-content\/uploads\/2023\/09\/logo-937x1024.png\",\"contentUrl\":\"https:\/\/shinyi.vn\/wp-content\/uploads\/2023\/09\/logo-937x1024.png\",\"width\":937,\"height\":1024,\"caption\":\"C\u00d4NG TY C\u1ed4 PH\u1ea6N VAN SHIN YI\"},\"image\":{\"@id\":\"https:\/\/shinyi.vn\/en\/#\/schema\/logo\/image\/\"},\"sameAs\":[\"https:\/\/www.facebook.com\/congtycophanvanshinyi\/\",\"https:\/\/www.tiktok.com\/@cng.ty.c.phn.van\",\"https:\/\/www.youtube.com\/channel\/UCU6CBGdNHg3aSh8zzJBzp-g\"]}]}<\/script>\n<!-- \/ Yoast SEO Premium plugin. -->","yoast_head_json":{"title":"VAN H\u00daT - FOOT VALVE - SHIN YI VALVES CORPORRATION","description":"Van h\u00fat \u0111\u01b0\u1ee3c s\u1eed d\u1ee5ng \u0111\u1ec3 ch\u1ed1ng d\u00f2ng ch\u1ea3y ng\u01b0\u1ee3c, gi\u1eef l\u1ea1i m\u1ef1c n\u01b0\u1edbc trong \u0111\u01b0\u1eddng \u1ed1ng t\u1eeb \u0111\u00e1y h\u1ed3, \u0111\u00e1y b\u1ec3 \u0111\u1ebfn m\u00e1y b\u01a1m. \u0110\u1ed3ng th\u1eddi ng\u0103n c\u00e1c d\u1ecb v\u1eadt hay c\u00e1t, s\u1ecfi l\u1ecdt v\u00e0o m\u00e1y b\u01a1m.","robots":{"index":"index","follow":"follow","max-snippet":"max-snippet:-1","max-image-preview":"max-image-preview:large","max-video-preview":"max-video-preview:-1"},"canonical":"https:\/\/shinyi.vn\/en\/san-pham\/van-hut\/","og_locale":"en_US","og_type":"article","og_title":"VAN H\u00daT - FOOT VALVE","og_description":"Van h\u00fat \u0111\u01b0\u1ee3c s\u1eed d\u1ee5ng \u0111\u1ec3 ch\u1ed1ng d\u00f2ng ch\u1ea3y ng\u01b0\u1ee3c, gi\u1eef l\u1ea1i m\u1ef1c n\u01b0\u1edbc trong \u0111\u01b0\u1eddng \u1ed1ng t\u1eeb \u0111\u00e1y h\u1ed3, \u0111\u00e1y b\u1ec3 \u0111\u1ebfn m\u00e1y b\u01a1m. \u0110\u1ed3ng th\u1eddi ng\u0103n c\u00e1c d\u1ecb v\u1eadt hay c\u00e1t, s\u1ecfi l\u1ecdt v\u00e0o m\u00e1y b\u01a1m.","og_url":"https:\/\/shinyi.vn\/en\/san-pham\/van-hut\/","og_site_name":"C\u00d4NG TY C\u1ed4 PH\u1ea6N VAN SHIN YI","article_publisher":"https:\/\/www.facebook.com\/congtycophanvanshinyi\/","article_modified_time":"2023-10-16T06:30:44+00:00","og_image":[{"width":768,"height":768,"url":"https:\/\/shinyi.vn\/wp-content\/uploads\/2022\/11\/29-768x768-1.png","type":"image\/png"}],"twitter_card":"summary_large_image","schema":{"@context":"https:\/\/schema.org","@graph":[{"@type":"WebPage","@id":"https:\/\/shinyi.vn\/en\/san-pham\/van-hut\/","url":"https:\/\/shinyi.vn\/en\/san-pham\/van-hut\/","name":"VAN H\u00daT - FOOT VALVE","isPartOf":{"@id":"https:\/\/shinyi.vn\/en\/#website"},"primaryImageOfPage":{"@id":"https:\/\/shinyi.vn\/en\/san-pham\/van-hut\/#primaryimage"},"image":{"@id":"https:\/\/shinyi.vn\/en\/san-pham\/van-hut\/#primaryimage"},"thumbnailUrl":"https:\/\/shinyi.vn\/wp-content\/uploads\/2022\/11\/29-768x768-1.png","datePublished":"2022-11-06T09:10:13+00:00","dateModified":"2023-10-16T06:30:44+00:00","description":"Van h\u00fat \u0111\u01b0\u1ee3c s\u1eed d\u1ee5ng \u0111\u1ec3 ch\u1ed1ng d\u00f2ng ch\u1ea3y ng\u01b0\u1ee3c, gi\u1eef l\u1ea1i m\u1ef1c n\u01b0\u1edbc trong \u0111\u01b0\u1eddng \u1ed1ng t\u1eeb \u0111\u00e1y h\u1ed3, \u0111\u00e1y b\u1ec3 \u0111\u1ebfn m\u00e1y b\u01a1m. \u0110\u1ed3ng th\u1eddi ng\u0103n c\u00e1c d\u1ecb v\u1eadt hay c\u00e1t, s\u1ecfi l\u1ecdt v\u00e0o m\u00e1y b\u01a1m.","breadcrumb":{"@id":"https:\/\/shinyi.vn\/en\/san-pham\/van-hut\/#breadcrumb"},"inLanguage":"en-US","potentialAction":[{"@type":"ReadAction","target":["https:\/\/shinyi.vn\/en\/san-pham\/van-hut\/"]}]},{"@type":"ImageObject","inLanguage":"en-US","@id":"https:\/\/shinyi.vn\/en\/san-pham\/van-hut\/#primaryimage","url":"https:\/\/shinyi.vn\/wp-content\/uploads\/2022\/11\/29-768x768-1.png","contentUrl":"https:\/\/shinyi.vn\/wp-content\/uploads\/2022\/11\/29-768x768-1.png","width":768,"height":768},{"@type":"BreadcrumbList","@id":"https:\/\/shinyi.vn\/en\/san-pham\/van-hut\/#breadcrumb","itemListElement":[{"@type":"ListItem","position":1,"name":"Trang ch\u1ee7","item":"https:\/\/shinyi.vn\/en\/"},{"@type":"ListItem","position":2,"name":"VAN H\u00daT &#8211; FOOT VALVE"}]},{"@type":"WebSite","@id":"https:\/\/shinyi.vn\/en\/#website","url":"https:\/\/shinyi.vn\/en\/","name":"Van ShinYi","description":"","publisher":{"@id":"https:\/\/shinyi.vn\/en\/#organization"},"potentialAction":[{"@type":"SearchAction","target":{"@type":"EntryPoint","urlTemplate":"https:\/\/shinyi.vn\/en\/?s={search_term_string}"},"query-input":{"@type":"PropertyValueSpecification","valueRequired":true,"valueName":"search_term_string"}}],"inLanguage":"en-US"},{"@type":"Organization","@id":"https:\/\/shinyi.vn\/en\/#organization","name":"C\u00d4NG TY C\u1ed4 PH\u1ea6N VAN SHIN YI","url":"https:\/\/shinyi.vn\/en\/","logo":{"@type":"ImageObject","inLanguage":"en-US","@id":"https:\/\/shinyi.vn\/en\/#\/schema\/logo\/image\/","url":"https:\/\/shinyi.vn\/wp-content\/uploads\/2023\/09\/logo-937x1024.png","contentUrl":"https:\/\/shinyi.vn\/wp-content\/uploads\/2023\/09\/logo-937x1024.png","width":937,"height":1024,"caption":"C\u00d4NG TY C\u1ed4 PH\u1ea6N VAN SHIN YI"},"image":{"@id":"https:\/\/shinyi.vn\/en\/#\/schema\/logo\/image\/"},"sameAs":["https:\/\/www.facebook.com\/congtycophanvanshinyi\/","https:\/\/www.tiktok.com\/@cng.ty.c.phn.van","https:\/\/www.youtube.com\/channel\/UCU6CBGdNHg3aSh8zzJBzp-g"]}]}},"_links":{"self":[{"href":"https:\/\/shinyi.vn\/en\/wp-json\/wp\/v2\/product\/562"}],"collection":[{"href":"https:\/\/shinyi.vn\/en\/wp-json\/wp\/v2\/product"}],"about":[{"href":"https:\/\/shinyi.vn\/en\/wp-json\/wp\/v2\/types\/product"}],"wp:featuredmedia":[{"embeddable":true,"href":"https:\/\/shinyi.vn\/en\/wp-json\/wp\/v2\/media\/1773"}],"wp:attachment":[{"href":"https:\/\/shinyi.vn\/en\/wp-json\/wp\/v2\/media?parent=562"}],"wp:term":[{"taxonomy":"product_category","embeddable":true,"href":"https:\/\/shinyi.vn\/en\/wp-json\/wp\/v2\/product_category?post=562"}],"curies":[{"name":"wp","href":"https:\/\/api.w.org\/{rel}","templated":true}]}}