{"id":563,"date":"2022-11-06T16:10:13","date_gmt":"2022-11-06T09:10:13","guid":{"rendered":"http:\/\/localhost\/shinyi.vn\/san-pham\/van-xa-khi-kep-mat-bich\/"},"modified":"2023-11-14T12:30:48","modified_gmt":"2023-11-14T05:30:48","slug":"van-xa-khi-kep","status":"publish","type":"product","link":"https:\/\/shinyi.vn\/en\/san-pham\/van-xa-khi-kep\/","title":{"rendered":"VAN X\u1ea2 KH\u00cd K\u00c9P"},"excerpt":{"rendered":"<p>Van x\u1ea3 kh\u00ed k\u00e9p cung c\u1ea5p 3 ch\u1ee9c n\u0103ng th\u00f4ng d\u1ee5ng:<br \/>\n1. Gi\u1eef vai tr\u00f2 l\u00e0 b\u1ed9 x\u1ea3 kh\u00ed l\u1edbn trong qu\u00e1 tr\u00ecnh n\u1ea1p \u0111\u1ea7y \u0111\u01b0\u1eddng \u1ed1ng.<br \/>\n2. Gi\u1eef vai tr\u00f2 b\u1ed9 x\u1ea3 kh\u00ed nh\u1ecf d\u01b0\u1edbi \u0111u\u1eddng \u1ed1ng n\u00e9n.<br \/>\n3. B\u1ed9 h\u00fat kh\u00ed l\u1edbn trong qu\u00e1 tr\u00ecnh th\u00e1o n\u01b0\u1edbc kh\u1ecfi \u1ed1ng.<\/p>\n","protected":false},"featured_media":1042,"template":"","meta":[],"product_category":[14],"acf":[],"yoast_head":"<!-- This site is optimized with the Yoast SEO Premium plugin v23.5 (Yoast SEO v23.5) - https:\/\/yoast.com\/wordpress\/plugins\/seo\/ -->\n<title>VAN X\u1ea2 KH\u00cd K\u00c9P - SHIN YI VALVES CORPORRATION<\/title>\n<meta name=\"description\" content=\"Van x\u1ea3 kh\u00ed k\u00e9p cung c\u1ea5p 3 ch\u1ee9c n\u0103ng th\u00f4ng d\u1ee5ng: 1. Gi\u1eef vai tr\u00f2 l\u00e0 b\u1ed9 x\u1ea3 kh\u00ed l\u1edbn trong qu\u00e1 tr\u00ecnh n\u1ea1p \u0111\u1ea7y \u0111\u01b0\u1eddng \u1ed1ng. 2. Gi\u1eef vai tr\u00f2 b\u1ed9 x\u1ea3 kh\u00ed nh\u1ecf d\u01b0\u1edbi \u0111u\u1eddng \u1ed1ng n\u00e9n. 3. B\u1ed9 h\u00fat kh\u00ed l\u1edbn trong qu\u00e1 tr\u00ecnh th\u00e1o n\u01b0\u1edbc kh\u1ecfi \u1ed1ng.\" \/>\n<meta name=\"robots\" content=\"index, follow, max-snippet:-1, max-image-preview:large, max-video-preview:-1\" \/>\n<link rel=\"canonical\" href=\"https:\/\/shinyi.vn\/en\/san-pham\/van-xa-khi-kep\/\" \/>\n<meta property=\"og:locale\" content=\"en_US\" \/>\n<meta property=\"og:type\" content=\"article\" \/>\n<meta property=\"og:title\" content=\"VAN X\u1ea2 KH\u00cd K\u00c9P\" \/>\n<meta property=\"og:description\" content=\"Van x\u1ea3 kh\u00ed k\u00e9p cung c\u1ea5p 3 ch\u1ee9c n\u0103ng th\u00f4ng d\u1ee5ng: 1. Gi\u1eef vai tr\u00f2 l\u00e0 b\u1ed9 x\u1ea3 kh\u00ed l\u1edbn trong qu\u00e1 tr\u00ecnh n\u1ea1p \u0111\u1ea7y \u0111\u01b0\u1eddng \u1ed1ng. 2. Gi\u1eef vai tr\u00f2 b\u1ed9 x\u1ea3 kh\u00ed nh\u1ecf d\u01b0\u1edbi \u0111u\u1eddng \u1ed1ng n\u00e9n. 3. B\u1ed9 h\u00fat kh\u00ed l\u1edbn trong qu\u00e1 tr\u00ecnh th\u00e1o n\u01b0\u1edbc kh\u1ecfi \u1ed1ng.\" \/>\n<meta property=\"og:url\" content=\"https:\/\/shinyi.vn\/en\/san-pham\/van-xa-khi-kep\/\" \/>\n<meta property=\"og:site_name\" content=\"C\u00d4NG TY C\u1ed4 PH\u1ea6N VAN SHIN YI\" \/>\n<meta property=\"article:publisher\" content=\"https:\/\/www.facebook.com\/congtycophanvanshinyi\/\" \/>\n<meta property=\"article:modified_time\" content=\"2023-11-14T05:30:48+00:00\" \/>\n<meta property=\"og:image\" content=\"https:\/\/shinyi.vn\/wp-content\/uploads\/2022\/11\/arct2.png\" \/>\n\t<meta property=\"og:image:width\" content=\"900\" \/>\n\t<meta property=\"og:image:height\" content=\"900\" \/>\n\t<meta property=\"og:image:type\" content=\"image\/png\" \/>\n<meta name=\"twitter:card\" content=\"summary_large_image\" \/>\n<script type=\"application\/ld+json\" class=\"yoast-schema-graph\">{\"@context\":\"https:\/\/schema.org\",\"@graph\":[{\"@type\":\"WebPage\",\"@id\":\"https:\/\/shinyi.vn\/en\/san-pham\/van-xa-khi-kep\/\",\"url\":\"https:\/\/shinyi.vn\/en\/san-pham\/van-xa-khi-kep\/\",\"name\":\"VAN X\u1ea2 KH\u00cd K\u00c9P\",\"isPartOf\":{\"@id\":\"https:\/\/shinyi.vn\/en\/#website\"},\"primaryImageOfPage\":{\"@id\":\"https:\/\/shinyi.vn\/en\/san-pham\/van-xa-khi-kep\/#primaryimage\"},\"image\":{\"@id\":\"https:\/\/shinyi.vn\/en\/san-pham\/van-xa-khi-kep\/#primaryimage\"},\"thumbnailUrl\":\"https:\/\/shinyi.vn\/wp-content\/uploads\/2022\/11\/arct2.png\",\"datePublished\":\"2022-11-06T09:10:13+00:00\",\"dateModified\":\"2023-11-14T05:30:48+00:00\",\"description\":\"Van x\u1ea3 kh\u00ed k\u00e9p cung c\u1ea5p 3 ch\u1ee9c n\u0103ng th\u00f4ng d\u1ee5ng: 1. Gi\u1eef vai tr\u00f2 l\u00e0 b\u1ed9 x\u1ea3 kh\u00ed l\u1edbn trong qu\u00e1 tr\u00ecnh n\u1ea1p \u0111\u1ea7y \u0111\u01b0\u1eddng \u1ed1ng. 2. Gi\u1eef vai tr\u00f2 b\u1ed9 x\u1ea3 kh\u00ed nh\u1ecf d\u01b0\u1edbi \u0111u\u1eddng \u1ed1ng n\u00e9n. 3. B\u1ed9 h\u00fat kh\u00ed l\u1edbn trong qu\u00e1 tr\u00ecnh th\u00e1o n\u01b0\u1edbc kh\u1ecfi \u1ed1ng.\",\"breadcrumb\":{\"@id\":\"https:\/\/shinyi.vn\/en\/san-pham\/van-xa-khi-kep\/#breadcrumb\"},\"inLanguage\":\"en-US\",\"potentialAction\":[{\"@type\":\"ReadAction\",\"target\":[\"https:\/\/shinyi.vn\/en\/san-pham\/van-xa-khi-kep\/\"]}]},{\"@type\":\"ImageObject\",\"inLanguage\":\"en-US\",\"@id\":\"https:\/\/shinyi.vn\/en\/san-pham\/van-xa-khi-kep\/#primaryimage\",\"url\":\"https:\/\/shinyi.vn\/wp-content\/uploads\/2022\/11\/arct2.png\",\"contentUrl\":\"https:\/\/shinyi.vn\/wp-content\/uploads\/2022\/11\/arct2.png\",\"width\":900,\"height\":900},{\"@type\":\"BreadcrumbList\",\"@id\":\"https:\/\/shinyi.vn\/en\/san-pham\/van-xa-khi-kep\/#breadcrumb\",\"itemListElement\":[{\"@type\":\"ListItem\",\"position\":1,\"name\":\"Trang ch\u1ee7\",\"item\":\"https:\/\/shinyi.vn\/en\/\"},{\"@type\":\"ListItem\",\"position\":2,\"name\":\"VAN X\u1ea2 KH\u00cd K\u00c9P\"}]},{\"@type\":\"WebSite\",\"@id\":\"https:\/\/shinyi.vn\/en\/#website\",\"url\":\"https:\/\/shinyi.vn\/en\/\",\"name\":\"Van ShinYi\",\"description\":\"\",\"publisher\":{\"@id\":\"https:\/\/shinyi.vn\/en\/#organization\"},\"potentialAction\":[{\"@type\":\"SearchAction\",\"target\":{\"@type\":\"EntryPoint\",\"urlTemplate\":\"https:\/\/shinyi.vn\/en\/?s={search_term_string}\"},\"query-input\":{\"@type\":\"PropertyValueSpecification\",\"valueRequired\":true,\"valueName\":\"search_term_string\"}}],\"inLanguage\":\"en-US\"},{\"@type\":\"Organization\",\"@id\":\"https:\/\/shinyi.vn\/en\/#organization\",\"name\":\"C\u00d4NG TY C\u1ed4 PH\u1ea6N VAN SHIN YI\",\"url\":\"https:\/\/shinyi.vn\/en\/\",\"logo\":{\"@type\":\"ImageObject\",\"inLanguage\":\"en-US\",\"@id\":\"https:\/\/shinyi.vn\/en\/#\/schema\/logo\/image\/\",\"url\":\"https:\/\/shinyi.vn\/wp-content\/uploads\/2023\/09\/logo-937x1024.png\",\"contentUrl\":\"https:\/\/shinyi.vn\/wp-content\/uploads\/2023\/09\/logo-937x1024.png\",\"width\":937,\"height\":1024,\"caption\":\"C\u00d4NG TY C\u1ed4 PH\u1ea6N VAN SHIN YI\"},\"image\":{\"@id\":\"https:\/\/shinyi.vn\/en\/#\/schema\/logo\/image\/\"},\"sameAs\":[\"https:\/\/www.facebook.com\/congtycophanvanshinyi\/\",\"https:\/\/www.tiktok.com\/@cng.ty.c.phn.van\",\"https:\/\/www.youtube.com\/channel\/UCU6CBGdNHg3aSh8zzJBzp-g\"]}]}<\/script>\n<!-- \/ Yoast SEO Premium plugin. -->","yoast_head_json":{"title":"VAN X\u1ea2 KH\u00cd K\u00c9P - SHIN YI VALVES CORPORRATION","description":"Van x\u1ea3 kh\u00ed k\u00e9p cung c\u1ea5p 3 ch\u1ee9c n\u0103ng th\u00f4ng d\u1ee5ng: 1. Gi\u1eef vai tr\u00f2 l\u00e0 b\u1ed9 x\u1ea3 kh\u00ed l\u1edbn trong qu\u00e1 tr\u00ecnh n\u1ea1p \u0111\u1ea7y \u0111\u01b0\u1eddng \u1ed1ng. 2. Gi\u1eef vai tr\u00f2 b\u1ed9 x\u1ea3 kh\u00ed nh\u1ecf d\u01b0\u1edbi \u0111u\u1eddng \u1ed1ng n\u00e9n. 3. B\u1ed9 h\u00fat kh\u00ed l\u1edbn trong qu\u00e1 tr\u00ecnh th\u00e1o n\u01b0\u1edbc kh\u1ecfi \u1ed1ng.","robots":{"index":"index","follow":"follow","max-snippet":"max-snippet:-1","max-image-preview":"max-image-preview:large","max-video-preview":"max-video-preview:-1"},"canonical":"https:\/\/shinyi.vn\/en\/san-pham\/van-xa-khi-kep\/","og_locale":"en_US","og_type":"article","og_title":"VAN X\u1ea2 KH\u00cd K\u00c9P","og_description":"Van x\u1ea3 kh\u00ed k\u00e9p cung c\u1ea5p 3 ch\u1ee9c n\u0103ng th\u00f4ng d\u1ee5ng: 1. Gi\u1eef vai tr\u00f2 l\u00e0 b\u1ed9 x\u1ea3 kh\u00ed l\u1edbn trong qu\u00e1 tr\u00ecnh n\u1ea1p \u0111\u1ea7y \u0111\u01b0\u1eddng \u1ed1ng. 2. Gi\u1eef vai tr\u00f2 b\u1ed9 x\u1ea3 kh\u00ed nh\u1ecf d\u01b0\u1edbi \u0111u\u1eddng \u1ed1ng n\u00e9n. 3. B\u1ed9 h\u00fat kh\u00ed l\u1edbn trong qu\u00e1 tr\u00ecnh th\u00e1o n\u01b0\u1edbc kh\u1ecfi \u1ed1ng.","og_url":"https:\/\/shinyi.vn\/en\/san-pham\/van-xa-khi-kep\/","og_site_name":"C\u00d4NG TY C\u1ed4 PH\u1ea6N VAN SHIN YI","article_publisher":"https:\/\/www.facebook.com\/congtycophanvanshinyi\/","article_modified_time":"2023-11-14T05:30:48+00:00","og_image":[{"width":900,"height":900,"url":"https:\/\/shinyi.vn\/wp-content\/uploads\/2022\/11\/arct2.png","type":"image\/png"}],"twitter_card":"summary_large_image","schema":{"@context":"https:\/\/schema.org","@graph":[{"@type":"WebPage","@id":"https:\/\/shinyi.vn\/en\/san-pham\/van-xa-khi-kep\/","url":"https:\/\/shinyi.vn\/en\/san-pham\/van-xa-khi-kep\/","name":"VAN X\u1ea2 KH\u00cd K\u00c9P","isPartOf":{"@id":"https:\/\/shinyi.vn\/en\/#website"},"primaryImageOfPage":{"@id":"https:\/\/shinyi.vn\/en\/san-pham\/van-xa-khi-kep\/#primaryimage"},"image":{"@id":"https:\/\/shinyi.vn\/en\/san-pham\/van-xa-khi-kep\/#primaryimage"},"thumbnailUrl":"https:\/\/shinyi.vn\/wp-content\/uploads\/2022\/11\/arct2.png","datePublished":"2022-11-06T09:10:13+00:00","dateModified":"2023-11-14T05:30:48+00:00","description":"Van x\u1ea3 kh\u00ed k\u00e9p cung c\u1ea5p 3 ch\u1ee9c n\u0103ng th\u00f4ng d\u1ee5ng: 1. Gi\u1eef vai tr\u00f2 l\u00e0 b\u1ed9 x\u1ea3 kh\u00ed l\u1edbn trong qu\u00e1 tr\u00ecnh n\u1ea1p \u0111\u1ea7y \u0111\u01b0\u1eddng \u1ed1ng. 2. Gi\u1eef vai tr\u00f2 b\u1ed9 x\u1ea3 kh\u00ed nh\u1ecf d\u01b0\u1edbi \u0111u\u1eddng \u1ed1ng n\u00e9n. 3. B\u1ed9 h\u00fat kh\u00ed l\u1edbn trong qu\u00e1 tr\u00ecnh th\u00e1o n\u01b0\u1edbc kh\u1ecfi \u1ed1ng.","breadcrumb":{"@id":"https:\/\/shinyi.vn\/en\/san-pham\/van-xa-khi-kep\/#breadcrumb"},"inLanguage":"en-US","potentialAction":[{"@type":"ReadAction","target":["https:\/\/shinyi.vn\/en\/san-pham\/van-xa-khi-kep\/"]}]},{"@type":"ImageObject","inLanguage":"en-US","@id":"https:\/\/shinyi.vn\/en\/san-pham\/van-xa-khi-kep\/#primaryimage","url":"https:\/\/shinyi.vn\/wp-content\/uploads\/2022\/11\/arct2.png","contentUrl":"https:\/\/shinyi.vn\/wp-content\/uploads\/2022\/11\/arct2.png","width":900,"height":900},{"@type":"BreadcrumbList","@id":"https:\/\/shinyi.vn\/en\/san-pham\/van-xa-khi-kep\/#breadcrumb","itemListElement":[{"@type":"ListItem","position":1,"name":"Trang ch\u1ee7","item":"https:\/\/shinyi.vn\/en\/"},{"@type":"ListItem","position":2,"name":"VAN X\u1ea2 KH\u00cd K\u00c9P"}]},{"@type":"WebSite","@id":"https:\/\/shinyi.vn\/en\/#website","url":"https:\/\/shinyi.vn\/en\/","name":"Van ShinYi","description":"","publisher":{"@id":"https:\/\/shinyi.vn\/en\/#organization"},"potentialAction":[{"@type":"SearchAction","target":{"@type":"EntryPoint","urlTemplate":"https:\/\/shinyi.vn\/en\/?s={search_term_string}"},"query-input":{"@type":"PropertyValueSpecification","valueRequired":true,"valueName":"search_term_string"}}],"inLanguage":"en-US"},{"@type":"Organization","@id":"https:\/\/shinyi.vn\/en\/#organization","name":"C\u00d4NG TY C\u1ed4 PH\u1ea6N VAN SHIN YI","url":"https:\/\/shinyi.vn\/en\/","logo":{"@type":"ImageObject","inLanguage":"en-US","@id":"https:\/\/shinyi.vn\/en\/#\/schema\/logo\/image\/","url":"https:\/\/shinyi.vn\/wp-content\/uploads\/2023\/09\/logo-937x1024.png","contentUrl":"https:\/\/shinyi.vn\/wp-content\/uploads\/2023\/09\/logo-937x1024.png","width":937,"height":1024,"caption":"C\u00d4NG TY C\u1ed4 PH\u1ea6N VAN SHIN YI"},"image":{"@id":"https:\/\/shinyi.vn\/en\/#\/schema\/logo\/image\/"},"sameAs":["https:\/\/www.facebook.com\/congtycophanvanshinyi\/","https:\/\/www.tiktok.com\/@cng.ty.c.phn.van","https:\/\/www.youtube.com\/channel\/UCU6CBGdNHg3aSh8zzJBzp-g"]}]}},"_links":{"self":[{"href":"https:\/\/shinyi.vn\/en\/wp-json\/wp\/v2\/product\/563"}],"collection":[{"href":"https:\/\/shinyi.vn\/en\/wp-json\/wp\/v2\/product"}],"about":[{"href":"https:\/\/shinyi.vn\/en\/wp-json\/wp\/v2\/types\/product"}],"wp:featuredmedia":[{"embeddable":true,"href":"https:\/\/shinyi.vn\/en\/wp-json\/wp\/v2\/media\/1042"}],"wp:attachment":[{"href":"https:\/\/shinyi.vn\/en\/wp-json\/wp\/v2\/media?parent=563"}],"wp:term":[{"taxonomy":"product_category","embeddable":true,"href":"https:\/\/shinyi.vn\/en\/wp-json\/wp\/v2\/product_category?post=563"}],"curies":[{"name":"wp","href":"https:\/\/api.w.org\/{rel}","templated":true}]}}