{"id":566,"date":"2022-12-30T08:10:14","date_gmt":"2022-12-30T01:10:14","guid":{"rendered":"http:\/\/localhost\/shinyi.vn\/san-pham\/van-cong-fm-ul-noi-cum\/"},"modified":"2025-07-05T10:31:15","modified_gmt":"2025-07-05T03:31:15","slug":"van-cong-ty-noi-ul-fm-van-cong-ty-chim-ul-fm","status":"publish","type":"product","link":"https:\/\/shinyi.vn\/en\/san-pham\/van-cong-ty-noi-ul-fm-van-cong-ty-chim-ul-fm\/","title":{"rendered":"VAN C\u1ed4NG TY N\u1ed4I UL\/FM &#8211; VAN C\u1ed4NG TY CH\u00ccM UL\/FM"},"excerpt":{"rendered":"<p>Van C\u1ed5ng v\u1edbi thi\u1ebft k\u1ebf ti\u00ean ti\u1ebfn, \u0111\u00f3ng m\u1edf nh\u1eb9 nh\u00e0ng. L\u00e1 van h\u00ecnh n\u00eam b\u1ecdc cao su ph\u00f9 h\u1ee3p v\u1edbi ti\u00eau chu\u1ea9n n\u01b0\u1edbc s\u1ea1ch. V\u1eadn h\u00e0nh nh\u1eb9, ch\u1ed1ng k\u1eb9t, \u0111\u1ed9 b\u1ec1n cao.<\/p>\n","protected":false},"featured_media":1767,"template":"","meta":[],"product_category":[11,17],"acf":[],"yoast_head":"<!-- This site is optimized with the Yoast SEO Premium plugin v23.5 (Yoast SEO v23.5) - https:\/\/yoast.com\/wordpress\/plugins\/seo\/ -->\n<title>VAN C\u1ed4NG TY N\u1ed4I UL\/FM - VAN C\u1ed4NG TY CH\u00ccM UL\/FM - SHIN YI VALVES CORPORRATION<\/title>\n<meta name=\"description\" content=\"Van C\u1ed5ng v\u1edbi thi\u1ebft k\u1ebf ti\u00ean ti\u1ebfn, \u0111\u00f3ng m\u1edf nh\u1eb9 nh\u00e0ng. L\u00e1 van h\u00ecnh n\u00eam b\u1ecdc cao su ph\u00f9 h\u1ee3p v\u1edbi ti\u00eau chu\u1ea9n n\u01b0\u1edbc s\u1ea1ch. V\u1eadn h\u00e0nh nh\u1eb9, ch\u1ed1ng k\u1eb9t,...\" \/>\n<meta name=\"robots\" content=\"index, follow, max-snippet:-1, max-image-preview:large, max-video-preview:-1\" \/>\n<link rel=\"canonical\" href=\"https:\/\/shinyi.vn\/en\/san-pham\/van-cong-ty-noi-ul-fm-van-cong-ty-chim-ul-fm\/\" \/>\n<meta property=\"og:locale\" content=\"en_US\" \/>\n<meta property=\"og:type\" content=\"article\" \/>\n<meta property=\"og:title\" content=\"VAN C\u1ed4NG TY N\u1ed4I UL\/FM - VAN C\u1ed4NG TY CH\u00ccM UL\/FM\" \/>\n<meta property=\"og:description\" content=\"Van C\u1ed5ng v\u1edbi thi\u1ebft k\u1ebf ti\u00ean ti\u1ebfn, \u0111\u00f3ng m\u1edf nh\u1eb9 nh\u00e0ng. L\u00e1 van h\u00ecnh n\u00eam b\u1ecdc cao su ph\u00f9 h\u1ee3p v\u1edbi ti\u00eau chu\u1ea9n n\u01b0\u1edbc s\u1ea1ch. V\u1eadn h\u00e0nh nh\u1eb9, ch\u1ed1ng k\u1eb9t,...\" \/>\n<meta property=\"og:url\" content=\"https:\/\/shinyi.vn\/en\/san-pham\/van-cong-ty-noi-ul-fm-van-cong-ty-chim-ul-fm\/\" \/>\n<meta property=\"og:site_name\" content=\"C\u00d4NG TY C\u1ed4 PH\u1ea6N VAN SHIN YI\" \/>\n<meta property=\"article:publisher\" content=\"https:\/\/www.facebook.com\/congtycophanvanshinyi\/\" \/>\n<meta property=\"article:modified_time\" content=\"2025-07-05T03:31:15+00:00\" \/>\n<meta property=\"og:image\" content=\"https:\/\/shinyi.vn\/wp-content\/uploads\/2022\/11\/z2090026522030_aa2f6bfa5c2016b40e1f9850262e87fe-768x768-1.png\" \/>\n\t<meta property=\"og:image:width\" content=\"768\" \/>\n\t<meta property=\"og:image:height\" content=\"768\" \/>\n\t<meta property=\"og:image:type\" content=\"image\/png\" \/>\n<meta name=\"twitter:card\" content=\"summary_large_image\" \/>\n<meta name=\"twitter:label1\" content=\"Est. reading time\" \/>\n\t<meta name=\"twitter:data1\" content=\"1 minute\" \/>\n<script type=\"application\/ld+json\" class=\"yoast-schema-graph\">{\"@context\":\"https:\/\/schema.org\",\"@graph\":[{\"@type\":\"WebPage\",\"@id\":\"https:\/\/shinyi.vn\/en\/san-pham\/van-cong-ty-noi-ul-fm-van-cong-ty-chim-ul-fm\/\",\"url\":\"https:\/\/shinyi.vn\/en\/san-pham\/van-cong-ty-noi-ul-fm-van-cong-ty-chim-ul-fm\/\",\"name\":\"VAN C\u1ed4NG TY N\u1ed4I UL\/FM - VAN C\u1ed4NG TY CH\u00ccM UL\/FM\",\"isPartOf\":{\"@id\":\"https:\/\/shinyi.vn\/en\/#website\"},\"primaryImageOfPage\":{\"@id\":\"https:\/\/shinyi.vn\/en\/san-pham\/van-cong-ty-noi-ul-fm-van-cong-ty-chim-ul-fm\/#primaryimage\"},\"image\":{\"@id\":\"https:\/\/shinyi.vn\/en\/san-pham\/van-cong-ty-noi-ul-fm-van-cong-ty-chim-ul-fm\/#primaryimage\"},\"thumbnailUrl\":\"https:\/\/shinyi.vn\/wp-content\/uploads\/2022\/11\/z2090026522030_aa2f6bfa5c2016b40e1f9850262e87fe-768x768-1.png\",\"datePublished\":\"2022-12-30T01:10:14+00:00\",\"dateModified\":\"2025-07-05T03:31:15+00:00\",\"description\":\"Van C\u1ed5ng v\u1edbi thi\u1ebft k\u1ebf ti\u00ean ti\u1ebfn, \u0111\u00f3ng m\u1edf nh\u1eb9 nh\u00e0ng. L\u00e1 van h\u00ecnh n\u00eam b\u1ecdc cao su ph\u00f9 h\u1ee3p v\u1edbi ti\u00eau chu\u1ea9n n\u01b0\u1edbc s\u1ea1ch. V\u1eadn h\u00e0nh nh\u1eb9, ch\u1ed1ng k\u1eb9t,...\",\"breadcrumb\":{\"@id\":\"https:\/\/shinyi.vn\/en\/san-pham\/van-cong-ty-noi-ul-fm-van-cong-ty-chim-ul-fm\/#breadcrumb\"},\"inLanguage\":\"en-US\",\"potentialAction\":[{\"@type\":\"ReadAction\",\"target\":[\"https:\/\/shinyi.vn\/en\/san-pham\/van-cong-ty-noi-ul-fm-van-cong-ty-chim-ul-fm\/\"]}]},{\"@type\":\"ImageObject\",\"inLanguage\":\"en-US\",\"@id\":\"https:\/\/shinyi.vn\/en\/san-pham\/van-cong-ty-noi-ul-fm-van-cong-ty-chim-ul-fm\/#primaryimage\",\"url\":\"https:\/\/shinyi.vn\/wp-content\/uploads\/2022\/11\/z2090026522030_aa2f6bfa5c2016b40e1f9850262e87fe-768x768-1.png\",\"contentUrl\":\"https:\/\/shinyi.vn\/wp-content\/uploads\/2022\/11\/z2090026522030_aa2f6bfa5c2016b40e1f9850262e87fe-768x768-1.png\",\"width\":768,\"height\":768},{\"@type\":\"BreadcrumbList\",\"@id\":\"https:\/\/shinyi.vn\/en\/san-pham\/van-cong-ty-noi-ul-fm-van-cong-ty-chim-ul-fm\/#breadcrumb\",\"itemListElement\":[{\"@type\":\"ListItem\",\"position\":1,\"name\":\"Trang ch\u1ee7\",\"item\":\"https:\/\/shinyi.vn\/en\/\"},{\"@type\":\"ListItem\",\"position\":2,\"name\":\"VAN C\u1ed4NG TY N\u1ed4I UL\/FM &#8211; VAN C\u1ed4NG TY CH\u00ccM UL\/FM\"}]},{\"@type\":\"WebSite\",\"@id\":\"https:\/\/shinyi.vn\/en\/#website\",\"url\":\"https:\/\/shinyi.vn\/en\/\",\"name\":\"Van ShinYi\",\"description\":\"\",\"publisher\":{\"@id\":\"https:\/\/shinyi.vn\/en\/#organization\"},\"potentialAction\":[{\"@type\":\"SearchAction\",\"target\":{\"@type\":\"EntryPoint\",\"urlTemplate\":\"https:\/\/shinyi.vn\/en\/?s={search_term_string}\"},\"query-input\":{\"@type\":\"PropertyValueSpecification\",\"valueRequired\":true,\"valueName\":\"search_term_string\"}}],\"inLanguage\":\"en-US\"},{\"@type\":\"Organization\",\"@id\":\"https:\/\/shinyi.vn\/en\/#organization\",\"name\":\"C\u00d4NG TY C\u1ed4 PH\u1ea6N VAN SHIN YI\",\"url\":\"https:\/\/shinyi.vn\/en\/\",\"logo\":{\"@type\":\"ImageObject\",\"inLanguage\":\"en-US\",\"@id\":\"https:\/\/shinyi.vn\/en\/#\/schema\/logo\/image\/\",\"url\":\"https:\/\/shinyi.vn\/wp-content\/uploads\/2023\/09\/logo-937x1024.png\",\"contentUrl\":\"https:\/\/shinyi.vn\/wp-content\/uploads\/2023\/09\/logo-937x1024.png\",\"width\":937,\"height\":1024,\"caption\":\"C\u00d4NG TY C\u1ed4 PH\u1ea6N VAN SHIN YI\"},\"image\":{\"@id\":\"https:\/\/shinyi.vn\/en\/#\/schema\/logo\/image\/\"},\"sameAs\":[\"https:\/\/www.facebook.com\/congtycophanvanshinyi\/\",\"https:\/\/www.tiktok.com\/@cng.ty.c.phn.van\",\"https:\/\/www.youtube.com\/channel\/UCU6CBGdNHg3aSh8zzJBzp-g\"]}]}<\/script>\n<!-- \/ Yoast SEO Premium plugin. -->","yoast_head_json":{"title":"VAN C\u1ed4NG TY N\u1ed4I UL\/FM - VAN C\u1ed4NG TY CH\u00ccM UL\/FM - SHIN YI VALVES CORPORRATION","description":"Van C\u1ed5ng v\u1edbi thi\u1ebft k\u1ebf ti\u00ean ti\u1ebfn, \u0111\u00f3ng m\u1edf nh\u1eb9 nh\u00e0ng. L\u00e1 van h\u00ecnh n\u00eam b\u1ecdc cao su ph\u00f9 h\u1ee3p v\u1edbi ti\u00eau chu\u1ea9n n\u01b0\u1edbc s\u1ea1ch. V\u1eadn h\u00e0nh nh\u1eb9, ch\u1ed1ng k\u1eb9t,...","robots":{"index":"index","follow":"follow","max-snippet":"max-snippet:-1","max-image-preview":"max-image-preview:large","max-video-preview":"max-video-preview:-1"},"canonical":"https:\/\/shinyi.vn\/en\/san-pham\/van-cong-ty-noi-ul-fm-van-cong-ty-chim-ul-fm\/","og_locale":"en_US","og_type":"article","og_title":"VAN C\u1ed4NG TY N\u1ed4I UL\/FM - VAN C\u1ed4NG TY CH\u00ccM UL\/FM","og_description":"Van C\u1ed5ng v\u1edbi thi\u1ebft k\u1ebf ti\u00ean ti\u1ebfn, \u0111\u00f3ng m\u1edf nh\u1eb9 nh\u00e0ng. L\u00e1 van h\u00ecnh n\u00eam b\u1ecdc cao su ph\u00f9 h\u1ee3p v\u1edbi ti\u00eau chu\u1ea9n n\u01b0\u1edbc s\u1ea1ch. V\u1eadn h\u00e0nh nh\u1eb9, ch\u1ed1ng k\u1eb9t,...","og_url":"https:\/\/shinyi.vn\/en\/san-pham\/van-cong-ty-noi-ul-fm-van-cong-ty-chim-ul-fm\/","og_site_name":"C\u00d4NG TY C\u1ed4 PH\u1ea6N VAN SHIN YI","article_publisher":"https:\/\/www.facebook.com\/congtycophanvanshinyi\/","article_modified_time":"2025-07-05T03:31:15+00:00","og_image":[{"width":768,"height":768,"url":"https:\/\/shinyi.vn\/wp-content\/uploads\/2022\/11\/z2090026522030_aa2f6bfa5c2016b40e1f9850262e87fe-768x768-1.png","type":"image\/png"}],"twitter_card":"summary_large_image","twitter_misc":{"Est. reading time":"1 minute"},"schema":{"@context":"https:\/\/schema.org","@graph":[{"@type":"WebPage","@id":"https:\/\/shinyi.vn\/en\/san-pham\/van-cong-ty-noi-ul-fm-van-cong-ty-chim-ul-fm\/","url":"https:\/\/shinyi.vn\/en\/san-pham\/van-cong-ty-noi-ul-fm-van-cong-ty-chim-ul-fm\/","name":"VAN C\u1ed4NG TY N\u1ed4I UL\/FM - VAN C\u1ed4NG TY CH\u00ccM UL\/FM","isPartOf":{"@id":"https:\/\/shinyi.vn\/en\/#website"},"primaryImageOfPage":{"@id":"https:\/\/shinyi.vn\/en\/san-pham\/van-cong-ty-noi-ul-fm-van-cong-ty-chim-ul-fm\/#primaryimage"},"image":{"@id":"https:\/\/shinyi.vn\/en\/san-pham\/van-cong-ty-noi-ul-fm-van-cong-ty-chim-ul-fm\/#primaryimage"},"thumbnailUrl":"https:\/\/shinyi.vn\/wp-content\/uploads\/2022\/11\/z2090026522030_aa2f6bfa5c2016b40e1f9850262e87fe-768x768-1.png","datePublished":"2022-12-30T01:10:14+00:00","dateModified":"2025-07-05T03:31:15+00:00","description":"Van C\u1ed5ng v\u1edbi thi\u1ebft k\u1ebf ti\u00ean ti\u1ebfn, \u0111\u00f3ng m\u1edf nh\u1eb9 nh\u00e0ng. L\u00e1 van h\u00ecnh n\u00eam b\u1ecdc cao su ph\u00f9 h\u1ee3p v\u1edbi ti\u00eau chu\u1ea9n n\u01b0\u1edbc s\u1ea1ch. V\u1eadn h\u00e0nh nh\u1eb9, ch\u1ed1ng k\u1eb9t,...","breadcrumb":{"@id":"https:\/\/shinyi.vn\/en\/san-pham\/van-cong-ty-noi-ul-fm-van-cong-ty-chim-ul-fm\/#breadcrumb"},"inLanguage":"en-US","potentialAction":[{"@type":"ReadAction","target":["https:\/\/shinyi.vn\/en\/san-pham\/van-cong-ty-noi-ul-fm-van-cong-ty-chim-ul-fm\/"]}]},{"@type":"ImageObject","inLanguage":"en-US","@id":"https:\/\/shinyi.vn\/en\/san-pham\/van-cong-ty-noi-ul-fm-van-cong-ty-chim-ul-fm\/#primaryimage","url":"https:\/\/shinyi.vn\/wp-content\/uploads\/2022\/11\/z2090026522030_aa2f6bfa5c2016b40e1f9850262e87fe-768x768-1.png","contentUrl":"https:\/\/shinyi.vn\/wp-content\/uploads\/2022\/11\/z2090026522030_aa2f6bfa5c2016b40e1f9850262e87fe-768x768-1.png","width":768,"height":768},{"@type":"BreadcrumbList","@id":"https:\/\/shinyi.vn\/en\/san-pham\/van-cong-ty-noi-ul-fm-van-cong-ty-chim-ul-fm\/#breadcrumb","itemListElement":[{"@type":"ListItem","position":1,"name":"Trang ch\u1ee7","item":"https:\/\/shinyi.vn\/en\/"},{"@type":"ListItem","position":2,"name":"VAN C\u1ed4NG TY N\u1ed4I UL\/FM &#8211; VAN C\u1ed4NG TY CH\u00ccM UL\/FM"}]},{"@type":"WebSite","@id":"https:\/\/shinyi.vn\/en\/#website","url":"https:\/\/shinyi.vn\/en\/","name":"Van ShinYi","description":"","publisher":{"@id":"https:\/\/shinyi.vn\/en\/#organization"},"potentialAction":[{"@type":"SearchAction","target":{"@type":"EntryPoint","urlTemplate":"https:\/\/shinyi.vn\/en\/?s={search_term_string}"},"query-input":{"@type":"PropertyValueSpecification","valueRequired":true,"valueName":"search_term_string"}}],"inLanguage":"en-US"},{"@type":"Organization","@id":"https:\/\/shinyi.vn\/en\/#organization","name":"C\u00d4NG TY C\u1ed4 PH\u1ea6N VAN SHIN YI","url":"https:\/\/shinyi.vn\/en\/","logo":{"@type":"ImageObject","inLanguage":"en-US","@id":"https:\/\/shinyi.vn\/en\/#\/schema\/logo\/image\/","url":"https:\/\/shinyi.vn\/wp-content\/uploads\/2023\/09\/logo-937x1024.png","contentUrl":"https:\/\/shinyi.vn\/wp-content\/uploads\/2023\/09\/logo-937x1024.png","width":937,"height":1024,"caption":"C\u00d4NG TY C\u1ed4 PH\u1ea6N VAN SHIN YI"},"image":{"@id":"https:\/\/shinyi.vn\/en\/#\/schema\/logo\/image\/"},"sameAs":["https:\/\/www.facebook.com\/congtycophanvanshinyi\/","https:\/\/www.tiktok.com\/@cng.ty.c.phn.van","https:\/\/www.youtube.com\/channel\/UCU6CBGdNHg3aSh8zzJBzp-g"]}]}},"_links":{"self":[{"href":"https:\/\/shinyi.vn\/en\/wp-json\/wp\/v2\/product\/566"}],"collection":[{"href":"https:\/\/shinyi.vn\/en\/wp-json\/wp\/v2\/product"}],"about":[{"href":"https:\/\/shinyi.vn\/en\/wp-json\/wp\/v2\/types\/product"}],"wp:featuredmedia":[{"embeddable":true,"href":"https:\/\/shinyi.vn\/en\/wp-json\/wp\/v2\/media\/1767"}],"wp:attachment":[{"href":"https:\/\/shinyi.vn\/en\/wp-json\/wp\/v2\/media?parent=566"}],"wp:term":[{"taxonomy":"product_category","embeddable":true,"href":"https:\/\/shinyi.vn\/en\/wp-json\/wp\/v2\/product_category?post=566"}],"curies":[{"name":"wp","href":"https:\/\/api.w.org\/{rel}","templated":true}]}}