{"id":609,"date":"2022-11-06T16:10:15","date_gmt":"2022-11-06T09:10:15","guid":{"rendered":"http:\/\/localhost\/shinyi.vn\/san-pham\/van-1-chieu-la-dong\/"},"modified":"2025-07-05T12:39:03","modified_gmt":"2025-07-05T05:39:03","slug":"van-mot-chieu-dong","status":"publish","type":"product","link":"https:\/\/shinyi.vn\/en\/san-pham\/van-mot-chieu-dong\/","title":{"rendered":"VAN M\u1ed8T CHI\u1ec0U \u0110\u1ed2NG L\u00c1 L\u1eacT"},"excerpt":{"rendered":"<p>Van m\u1ed9t chi\u1ec1u ren, l\u00e1 l\u1eadt<br \/>\nVan chuy\u00ean d\u00f9ng cho n\u01b0\u1edbc s\u1ea1ch<br \/>\n\u0110\u01b0\u1eddng ren ti\u00eau chu\u1ea9n BS 21\/ISO 228-1-2000<\/p>\n","protected":false},"featured_media":1350,"template":"","meta":[],"product_category":[10,13],"acf":[],"yoast_head":"<!-- This site is optimized with the Yoast SEO Premium plugin v23.5 (Yoast SEO v23.5) - https:\/\/yoast.com\/wordpress\/plugins\/seo\/ -->\n<title>VAN M\u1ed8T CHI\u1ec0U \u0110\u1ed2NG L\u00c1 L\u1eacT - SHIN YI VALVES CORPORRATION<\/title>\n<meta name=\"description\" content=\"Van m\u1ed9t chi\u1ec1u \u0111\u1ed3ng l\u00e1 l\u1eadt l\u00e0 thi\u1ebft b\u1ecb d\u00f9ng \u0111\u1ec3 cho ph\u00e9p d\u00f2ng ch\u1ea3y \u0111i qua theo m\u1ed9t chi\u1ec1u duy nh\u1ea5t, ng\u0103n kh\u00f4ng cho d\u00f2ng n\u01b0\u1edbc, kh\u00ed, h\u01a1i,\u2026\" \/>\n<meta name=\"robots\" content=\"index, follow, max-snippet:-1, max-image-preview:large, max-video-preview:-1\" \/>\n<link rel=\"canonical\" href=\"https:\/\/shinyi.vn\/en\/san-pham\/van-mot-chieu-dong\/\" \/>\n<meta property=\"og:locale\" content=\"en_US\" \/>\n<meta property=\"og:type\" content=\"article\" \/>\n<meta property=\"og:title\" content=\"VAN M\u1ed8T CHI\u1ec0U \u0110\u1ed2NG L\u00c1 L\u1eacT\" \/>\n<meta property=\"og:description\" content=\"Van m\u1ed9t chi\u1ec1u \u0111\u1ed3ng l\u00e1 l\u1eadt l\u00e0 thi\u1ebft b\u1ecb d\u00f9ng \u0111\u1ec3 cho ph\u00e9p d\u00f2ng ch\u1ea3y \u0111i qua theo m\u1ed9t chi\u1ec1u duy nh\u1ea5t, ng\u0103n kh\u00f4ng cho d\u00f2ng n\u01b0\u1edbc, kh\u00ed, h\u01a1i,\u2026\" \/>\n<meta property=\"og:url\" content=\"https:\/\/shinyi.vn\/en\/san-pham\/van-mot-chieu-dong\/\" \/>\n<meta property=\"og:site_name\" content=\"C\u00d4NG TY C\u1ed4 PH\u1ea6N VAN SHIN YI\" \/>\n<meta property=\"article:publisher\" content=\"https:\/\/www.facebook.com\/congtycophanvanshinyi\/\" \/>\n<meta property=\"article:modified_time\" content=\"2025-07-05T05:39:03+00:00\" \/>\n<meta property=\"og:image\" content=\"https:\/\/shinyi.vn\/wp-content\/uploads\/2022\/11\/van-1-chieu-la-dong.png\" \/>\n\t<meta property=\"og:image:width\" content=\"597\" \/>\n\t<meta property=\"og:image:height\" content=\"597\" \/>\n\t<meta property=\"og:image:type\" content=\"image\/png\" \/>\n<meta name=\"twitter:card\" content=\"summary_large_image\" \/>\n<meta name=\"twitter:label1\" content=\"Est. reading time\" \/>\n\t<meta name=\"twitter:data1\" content=\"1 minute\" \/>\n<script type=\"application\/ld+json\" class=\"yoast-schema-graph\">{\"@context\":\"https:\/\/schema.org\",\"@graph\":[{\"@type\":\"WebPage\",\"@id\":\"https:\/\/shinyi.vn\/en\/san-pham\/van-mot-chieu-dong\/\",\"url\":\"https:\/\/shinyi.vn\/en\/san-pham\/van-mot-chieu-dong\/\",\"name\":\"VAN M\u1ed8T CHI\u1ec0U \u0110\u1ed2NG L\u00c1 L\u1eacT\",\"isPartOf\":{\"@id\":\"https:\/\/shinyi.vn\/en\/#website\"},\"primaryImageOfPage\":{\"@id\":\"https:\/\/shinyi.vn\/en\/san-pham\/van-mot-chieu-dong\/#primaryimage\"},\"image\":{\"@id\":\"https:\/\/shinyi.vn\/en\/san-pham\/van-mot-chieu-dong\/#primaryimage\"},\"thumbnailUrl\":\"https:\/\/shinyi.vn\/wp-content\/uploads\/2022\/11\/van-1-chieu-la-dong.png\",\"datePublished\":\"2022-11-06T09:10:15+00:00\",\"dateModified\":\"2025-07-05T05:39:03+00:00\",\"description\":\"Van m\u1ed9t chi\u1ec1u \u0111\u1ed3ng l\u00e1 l\u1eadt l\u00e0 thi\u1ebft b\u1ecb d\u00f9ng \u0111\u1ec3 cho ph\u00e9p d\u00f2ng ch\u1ea3y \u0111i qua theo m\u1ed9t chi\u1ec1u duy nh\u1ea5t, ng\u0103n kh\u00f4ng cho d\u00f2ng n\u01b0\u1edbc, kh\u00ed, h\u01a1i,\u2026\",\"breadcrumb\":{\"@id\":\"https:\/\/shinyi.vn\/en\/san-pham\/van-mot-chieu-dong\/#breadcrumb\"},\"inLanguage\":\"en-US\",\"potentialAction\":[{\"@type\":\"ReadAction\",\"target\":[\"https:\/\/shinyi.vn\/en\/san-pham\/van-mot-chieu-dong\/\"]}]},{\"@type\":\"ImageObject\",\"inLanguage\":\"en-US\",\"@id\":\"https:\/\/shinyi.vn\/en\/san-pham\/van-mot-chieu-dong\/#primaryimage\",\"url\":\"https:\/\/shinyi.vn\/wp-content\/uploads\/2022\/11\/van-1-chieu-la-dong.png\",\"contentUrl\":\"https:\/\/shinyi.vn\/wp-content\/uploads\/2022\/11\/van-1-chieu-la-dong.png\",\"width\":597,\"height\":597},{\"@type\":\"BreadcrumbList\",\"@id\":\"https:\/\/shinyi.vn\/en\/san-pham\/van-mot-chieu-dong\/#breadcrumb\",\"itemListElement\":[{\"@type\":\"ListItem\",\"position\":1,\"name\":\"Trang ch\u1ee7\",\"item\":\"https:\/\/shinyi.vn\/en\/\"},{\"@type\":\"ListItem\",\"position\":2,\"name\":\"VAN M\u1ed8T CHI\u1ec0U \u0110\u1ed2NG L\u00c1 L\u1eacT\"}]},{\"@type\":\"WebSite\",\"@id\":\"https:\/\/shinyi.vn\/en\/#website\",\"url\":\"https:\/\/shinyi.vn\/en\/\",\"name\":\"Van ShinYi\",\"description\":\"\",\"publisher\":{\"@id\":\"https:\/\/shinyi.vn\/en\/#organization\"},\"potentialAction\":[{\"@type\":\"SearchAction\",\"target\":{\"@type\":\"EntryPoint\",\"urlTemplate\":\"https:\/\/shinyi.vn\/en\/?s={search_term_string}\"},\"query-input\":{\"@type\":\"PropertyValueSpecification\",\"valueRequired\":true,\"valueName\":\"search_term_string\"}}],\"inLanguage\":\"en-US\"},{\"@type\":\"Organization\",\"@id\":\"https:\/\/shinyi.vn\/en\/#organization\",\"name\":\"C\u00d4NG TY C\u1ed4 PH\u1ea6N VAN SHIN YI\",\"url\":\"https:\/\/shinyi.vn\/en\/\",\"logo\":{\"@type\":\"ImageObject\",\"inLanguage\":\"en-US\",\"@id\":\"https:\/\/shinyi.vn\/en\/#\/schema\/logo\/image\/\",\"url\":\"https:\/\/shinyi.vn\/wp-content\/uploads\/2023\/09\/logo-937x1024.png\",\"contentUrl\":\"https:\/\/shinyi.vn\/wp-content\/uploads\/2023\/09\/logo-937x1024.png\",\"width\":937,\"height\":1024,\"caption\":\"C\u00d4NG TY C\u1ed4 PH\u1ea6N VAN SHIN YI\"},\"image\":{\"@id\":\"https:\/\/shinyi.vn\/en\/#\/schema\/logo\/image\/\"},\"sameAs\":[\"https:\/\/www.facebook.com\/congtycophanvanshinyi\/\",\"https:\/\/www.tiktok.com\/@cng.ty.c.phn.van\",\"https:\/\/www.youtube.com\/channel\/UCU6CBGdNHg3aSh8zzJBzp-g\"]}]}<\/script>\n<!-- \/ Yoast SEO Premium plugin. -->","yoast_head_json":{"title":"VAN M\u1ed8T CHI\u1ec0U \u0110\u1ed2NG L\u00c1 L\u1eacT - SHIN YI VALVES CORPORRATION","description":"Van m\u1ed9t chi\u1ec1u \u0111\u1ed3ng l\u00e1 l\u1eadt l\u00e0 thi\u1ebft b\u1ecb d\u00f9ng \u0111\u1ec3 cho ph\u00e9p d\u00f2ng ch\u1ea3y \u0111i qua theo m\u1ed9t chi\u1ec1u duy nh\u1ea5t, ng\u0103n kh\u00f4ng cho d\u00f2ng n\u01b0\u1edbc, kh\u00ed, h\u01a1i,\u2026","robots":{"index":"index","follow":"follow","max-snippet":"max-snippet:-1","max-image-preview":"max-image-preview:large","max-video-preview":"max-video-preview:-1"},"canonical":"https:\/\/shinyi.vn\/en\/san-pham\/van-mot-chieu-dong\/","og_locale":"en_US","og_type":"article","og_title":"VAN M\u1ed8T CHI\u1ec0U \u0110\u1ed2NG L\u00c1 L\u1eacT","og_description":"Van m\u1ed9t chi\u1ec1u \u0111\u1ed3ng l\u00e1 l\u1eadt l\u00e0 thi\u1ebft b\u1ecb d\u00f9ng \u0111\u1ec3 cho ph\u00e9p d\u00f2ng ch\u1ea3y \u0111i qua theo m\u1ed9t chi\u1ec1u duy nh\u1ea5t, ng\u0103n kh\u00f4ng cho d\u00f2ng n\u01b0\u1edbc, kh\u00ed, h\u01a1i,\u2026","og_url":"https:\/\/shinyi.vn\/en\/san-pham\/van-mot-chieu-dong\/","og_site_name":"C\u00d4NG TY C\u1ed4 PH\u1ea6N VAN SHIN YI","article_publisher":"https:\/\/www.facebook.com\/congtycophanvanshinyi\/","article_modified_time":"2025-07-05T05:39:03+00:00","og_image":[{"width":597,"height":597,"url":"https:\/\/shinyi.vn\/wp-content\/uploads\/2022\/11\/van-1-chieu-la-dong.png","type":"image\/png"}],"twitter_card":"summary_large_image","twitter_misc":{"Est. reading time":"1 minute"},"schema":{"@context":"https:\/\/schema.org","@graph":[{"@type":"WebPage","@id":"https:\/\/shinyi.vn\/en\/san-pham\/van-mot-chieu-dong\/","url":"https:\/\/shinyi.vn\/en\/san-pham\/van-mot-chieu-dong\/","name":"VAN M\u1ed8T CHI\u1ec0U \u0110\u1ed2NG L\u00c1 L\u1eacT","isPartOf":{"@id":"https:\/\/shinyi.vn\/en\/#website"},"primaryImageOfPage":{"@id":"https:\/\/shinyi.vn\/en\/san-pham\/van-mot-chieu-dong\/#primaryimage"},"image":{"@id":"https:\/\/shinyi.vn\/en\/san-pham\/van-mot-chieu-dong\/#primaryimage"},"thumbnailUrl":"https:\/\/shinyi.vn\/wp-content\/uploads\/2022\/11\/van-1-chieu-la-dong.png","datePublished":"2022-11-06T09:10:15+00:00","dateModified":"2025-07-05T05:39:03+00:00","description":"Van m\u1ed9t chi\u1ec1u \u0111\u1ed3ng l\u00e1 l\u1eadt l\u00e0 thi\u1ebft b\u1ecb d\u00f9ng \u0111\u1ec3 cho ph\u00e9p d\u00f2ng ch\u1ea3y \u0111i qua theo m\u1ed9t chi\u1ec1u duy nh\u1ea5t, ng\u0103n kh\u00f4ng cho d\u00f2ng n\u01b0\u1edbc, kh\u00ed, h\u01a1i,\u2026","breadcrumb":{"@id":"https:\/\/shinyi.vn\/en\/san-pham\/van-mot-chieu-dong\/#breadcrumb"},"inLanguage":"en-US","potentialAction":[{"@type":"ReadAction","target":["https:\/\/shinyi.vn\/en\/san-pham\/van-mot-chieu-dong\/"]}]},{"@type":"ImageObject","inLanguage":"en-US","@id":"https:\/\/shinyi.vn\/en\/san-pham\/van-mot-chieu-dong\/#primaryimage","url":"https:\/\/shinyi.vn\/wp-content\/uploads\/2022\/11\/van-1-chieu-la-dong.png","contentUrl":"https:\/\/shinyi.vn\/wp-content\/uploads\/2022\/11\/van-1-chieu-la-dong.png","width":597,"height":597},{"@type":"BreadcrumbList","@id":"https:\/\/shinyi.vn\/en\/san-pham\/van-mot-chieu-dong\/#breadcrumb","itemListElement":[{"@type":"ListItem","position":1,"name":"Trang ch\u1ee7","item":"https:\/\/shinyi.vn\/en\/"},{"@type":"ListItem","position":2,"name":"VAN M\u1ed8T CHI\u1ec0U \u0110\u1ed2NG L\u00c1 L\u1eacT"}]},{"@type":"WebSite","@id":"https:\/\/shinyi.vn\/en\/#website","url":"https:\/\/shinyi.vn\/en\/","name":"Van ShinYi","description":"","publisher":{"@id":"https:\/\/shinyi.vn\/en\/#organization"},"potentialAction":[{"@type":"SearchAction","target":{"@type":"EntryPoint","urlTemplate":"https:\/\/shinyi.vn\/en\/?s={search_term_string}"},"query-input":{"@type":"PropertyValueSpecification","valueRequired":true,"valueName":"search_term_string"}}],"inLanguage":"en-US"},{"@type":"Organization","@id":"https:\/\/shinyi.vn\/en\/#organization","name":"C\u00d4NG TY C\u1ed4 PH\u1ea6N VAN SHIN YI","url":"https:\/\/shinyi.vn\/en\/","logo":{"@type":"ImageObject","inLanguage":"en-US","@id":"https:\/\/shinyi.vn\/en\/#\/schema\/logo\/image\/","url":"https:\/\/shinyi.vn\/wp-content\/uploads\/2023\/09\/logo-937x1024.png","contentUrl":"https:\/\/shinyi.vn\/wp-content\/uploads\/2023\/09\/logo-937x1024.png","width":937,"height":1024,"caption":"C\u00d4NG TY C\u1ed4 PH\u1ea6N VAN SHIN YI"},"image":{"@id":"https:\/\/shinyi.vn\/en\/#\/schema\/logo\/image\/"},"sameAs":["https:\/\/www.facebook.com\/congtycophanvanshinyi\/","https:\/\/www.tiktok.com\/@cng.ty.c.phn.van","https:\/\/www.youtube.com\/channel\/UCU6CBGdNHg3aSh8zzJBzp-g"]}]}},"_links":{"self":[{"href":"https:\/\/shinyi.vn\/en\/wp-json\/wp\/v2\/product\/609"}],"collection":[{"href":"https:\/\/shinyi.vn\/en\/wp-json\/wp\/v2\/product"}],"about":[{"href":"https:\/\/shinyi.vn\/en\/wp-json\/wp\/v2\/types\/product"}],"wp:featuredmedia":[{"embeddable":true,"href":"https:\/\/shinyi.vn\/en\/wp-json\/wp\/v2\/media\/1350"}],"wp:attachment":[{"href":"https:\/\/shinyi.vn\/en\/wp-json\/wp\/v2\/media?parent=609"}],"wp:term":[{"taxonomy":"product_category","embeddable":true,"href":"https:\/\/shinyi.vn\/en\/wp-json\/wp\/v2\/product_category?post=609"}],"curies":[{"name":"wp","href":"https:\/\/api.w.org\/{rel}","templated":true}]}}