{"id":553,"date":"2022-11-06T16:10:13","date_gmt":"2022-11-06T09:10:13","guid":{"rendered":"http:\/\/localhost\/shinyi.vn\/san-pham\/van-goc-pcc\/"},"modified":"2025-07-15T08:15:08","modified_gmt":"2025-07-15T01:15:08","slug":"van-goc-chua-chay","status":"publish","type":"product","link":"https:\/\/shinyi.vn\/zh-hans\/san-pham\/van-goc-chua-chay\/","title":{"rendered":"VAN G\u00d3C CH\u1eeeA CH\u00c1Y"},"excerpt":{"rendered":"","protected":false},"featured_media":1616,"template":"","meta":[],"product_category":[18],"acf":[],"yoast_head":"<!-- This site is optimized with the Yoast SEO Premium plugin v23.5 (Yoast SEO v23.5) - https:\/\/yoast.com\/wordpress\/plugins\/seo\/ -->\n<title>VAN G\u00d3C CH\u1eeeA CH\u00c1Y - SHIN YI VALVES CORPORRATION<\/title>\n<meta name=\"description\" content=\"Van g\u00f3c PCCC l\u00e0 m\u1ed9t lo\u1ea1i van c\u1ee9u h\u1ecfa chuy\u00ean d\u1ee5ng \u0111\u01b0\u1ee3c l\u1eafp \u0111\u1eb7t trong h\u1ed9p ch\u1eefa ch\u00e1y b\u00ean trong t\u00f2a nh\u00e0 hay hay nh\u00e0 x\u01b0\u1edfng c\u00f9ng v\u1edbi cu\u1ed9n v\u00f2i...\" \/>\n<meta name=\"robots\" content=\"index, follow, max-snippet:-1, max-image-preview:large, max-video-preview:-1\" \/>\n<link rel=\"canonical\" href=\"https:\/\/shinyi.vn\/zh-hans\/san-pham\/van-goc-chua-chay\/\" \/>\n<meta property=\"og:locale\" content=\"zh_CN\" \/>\n<meta property=\"og:type\" content=\"article\" \/>\n<meta property=\"og:title\" content=\"VAN G\u00d3C CH\u1eeeA CH\u00c1Y\" \/>\n<meta property=\"og:description\" content=\"Van g\u00f3c PCCC l\u00e0 m\u1ed9t lo\u1ea1i van c\u1ee9u h\u1ecfa chuy\u00ean d\u1ee5ng \u0111\u01b0\u1ee3c l\u1eafp \u0111\u1eb7t trong h\u1ed9p ch\u1eefa ch\u00e1y b\u00ean trong t\u00f2a nh\u00e0 hay hay nh\u00e0 x\u01b0\u1edfng c\u00f9ng v\u1edbi cu\u1ed9n v\u00f2i...\" \/>\n<meta property=\"og:url\" content=\"https:\/\/shinyi.vn\/zh-hans\/san-pham\/van-goc-chua-chay\/\" \/>\n<meta property=\"og:site_name\" content=\"C\u00d4NG TY C\u1ed4 PH\u1ea6N VAN SHIN YI\" \/>\n<meta property=\"article:publisher\" content=\"https:\/\/www.facebook.com\/congtycophanvanshinyi\/\" \/>\n<meta property=\"article:modified_time\" content=\"2025-07-15T01:15:08+00:00\" \/>\n<meta property=\"og:image\" content=\"https:\/\/shinyi.vn\/wp-content\/uploads\/2022\/11\/Van-goc-PCCC.png\" \/>\n\t<meta property=\"og:image:width\" content=\"1500\" \/>\n\t<meta property=\"og:image:height\" content=\"1595\" \/>\n\t<meta property=\"og:image:type\" content=\"image\/png\" \/>\n<meta name=\"twitter:card\" content=\"summary_large_image\" \/>\n<meta name=\"twitter:label1\" content=\"\u9884\u8ba1\u9605\u8bfb\u65f6\u95f4\" \/>\n\t<meta name=\"twitter:data1\" content=\"1\u5206\" \/>\n<script type=\"application\/ld+json\" class=\"yoast-schema-graph\">{\"@context\":\"https:\/\/schema.org\",\"@graph\":[{\"@type\":\"WebPage\",\"@id\":\"https:\/\/shinyi.vn\/zh-hans\/san-pham\/van-goc-chua-chay\/\",\"url\":\"https:\/\/shinyi.vn\/zh-hans\/san-pham\/van-goc-chua-chay\/\",\"name\":\"VAN G\u00d3C CH\u1eeeA CH\u00c1Y\",\"isPartOf\":{\"@id\":\"https:\/\/shinyi.vn\/zh-hans\/#website\"},\"primaryImageOfPage\":{\"@id\":\"https:\/\/shinyi.vn\/zh-hans\/san-pham\/van-goc-chua-chay\/#primaryimage\"},\"image\":{\"@id\":\"https:\/\/shinyi.vn\/zh-hans\/san-pham\/van-goc-chua-chay\/#primaryimage\"},\"thumbnailUrl\":\"https:\/\/shinyi.vn\/wp-content\/uploads\/2022\/11\/Van-goc-PCCC.png\",\"datePublished\":\"2022-11-06T09:10:13+00:00\",\"dateModified\":\"2025-07-15T01:15:08+00:00\",\"description\":\"Van g\u00f3c PCCC l\u00e0 m\u1ed9t lo\u1ea1i van c\u1ee9u h\u1ecfa chuy\u00ean d\u1ee5ng \u0111\u01b0\u1ee3c l\u1eafp \u0111\u1eb7t trong h\u1ed9p ch\u1eefa ch\u00e1y b\u00ean trong t\u00f2a nh\u00e0 hay hay nh\u00e0 x\u01b0\u1edfng c\u00f9ng v\u1edbi cu\u1ed9n v\u00f2i...\",\"breadcrumb\":{\"@id\":\"https:\/\/shinyi.vn\/zh-hans\/san-pham\/van-goc-chua-chay\/#breadcrumb\"},\"inLanguage\":\"zh-CN\",\"potentialAction\":[{\"@type\":\"ReadAction\",\"target\":[\"https:\/\/shinyi.vn\/zh-hans\/san-pham\/van-goc-chua-chay\/\"]}]},{\"@type\":\"ImageObject\",\"inLanguage\":\"zh-CN\",\"@id\":\"https:\/\/shinyi.vn\/zh-hans\/san-pham\/van-goc-chua-chay\/#primaryimage\",\"url\":\"https:\/\/shinyi.vn\/wp-content\/uploads\/2022\/11\/Van-goc-PCCC.png\",\"contentUrl\":\"https:\/\/shinyi.vn\/wp-content\/uploads\/2022\/11\/Van-goc-PCCC.png\",\"width\":1500,\"height\":1595},{\"@type\":\"BreadcrumbList\",\"@id\":\"https:\/\/shinyi.vn\/zh-hans\/san-pham\/van-goc-chua-chay\/#breadcrumb\",\"itemListElement\":[{\"@type\":\"ListItem\",\"position\":1,\"name\":\"Trang ch\u1ee7\",\"item\":\"https:\/\/shinyi.vn\/zh-hans\/\"},{\"@type\":\"ListItem\",\"position\":2,\"name\":\"VAN G\u00d3C CH\u1eeeA CH\u00c1Y\"}]},{\"@type\":\"WebSite\",\"@id\":\"https:\/\/shinyi.vn\/zh-hans\/#website\",\"url\":\"https:\/\/shinyi.vn\/zh-hans\/\",\"name\":\"Van ShinYi\",\"description\":\"\",\"publisher\":{\"@id\":\"https:\/\/shinyi.vn\/zh-hans\/#organization\"},\"potentialAction\":[{\"@type\":\"SearchAction\",\"target\":{\"@type\":\"EntryPoint\",\"urlTemplate\":\"https:\/\/shinyi.vn\/zh-hans\/?s={search_term_string}\"},\"query-input\":{\"@type\":\"PropertyValueSpecification\",\"valueRequired\":true,\"valueName\":\"search_term_string\"}}],\"inLanguage\":\"zh-CN\"},{\"@type\":\"Organization\",\"@id\":\"https:\/\/shinyi.vn\/zh-hans\/#organization\",\"name\":\"C\u00d4NG TY C\u1ed4 PH\u1ea6N VAN SHIN YI\",\"url\":\"https:\/\/shinyi.vn\/zh-hans\/\",\"logo\":{\"@type\":\"ImageObject\",\"inLanguage\":\"zh-CN\",\"@id\":\"https:\/\/shinyi.vn\/zh-hans\/#\/schema\/logo\/image\/\",\"url\":\"https:\/\/shinyi.vn\/wp-content\/uploads\/2023\/09\/logo-937x1024.png\",\"contentUrl\":\"https:\/\/shinyi.vn\/wp-content\/uploads\/2023\/09\/logo-937x1024.png\",\"width\":937,\"height\":1024,\"caption\":\"C\u00d4NG TY C\u1ed4 PH\u1ea6N VAN SHIN YI\"},\"image\":{\"@id\":\"https:\/\/shinyi.vn\/zh-hans\/#\/schema\/logo\/image\/\"},\"sameAs\":[\"https:\/\/www.facebook.com\/congtycophanvanshinyi\/\",\"https:\/\/www.tiktok.com\/@cng.ty.c.phn.van\",\"https:\/\/www.youtube.com\/channel\/UCU6CBGdNHg3aSh8zzJBzp-g\"]}]}<\/script>\n<!-- \/ Yoast SEO Premium plugin. -->","yoast_head_json":{"title":"VAN G\u00d3C CH\u1eeeA CH\u00c1Y - SHIN YI VALVES CORPORRATION","description":"Van g\u00f3c PCCC l\u00e0 m\u1ed9t lo\u1ea1i van c\u1ee9u h\u1ecfa chuy\u00ean d\u1ee5ng \u0111\u01b0\u1ee3c l\u1eafp \u0111\u1eb7t trong h\u1ed9p ch\u1eefa ch\u00e1y b\u00ean trong t\u00f2a nh\u00e0 hay hay nh\u00e0 x\u01b0\u1edfng c\u00f9ng v\u1edbi cu\u1ed9n v\u00f2i...","robots":{"index":"index","follow":"follow","max-snippet":"max-snippet:-1","max-image-preview":"max-image-preview:large","max-video-preview":"max-video-preview:-1"},"canonical":"https:\/\/shinyi.vn\/zh-hans\/san-pham\/van-goc-chua-chay\/","og_locale":"zh_CN","og_type":"article","og_title":"VAN G\u00d3C CH\u1eeeA CH\u00c1Y","og_description":"Van g\u00f3c PCCC l\u00e0 m\u1ed9t lo\u1ea1i van c\u1ee9u h\u1ecfa chuy\u00ean d\u1ee5ng \u0111\u01b0\u1ee3c l\u1eafp \u0111\u1eb7t trong h\u1ed9p ch\u1eefa ch\u00e1y b\u00ean trong t\u00f2a nh\u00e0 hay hay nh\u00e0 x\u01b0\u1edfng c\u00f9ng v\u1edbi cu\u1ed9n v\u00f2i...","og_url":"https:\/\/shinyi.vn\/zh-hans\/san-pham\/van-goc-chua-chay\/","og_site_name":"C\u00d4NG TY C\u1ed4 PH\u1ea6N VAN SHIN YI","article_publisher":"https:\/\/www.facebook.com\/congtycophanvanshinyi\/","article_modified_time":"2025-07-15T01:15:08+00:00","og_image":[{"width":1500,"height":1595,"url":"https:\/\/shinyi.vn\/wp-content\/uploads\/2022\/11\/Van-goc-PCCC.png","type":"image\/png"}],"twitter_card":"summary_large_image","twitter_misc":{"\u9884\u8ba1\u9605\u8bfb\u65f6\u95f4":"1\u5206"},"schema":{"@context":"https:\/\/schema.org","@graph":[{"@type":"WebPage","@id":"https:\/\/shinyi.vn\/zh-hans\/san-pham\/van-goc-chua-chay\/","url":"https:\/\/shinyi.vn\/zh-hans\/san-pham\/van-goc-chua-chay\/","name":"VAN G\u00d3C CH\u1eeeA CH\u00c1Y","isPartOf":{"@id":"https:\/\/shinyi.vn\/zh-hans\/#website"},"primaryImageOfPage":{"@id":"https:\/\/shinyi.vn\/zh-hans\/san-pham\/van-goc-chua-chay\/#primaryimage"},"image":{"@id":"https:\/\/shinyi.vn\/zh-hans\/san-pham\/van-goc-chua-chay\/#primaryimage"},"thumbnailUrl":"https:\/\/shinyi.vn\/wp-content\/uploads\/2022\/11\/Van-goc-PCCC.png","datePublished":"2022-11-06T09:10:13+00:00","dateModified":"2025-07-15T01:15:08+00:00","description":"Van g\u00f3c PCCC l\u00e0 m\u1ed9t lo\u1ea1i van c\u1ee9u h\u1ecfa chuy\u00ean d\u1ee5ng \u0111\u01b0\u1ee3c l\u1eafp \u0111\u1eb7t trong h\u1ed9p ch\u1eefa ch\u00e1y b\u00ean trong t\u00f2a nh\u00e0 hay hay nh\u00e0 x\u01b0\u1edfng c\u00f9ng v\u1edbi cu\u1ed9n v\u00f2i...","breadcrumb":{"@id":"https:\/\/shinyi.vn\/zh-hans\/san-pham\/van-goc-chua-chay\/#breadcrumb"},"inLanguage":"zh-CN","potentialAction":[{"@type":"ReadAction","target":["https:\/\/shinyi.vn\/zh-hans\/san-pham\/van-goc-chua-chay\/"]}]},{"@type":"ImageObject","inLanguage":"zh-CN","@id":"https:\/\/shinyi.vn\/zh-hans\/san-pham\/van-goc-chua-chay\/#primaryimage","url":"https:\/\/shinyi.vn\/wp-content\/uploads\/2022\/11\/Van-goc-PCCC.png","contentUrl":"https:\/\/shinyi.vn\/wp-content\/uploads\/2022\/11\/Van-goc-PCCC.png","width":1500,"height":1595},{"@type":"BreadcrumbList","@id":"https:\/\/shinyi.vn\/zh-hans\/san-pham\/van-goc-chua-chay\/#breadcrumb","itemListElement":[{"@type":"ListItem","position":1,"name":"Trang ch\u1ee7","item":"https:\/\/shinyi.vn\/zh-hans\/"},{"@type":"ListItem","position":2,"name":"VAN G\u00d3C CH\u1eeeA CH\u00c1Y"}]},{"@type":"WebSite","@id":"https:\/\/shinyi.vn\/zh-hans\/#website","url":"https:\/\/shinyi.vn\/zh-hans\/","name":"Van ShinYi","description":"","publisher":{"@id":"https:\/\/shinyi.vn\/zh-hans\/#organization"},"potentialAction":[{"@type":"SearchAction","target":{"@type":"EntryPoint","urlTemplate":"https:\/\/shinyi.vn\/zh-hans\/?s={search_term_string}"},"query-input":{"@type":"PropertyValueSpecification","valueRequired":true,"valueName":"search_term_string"}}],"inLanguage":"zh-CN"},{"@type":"Organization","@id":"https:\/\/shinyi.vn\/zh-hans\/#organization","name":"C\u00d4NG TY C\u1ed4 PH\u1ea6N VAN SHIN YI","url":"https:\/\/shinyi.vn\/zh-hans\/","logo":{"@type":"ImageObject","inLanguage":"zh-CN","@id":"https:\/\/shinyi.vn\/zh-hans\/#\/schema\/logo\/image\/","url":"https:\/\/shinyi.vn\/wp-content\/uploads\/2023\/09\/logo-937x1024.png","contentUrl":"https:\/\/shinyi.vn\/wp-content\/uploads\/2023\/09\/logo-937x1024.png","width":937,"height":1024,"caption":"C\u00d4NG TY C\u1ed4 PH\u1ea6N VAN SHIN YI"},"image":{"@id":"https:\/\/shinyi.vn\/zh-hans\/#\/schema\/logo\/image\/"},"sameAs":["https:\/\/www.facebook.com\/congtycophanvanshinyi\/","https:\/\/www.tiktok.com\/@cng.ty.c.phn.van","https:\/\/www.youtube.com\/channel\/UCU6CBGdNHg3aSh8zzJBzp-g"]}]}},"_links":{"self":[{"href":"https:\/\/shinyi.vn\/zh-hans\/wp-json\/wp\/v2\/product\/553"}],"collection":[{"href":"https:\/\/shinyi.vn\/zh-hans\/wp-json\/wp\/v2\/product"}],"about":[{"href":"https:\/\/shinyi.vn\/zh-hans\/wp-json\/wp\/v2\/types\/product"}],"wp:featuredmedia":[{"embeddable":true,"href":"https:\/\/shinyi.vn\/zh-hans\/wp-json\/wp\/v2\/media\/1616"}],"wp:attachment":[{"href":"https:\/\/shinyi.vn\/zh-hans\/wp-json\/wp\/v2\/media?parent=553"}],"wp:term":[{"taxonomy":"product_category","embeddable":true,"href":"https:\/\/shinyi.vn\/zh-hans\/wp-json\/wp\/v2\/product_category?post=553"}],"curies":[{"name":"wp","href":"https:\/\/api.w.org\/{rel}","templated":true}]}}